{"id":28278,"date":"2023-02-14T13:50:56","date_gmt":"2026-01-06T12:23:10","guid":{"rendered":"https:\/\/www.grillsymbol.com\/shop\/uncategorized\/grillsymbol-burger-press-e-plancha-inox\/"},"modified":"2026-01-06T12:23:10","modified_gmt":"2026-01-06T12:23:10","slug":"grillymbol-burger-press-and-plancha-set-inox","status":"publish","type":"product","link":"https:\/\/www.grillsymbol.com\/it\/shop\/accessori-per-barbecue\/grillymbol-burger-press-and-plancha-set-inox\/","title":{"rendered":"GrillSymbol Burger Press e plancha Inox"},"content":{"rendered":"<p><strong><u>Plancha:<\/u><\/strong><\/p>\n<ul>\n<li>Realizzato in acciaio inox da 5 mm (AISI 304)<\/li>\n<li>Dimensioni: 28 x 34 cm<\/li>\n<li>Altezza dei bordi posteriori e laterali 3 cm<\/li>\n<li>L&#8217;altezza del primo cerchio \u00e8 di 1,5 cm (piegato e liscio).<\/li>\n<li>Maniglie robuste, facili e comode da sollevare e pulire<\/li>\n<li>Peso 4,6 kg<\/li>\n<\/ul>\n<p>&nbsp;<\/p>\n<p><strong><u>Pressa per hamburger:<\/u><\/strong><\/p>\n<ul>\n<li>Materiale: acciaio inox<\/li>\n<li>Diametro: 14 cm<\/li>\n<li>Peso: 0,4 kg<\/li>\n<\/ul>\n<p>&nbsp;<\/p>\n<p>&nbsp;<\/p>\n<p>&nbsp;<\/p>\n<p>Prima dell&#8217;uso, la superficie della plancha ha un colore argenteo dell&#8217;acciaio inossidabile. Su un fuoco aperto, a temperature superiori a 450\u00b0C, la superficie dell&#8217;acciaio inossidabile si scurisce. Quando \u00e8 nuova, negli angoli della piastra sono visibili dei segni di saldatura, che diventano meno evidenti durante l&#8217;utilizzo.  <\/p>\n<p>La plancha in acciaio inossidabile pu\u00f2 essere lavata in lavastoviglie.<\/p>\n<p>&nbsp;<\/p>\n<p>Leggi qui le informazioni sulla manutenzione:<\/p>\n<blockquote class=\"wp-embedded-content\" data-secret=\"22at856azY\"><p><a href=\"https:\/\/www.grillsymbol.com\/instructions\/instruction-manual-for-pans\/\">Instruction manual for Pans<\/a><\/p><\/blockquote>\n<p><iframe loading=\"lazy\" class=\"wp-embedded-content\" sandbox=\"allow-scripts\" security=\"restricted\" style=\"position: absolute; visibility: hidden;\" title=\"&#8220;Instruction manual for Pans&#8221; &#8212; GrillSymbol\" src=\"https:\/\/www.grillsymbol.com\/instructions\/instruction-manual-for-pans\/embed\/#?secret=J44lNVBHHo#?secret=22at856azY\" data-secret=\"22at856azY\" width=\"600\" height=\"338\" frameborder=\"0\" marginwidth=\"0\" marginheight=\"0\" scrolling=\"no\"><\/iframe><\/p>\n<p>&nbsp;<\/p>\n<p>&nbsp;<\/p>\n","protected":false},"excerpt":{"rendered":"<p><strong>Il set comprende una plancha in acciaio inox 28 x 34 cm e una pressa per hamburger in acciaio inox con un diametro di 14 cm.  <\/strong><\/p>\n<p>Plancha con un fondo spesso in acciaio inossidabile che pu\u00f2 cuocere contemporaneamente 4 grandi hamburger fino a 14 cm di diametro o una variet\u00e0 di piatti alla griglia, pancetta, uova, pancake! Puoi anche cuocere bistecche o frutti di mare: la plancha \u00e8 perfetta per questo. Adatta per essere utilizzata su griglie a carbonella e a gas, bruciatori a gas e diversi tipi di fornelli.   NB! Non \u00e8 adatto all&#8217;uso su un fornello a induzione.<\/p>\n<p>Plancha \u00e8 compatibile con i seguenti grill GrillSymbol: Chef, Chef-XL, Chef-NXS, Naked Chef e Naked Chef XL. Si adatta ai modelli pi\u00f9 grandi (dimensioni L e XL) di griglie in ceramica (Big Green Egg, Kamado Joe, ecc.) <\/p>\n<p>&nbsp;<\/p>\n<p>Con una pressa per hamburger, puoi preparare hamburger fatti in casa o la migliore bistecca di manzo e grigliarli sulla plancha calda! Un robusto e pratico pressa hamburger ti permette di premere l&#8217;hamburger o la bistecca contro la superficie di cottura calda per aiutare la carne a cuocere in modo uniforme. <\/p>\n","protected":false},"featured_media":28279,"comment_status":"open","ping_status":"closed","template":"","meta":{"footnotes":""},"class_list":["post-28278","product","type-product","status-publish","has-post-thumbnail","hentry","product_cat-set-di-bruciatori-wok","product_cat-accessori-per-barbecue"],"_links":{"self":[{"href":"https:\/\/www.grillsymbol.com\/it\/wp-json\/wp\/v2\/product\/28278","targetHints":{"allow":["GET"]}}],"collection":[{"href":"https:\/\/www.grillsymbol.com\/it\/wp-json\/wp\/v2\/product"}],"about":[{"href":"https:\/\/www.grillsymbol.com\/it\/wp-json\/wp\/v2\/types\/product"}],"replies":[{"embeddable":true,"href":"https:\/\/www.grillsymbol.com\/it\/wp-json\/wp\/v2\/comments?post=28278"}],"version-history":[{"count":0,"href":"https:\/\/www.grillsymbol.com\/it\/wp-json\/wp\/v2\/product\/28278\/revisions"}],"wp:featuredmedia":[{"embeddable":true,"href":"https:\/\/www.grillsymbol.com\/it\/wp-json\/wp\/v2\/media\/28279"}],"wp:attachment":[{"href":"https:\/\/www.grillsymbol.com\/it\/wp-json\/wp\/v2\/media?parent=28278"}],"curies":[{"name":"wp","href":"https:\/\/api.w.org\/{rel}","templated":true}]}}