{"id":28312,"date":"2023-02-13T12:58:18","date_gmt":"2026-01-06T12:26:42","guid":{"rendered":"https:\/\/www.grillsymbol.com\/shop\/uncategorized\/grillsymbol-plancha-inox-28-x-34-cm\/"},"modified":"2026-01-06T12:26:42","modified_gmt":"2026-01-06T12:26:42","slug":"griglie-simbolo-plancha-inox-28-x-34-cm","status":"publish","type":"product","link":"https:\/\/www.grillsymbol.com\/it\/shop\/accessori-per-barbecue\/griglie-simbolo-plancha-inox-28-x-34-cm\/","title":{"rendered":"GrillSymbol Plancha Inox 28 x 34 cm"},"content":{"rendered":"<ul>\n<li>Realizzato in acciaio inox da 5 mm (AISI 304)<\/li>\n<li>Dimensioni: 28 x 34 cm<\/li>\n<li>Altezza dei bordi posteriori e laterali 3 cm<\/li>\n<li>L&#8217;altezza del primo cerchio \u00e8 di 1,5 cm (piegato e liscio).<\/li>\n<li>Maniglie robuste, facili e comode da sollevare e pulire<\/li>\n<li>Peso 4,6 kg<\/li>\n<\/ul>\n<p>&nbsp;<\/p>\n<p>&nbsp;<\/p>\n<p>&nbsp;<\/p>\n<p>Prima dell&#8217;uso, la superficie della plancha ha un colore argenteo dell&#8217;acciaio inossidabile. Su un fuoco aperto, a temperature superiori a 450\u00b0C, la superficie dell&#8217;acciaio inossidabile si scurisce. Quando \u00e8 nuova, negli angoli della piastra sono visibili dei segni di saldatura, che diventano meno evidenti durante l&#8217;utilizzo.  <\/p>\n<p>La plancha in acciaio inossidabile pu\u00f2 essere lavata in lavastoviglie.<\/p>\n<p>&nbsp;<\/p>\n<p>Come fare la manutenzione della plancha in acciaio inox? Leggi qui il capitolo &#8220;Manutenzione&#8221;: <\/p>\n<p>&nbsp;<\/p>\n<h5><a href=\"https:\/\/www.grillsymbol.com\/instructions\/instruction-manual-for-pans\/\" target=\"_blank\" rel=\"noopener\">Manuale di istruzioni per le pentole<\/a><\/h5>\n","protected":false},"excerpt":{"rendered":"<p>Plancha con un fondo spesso in acciaio inossidabile che pu\u00f2 cuocere contemporaneamente 4 grandi hamburger fino a 14 cm di diametro o una variet\u00e0 di piatti alla griglia, pancetta, uova, pancake! Puoi anche cuocere bistecche o frutti di mare: la plancha \u00e8 perfetta per questo. Adatta per essere utilizzata su griglie a carbonella e a gas, bruciatori a gas e diversi tipi di fornelli.   NB! Non \u00e8 adatto all&#8217;uso su un fornello a induzione.<\/p>\n<p>&nbsp;<\/p>\n<p>Adatto ai seguenti grill GrillSymbol: Chef, Chef-XL, Chef-NXS, Naked Chef e Naked Chef XL. E anche Amigo. <\/p>\n<p>Si adatta ai modelli pi\u00f9 grandi (misure L e XL) di griglie in ceramica (Big Green Egg, Kamado Joe, ecc.)<\/p>\n","protected":false},"featured_media":28313,"comment_status":"open","ping_status":"closed","template":"","meta":{"footnotes":""},"class_list":["post-28312","product","type-product","status-publish","has-post-thumbnail","hentry","product_cat-set-di-bruciatori-wok","product_cat-accessori-per-barbecue"],"_links":{"self":[{"href":"https:\/\/www.grillsymbol.com\/it\/wp-json\/wp\/v2\/product\/28312","targetHints":{"allow":["GET"]}}],"collection":[{"href":"https:\/\/www.grillsymbol.com\/it\/wp-json\/wp\/v2\/product"}],"about":[{"href":"https:\/\/www.grillsymbol.com\/it\/wp-json\/wp\/v2\/types\/product"}],"replies":[{"embeddable":true,"href":"https:\/\/www.grillsymbol.com\/it\/wp-json\/wp\/v2\/comments?post=28312"}],"version-history":[{"count":0,"href":"https:\/\/www.grillsymbol.com\/it\/wp-json\/wp\/v2\/product\/28312\/revisions"}],"wp:featuredmedia":[{"embeddable":true,"href":"https:\/\/www.grillsymbol.com\/it\/wp-json\/wp\/v2\/media\/28313"}],"wp:attachment":[{"href":"https:\/\/www.grillsymbol.com\/it\/wp-json\/wp\/v2\/media?parent=28312"}],"curies":[{"name":"wp","href":"https:\/\/api.w.org\/{rel}","templated":true}]}}