{"id":28335,"date":"2023-02-13T10:03:44","date_gmt":"2026-01-06T12:27:30","guid":{"rendered":"https:\/\/www.grillsymbol.com\/shop\/uncategorized\/grillsymbol-plancha-28-x-34-cm\/"},"modified":"2026-01-06T12:27:30","modified_gmt":"2026-01-06T12:27:30","slug":"griglie-simbolo-plancha","status":"publish","type":"product","link":"https:\/\/www.grillsymbol.com\/it\/shop\/accessori-per-barbecue\/griglie-simbolo-plancha\/","title":{"rendered":"GrillSymbol Plancha 28 x 34 cm"},"content":{"rendered":"<ul>\n<li>Realizzato in acciaio laminato a caldo da 5 mm di alta qualit\u00e0<\/li>\n<li>Dimensioni: 28 x 34 cm<\/li>\n<li>Altezza dei bordi posteriori e laterali 3 cm<\/li>\n<li>L&#8217;altezza del primo cerchio \u00e8 di 1,5 cm (piegato e liscio).<\/li>\n<li>Maniglie robuste, facili e comode da sollevare e pulire<\/li>\n<li>Peso 4,6 kg<\/li>\n<\/ul>\n<p>&nbsp;<\/p>\n<p>Prima dell&#8217;uso, il metallo plancha \u00e8 di colore argento; quando viene bruciato o utilizzato, la superficie cambia da argento a scura e forma uno strato protettivo sulla superficie. Quando \u00e8 nuova, negli angoli si possono notare dei segni di saldatura, che diventano impercettibili quando si forma lo strato scuro. Non \u00e8 consigliabile lavare la plancha in acciaio in lavastoviglie. In lavastoviglie, il rivestimento protettivo bruciato si stacca e il processo di bruciatura deve essere rifatto.   <\/p>\n<p>&nbsp;<\/p>\n<p>Come lavorare e mantenere la plancha in acciaio? Per saperne di pi\u00f9, leggi i capitoli delle istruzioni per l&#8217;uso delle pentole: &#8220;Messa in funzione iniziale&#8221; e &#8220;Manutenzione&#8221;. <\/p>\n<p>&nbsp;<\/p>\n<blockquote class=\"wp-embedded-content\" data-secret=\"S3mx9K9foR\"><p><a href=\"https:\/\/www.grillsymbol.com\/instructions\/instruction-manual-for-pans\/\">Instruction manual for Pans<\/a><\/p><\/blockquote>\n<p><iframe loading=\"lazy\" class=\"wp-embedded-content\" sandbox=\"allow-scripts\" security=\"restricted\" style=\"position: absolute; visibility: hidden;\" title=\"&#8220;Instruction manual for Pans&#8221; &#8212; GrillSymbol\" src=\"https:\/\/www.grillsymbol.com\/instructions\/instruction-manual-for-pans\/embed\/#?secret=alWwjxo6Is#?secret=S3mx9K9foR\" data-secret=\"S3mx9K9foR\" width=\"600\" height=\"338\" frameborder=\"0\" marginwidth=\"0\" marginheight=\"0\" scrolling=\"no\"><\/iframe><\/p>\n","protected":false},"excerpt":{"rendered":"<p>Plancha in acciaio che pu\u00f2 cuocere 4 grandi hamburger fino a 14 cm di diametro alla volta. Oltre a una variet\u00e0 di piatti alla griglia, uova e pancetta, pancake, bistecche, verdure e frutti di mare: la plancha \u00e8 perfetta per questo. Adatta per essere utilizzata su griglie a carbonella e a gas, fornelli a gas e stufe (anche a induzione).   NB! Non utilizzare la potenza massima del fornello a induzione!<\/p>\n<p>Adatto ai seguenti grill GrillSymbol: Chef, Chef-XL, Chef-NXS, Naked Chef e Naked Chef XL<\/p>\n<p>Si adatta ai modelli pi\u00f9 grandi (misure L e XL) di griglie in ceramica (Big Green Egg, Kamado Joe, ecc.)<\/p>\n","protected":false},"featured_media":28313,"comment_status":"open","ping_status":"closed","template":"","meta":{"footnotes":""},"class_list":["post-28335","product","type-product","status-publish","has-post-thumbnail","hentry","product_cat-set-di-bruciatori-wok","product_cat-accessori-per-barbecue","product_cat-grill-it"],"_links":{"self":[{"href":"https:\/\/www.grillsymbol.com\/it\/wp-json\/wp\/v2\/product\/28335","targetHints":{"allow":["GET"]}}],"collection":[{"href":"https:\/\/www.grillsymbol.com\/it\/wp-json\/wp\/v2\/product"}],"about":[{"href":"https:\/\/www.grillsymbol.com\/it\/wp-json\/wp\/v2\/types\/product"}],"replies":[{"embeddable":true,"href":"https:\/\/www.grillsymbol.com\/it\/wp-json\/wp\/v2\/comments?post=28335"}],"version-history":[{"count":0,"href":"https:\/\/www.grillsymbol.com\/it\/wp-json\/wp\/v2\/product\/28335\/revisions"}],"wp:featuredmedia":[{"embeddable":true,"href":"https:\/\/www.grillsymbol.com\/it\/wp-json\/wp\/v2\/media\/28313"}],"wp:attachment":[{"href":"https:\/\/www.grillsymbol.com\/it\/wp-json\/wp\/v2\/media?parent=28335"}],"curies":[{"name":"wp","href":"https:\/\/api.w.org\/{rel}","templated":true}]}}