{"id":28338,"date":"2025-01-13T10:59:26","date_gmt":"2026-01-06T12:55:57","guid":{"rendered":"https:\/\/www.grillsymbol.com\/shop\/uncategorized\/grillsymbol-grill-a-carbonella-naked-chef-silver\/"},"modified":"2026-02-18T13:34:40","modified_gmt":"2026-02-18T13:34:40","slug":"grillsymbol-charcoal-grill-naked-chef-silver-2","status":"publish","type":"product","link":"https:\/\/www.grillsymbol.com\/it\/shop\/affumicatori-per-barbecue-e-griglie-a-carbone\/grillsymbol-charcoal-grill-naked-chef-silver-2\/","title":{"rendered":"GrillSymbol Grill a carbonella Naked Chef Silver"},"content":{"rendered":"<p>&nbsp;<\/p>\n<ul>\n<li>Materiale: Acciaio inossidabile da 3 mm<\/li>\n<li>Misure: 86 x 35 x 80 cm (larghezza* profondit\u00e0* altezza)<\/li>\n<li>Peso: 25 kg<\/li>\n<li>Area di cottura: 85 x 34 cm<\/li>\n<li>Griglia in acciaio inox 40 x 33 cm<\/li>\n<li>Per le grigliate, usa carbonella, bricchette o brucia tu stesso la carbonella.<\/li>\n<li>Sui lati della griglia sono presenti dei fori di ventilazione che garantiscono un buon ricambio d&#8217;aria.<\/li>\n<li>Consegnato come parti, tempo di montaggio approssimativo 30 min.<\/li>\n<\/ul>\n<p>&nbsp;<\/p>\n<p>Attrezzatura aggiuntiva:<\/p>\n<ul>\n<li>Griglia per barbecue (acciaio): ZZG<\/li>\n<li>Griglia BBQ Classic (acciaio inox): CG-1<\/li>\n<li>Griglia Flat Top (acciaio): FTG<\/li>\n<li>Set di padelle Wok: WPS<\/li>\n<li>Set di presse per hamburger Plancha (acciaio): BPS<\/li>\n<li>Set di presse per hamburger Plancha (acciaio inox): BPSI<\/li>\n<li>Padella in ghisa: FP-16<\/li>\n<li>Set di spiedini: SKEW-47<\/li>\n<\/ul>\n<p>&nbsp;<\/p>\n<p><strong>NB!<\/strong> Il prodotto non deve essere installato su una base di legno, in quanto la griglia presenta delle piccole aperture da cui potrebbe fuoriuscire una piccola quantit\u00e0 di cenere o scintille.<\/p>\n<p><strong>NB!<\/strong> Quando viene grigliato ed esposto al calore, il corpo in acciaio inox del barbecue a volte diventa viola. Tieni presente che l&#8217;esterno del barbecue cambier\u00e0 colore nel tempo.<\/p>\n<p>&nbsp;<\/p>\n","protected":false},"excerpt":{"rendered":"<p>La griglia a carbone <strong>Naked Chef<\/strong> \u00e8 una griglia per barbecue e salsicce di prima classe, realizzata con materiali di alta qualit\u00e0 e di lunga durata. Nel 2024 abbiamo lanciato un nuovo modello pi\u00f9 funzionale del precedente. <\/p>\n<p>Abbiamo utilizzato il materiale come ai vecchi tempi e non abbiamo risparmiato! La griglia \u00e8 realizzata in acciaio inox da 3 mm, che mantiene stabile la temperatura durante la cottura. Le gambe della griglia e i dettagli pi\u00f9 piccoli sono stati progettati in modo da poter essere prodotti con i residui di produzione di altri prodotti. Vogliamo utilizzare il materiale nel modo pi\u00f9 efficiente possibile e ridurre cos\u00ec l&#8217;impatto ambientale.   <\/p>\n<p>Offriamo una vasta gamma di accessori per la griglia a carbone Chef-N Silver.<\/p>\n<p>&nbsp;<\/p>\n","protected":false},"featured_media":35311,"comment_status":"open","ping_status":"closed","template":"","meta":{"footnotes":""},"class_list":["post-28338","product","type-product","status-publish","has-post-thumbnail","hentry","product_cat-affumicatori-per-barbecue-e-griglie-a-carbone"],"_links":{"self":[{"href":"https:\/\/www.grillsymbol.com\/it\/wp-json\/wp\/v2\/product\/28338","targetHints":{"allow":["GET"]}}],"collection":[{"href":"https:\/\/www.grillsymbol.com\/it\/wp-json\/wp\/v2\/product"}],"about":[{"href":"https:\/\/www.grillsymbol.com\/it\/wp-json\/wp\/v2\/types\/product"}],"replies":[{"embeddable":true,"href":"https:\/\/www.grillsymbol.com\/it\/wp-json\/wp\/v2\/comments?post=28338"}],"version-history":[{"count":1,"href":"https:\/\/www.grillsymbol.com\/it\/wp-json\/wp\/v2\/product\/28338\/revisions"}],"predecessor-version":[{"id":35226,"href":"https:\/\/www.grillsymbol.com\/it\/wp-json\/wp\/v2\/product\/28338\/revisions\/35226"}],"wp:featuredmedia":[{"embeddable":true,"href":"https:\/\/www.grillsymbol.com\/it\/wp-json\/wp\/v2\/media\/35311"}],"wp:attachment":[{"href":"https:\/\/www.grillsymbol.com\/it\/wp-json\/wp\/v2\/media?parent=28338"}],"curies":[{"name":"wp","href":"https:\/\/api.w.org\/{rel}","templated":true}]}}