{"id":28340,"date":"2025-01-13T10:02:39","date_gmt":"2026-01-06T12:57:32","guid":{"rendered":"https:\/\/www.grillsymbol.com\/shop\/uncategorized\/grillsymbol-charcoal-grill-chef-argento\/"},"modified":"2026-04-05T12:57:11","modified_gmt":"2026-04-05T12:57:11","slug":"grillsymbol-charcoal-grill-chef-silver-2","status":"publish","type":"product","link":"https:\/\/www.grillsymbol.com\/it\/shop\/affumicatori-per-barbecue-e-griglie-a-carbone\/grillsymbol-charcoal-grill-chef-silver-2\/","title":{"rendered":"GrillSymbol Charcoal Grill Chef Argento"},"content":{"rendered":"<p>&nbsp;<\/p>\n<ul>\n<li>Misure: 128 x 35 x 95 cm (larghezza* profondit\u00e0* altezza)<\/li>\n<li>Materiale: acciaio inox<\/li>\n<li>Peso: 46 kg<\/li>\n<li>Area di cottura: 85 x 34 cm, 1 griglia di cottura inclusa nel set<\/li>\n<li><span class=\"VIiyi\" lang=\"en\"><span class=\"JLqJ4b ChMk0b\" data-language-for-alternatives=\"en\" data-language-to-translate-into=\"sv\" data-phrase-index=\"0\" data-number-of-phrases=\"1\"><span class=\"Q4iAWc\">Altezza: dal fondo alla superficie della griglia 80 cm, dal fondo al coperchio 95 cm<\/span><\/span><\/span><\/li>\n<li>Le dimensioni della griglia di cottura sono 50 x 33 cm (a scelta tra le griglie: ZZG, CG-1, VG, MG o FTG &#8211; <strong>quando effettui l&#8217;ordine, scrivi la tua preferenza nella casella delle informazioni aggiuntive<\/strong>)<\/li>\n<li>Capacit\u00e0 della griglia: 1,5-2,5 kg di carne o salsicce<\/li>\n<li>Per le grigliate, usa carbonella, bricchette o brucia tu stesso la carbonella.<\/li>\n<li>Per la carbonella, la griglia dispone di 2 vaschette in acciaio inox, facili da svuotare.<\/li>\n<li>Sui lati della griglia sono presenti dei fori di ventilazione che garantiscono un buon ricambio d&#8217;aria.<\/li>\n<li>Ci sono delle tacche nell&#8217;involucro della griglia, che possono essere utilizzate per fissare la posizione degli spiedini.<\/li>\n<li>Sul coperchio \u00e8 presente una valvola di ventilazione che pu\u00f2 essere utilizzata per regolare la ventilazione.<\/li>\n<li>La griglia \u00e8 dotata di un termometro esterno con scala da 0 a 300 \u00b0C.<\/li>\n<li>Consegnato come parti, tempo di montaggio approssimativo 30 min.<\/li>\n<\/ul>\n<p>&nbsp;<\/p>\n<p><strong>NB! Informazioni importanti:<\/strong><\/p>\n<ul>\n<li>Sebbene in caso di forti piogge possa penetrare un po&#8217; d&#8217;acqua all&#8217;interno del barbecue portatile a carbonella dalla microfessura tra il coperchio e l&#8217;involucro del barbecue portatile a carbonella, non succede nulla: l&#8217;acqua in eccesso fuoriesce dal foro di ventilazione sul fondo e non danneggia il materiale, poich\u00e9 l&#8217;acciaio inossidabile \u00e8 un materiale durevole.<\/li>\n<li>Il prodotto non deve essere installato su una base di legno, in quanto la griglia presenta delle piccole aperture da cui potrebbe fuoriuscire una piccola quantit\u00e0 di cenere o scintille.<\/li>\n<\/ul>\n<p>&nbsp;<\/p>\n","protected":false},"excerpt":{"rendered":"<p>Le <strong>griglie a carbone Chef<\/strong> rappresentano una combinazione di classici e materiali contemporanei. Forma familiare e classica, dettagli pratici e materiali moderni.   <strong>Nel 2024 abbiamo lanciato un nuovo modello pi\u00f9 funzionale del precedente e con una capacit\u00e0 superiore del 20%.<\/strong>  Grazie all&#8217;area di cottura pi\u00f9 ampia, il grill pu\u00f2 essere utilizzato contemporaneamente con una griglia e una padella WOK o una plancha.<\/p>\n<p>I materiali sono stati utilizzati come ai vecchi tempi e non si \u00e8 badato a spese! L&#8217;involucro della griglia \u00e8 stato realizzato in acciaio inox da 3 mm che mantiene una temperatura stabile durante la cottura. La cosa pi\u00f9 impressionante, tuttavia, \u00e8 la griglia in acciaio da 5 mm: il tutto per un&#8217;esperienza di grigliata perfetta. <\/p>\n<p>Le gambe della griglia e i dettagli pi\u00f9 piccoli sono stati progettati in modo da poter essere prodotti con i residui di produzione di altri prodotti. Vogliamo utilizzare il materiale nel modo pi\u00f9 efficiente possibile e ridurre cos\u00ec l&#8217;impatto ambientale. <\/p>\n","protected":false},"featured_media":26234,"comment_status":"open","ping_status":"closed","template":"","meta":{"footnotes":""},"class_list":["post-28340","product","type-product","status-publish","has-post-thumbnail","hentry","product_cat-affumicatori-per-barbecue-e-griglie-a-carbone"],"_links":{"self":[{"href":"https:\/\/www.grillsymbol.com\/it\/wp-json\/wp\/v2\/product\/28340","targetHints":{"allow":["GET"]}}],"collection":[{"href":"https:\/\/www.grillsymbol.com\/it\/wp-json\/wp\/v2\/product"}],"about":[{"href":"https:\/\/www.grillsymbol.com\/it\/wp-json\/wp\/v2\/types\/product"}],"replies":[{"embeddable":true,"href":"https:\/\/www.grillsymbol.com\/it\/wp-json\/wp\/v2\/comments?post=28340"}],"version-history":[{"count":1,"href":"https:\/\/www.grillsymbol.com\/it\/wp-json\/wp\/v2\/product\/28340\/revisions"}],"predecessor-version":[{"id":35227,"href":"https:\/\/www.grillsymbol.com\/it\/wp-json\/wp\/v2\/product\/28340\/revisions\/35227"}],"wp:featuredmedia":[{"embeddable":true,"href":"https:\/\/www.grillsymbol.com\/it\/wp-json\/wp\/v2\/media\/26234"}],"wp:attachment":[{"href":"https:\/\/www.grillsymbol.com\/it\/wp-json\/wp\/v2\/media?parent=28340"}],"curies":[{"name":"wp","href":"https:\/\/api.w.org\/{rel}","templated":true}]}}