{"id":28624,"date":"2021-07-20T04:17:40","date_gmt":"2026-01-06T13:06:34","guid":{"rendered":"https:\/\/www.grillsymbol.com\/shop\/uncategorized\/grillsymbol-padella-wok-o-30-cm-adattore-set\/"},"modified":"2026-01-06T13:06:34","modified_gmt":"2026-01-06T13:06:34","slug":"griglie-simbolo-wok-pan-o-30-cm-adattatore-set","status":"publish","type":"product","link":"https:\/\/www.grillsymbol.com\/it\/shop\/accessori-per-barbecue\/griglie-simbolo-wok-pan-o-30-cm-adattatore-set\/","title":{"rendered":"GrillSymbol Padella Wok \u00d8 30 cm + adattore set"},"content":{"rendered":"<p>Il wok \u00e8 realizzato in ghisa di alta qualit\u00e0.<\/p>\n<p>Diametro 30 cm, profondit\u00e0 7 cm.<br \/>\nAdattatore largo 34 cm, materiale acciaio Cor-Ten 4 mm.<\/p>\n","protected":false},"excerpt":{"rendered":"<p>Wok in ghisa con adattatore, adatto ai modelli Chef e Naked Chef.<\/p>\n<p>&nbsp;<\/p>\n<p>&nbsp;<\/p>\n","protected":false},"featured_media":28625,"comment_status":"open","ping_status":"closed","template":"","meta":{"footnotes":""},"class_list":["post-28624","product","type-product","status-publish","has-post-thumbnail","hentry","product_cat-set-di-bruciatori-wok","product_cat-accessori-per-barbecue"],"_links":{"self":[{"href":"https:\/\/www.grillsymbol.com\/it\/wp-json\/wp\/v2\/product\/28624","targetHints":{"allow":["GET"]}}],"collection":[{"href":"https:\/\/www.grillsymbol.com\/it\/wp-json\/wp\/v2\/product"}],"about":[{"href":"https:\/\/www.grillsymbol.com\/it\/wp-json\/wp\/v2\/types\/product"}],"replies":[{"embeddable":true,"href":"https:\/\/www.grillsymbol.com\/it\/wp-json\/wp\/v2\/comments?post=28624"}],"version-history":[{"count":0,"href":"https:\/\/www.grillsymbol.com\/it\/wp-json\/wp\/v2\/product\/28624\/revisions"}],"wp:featuredmedia":[{"embeddable":true,"href":"https:\/\/www.grillsymbol.com\/it\/wp-json\/wp\/v2\/media\/28625"}],"wp:attachment":[{"href":"https:\/\/www.grillsymbol.com\/it\/wp-json\/wp\/v2\/media?parent=28624"}],"curies":[{"name":"wp","href":"https:\/\/api.w.org\/{rel}","templated":true}]}}