{"id":28733,"date":"2024-03-05T12:22:19","date_gmt":"2026-01-07T11:34:00","guid":{"rendered":"https:\/\/www.grillsymbol.com\/shop\/uncategorized\/outlet-grillsymbol-forno-a-legna-per-pizza-con-supporto-pizzo-set-campione\/"},"modified":"2026-01-07T11:34:04","modified_gmt":"2026-01-07T11:34:04","slug":"outlet-grillymbol-forno-a-legna-per-pizza-con-supporto-pizzo-set","status":"publish","type":"product","link":"https:\/\/www.grillsymbol.com\/it\/shop\/uscita\/outlet-grillymbol-forno-a-legna-per-pizza-con-supporto-pizzo-set\/","title":{"rendered":"OUTLET GrillSymbol Forno a legna per pizza con supporto Pizzo-set (campione)"},"content":{"rendered":"<p><strong>Pizzo:<\/strong><\/p>\n<ul>\n<li>Dimensioni (forno per pizza separato): 80 x 81 x 96 cm (larghezza * profondit\u00e0 * altezza, incluso il camino)<\/li>\n<li><strong>Dimensioni con base Baso<\/strong>: 100 x 81 x 182 cm (larghezza * profondit\u00e0 * altezza con camino).<\/li>\n<li>Peso approssimativo. 76 kg, con supporto circa 107 kg<\/li>\n<li>Materiale: interno in acciaio inox, esterno in acciaio COR-TEN<\/li>\n<li>Isolamento termico: 10 cm di lana di roccia (tetto e pareti)<\/li>\n<li>Superficie di cottura in pietra: 60 x 60 cm (pu\u00f2 contenere 2 pizze di circa 30 cm ciascuna alla volta)<\/li>\n<li>Le pietre per pizza (made in Italy) sono composte da una miscela di argilla refrattaria e ossido di alluminio, che garantisce un riscaldamento rapido e ottimi risultati di cottura.<\/li>\n<li>Porta a doppio strato con foglio riflettente che riflette il calore all&#8217;interno del forno<\/li>\n<li>Termometro da forno con scala da 0 a 500\u00b0C<\/li>\n<li>Il forno \u00e8 adatto a una pentola o padella poco profonda di 30 x 59 x 11 cm (larghezza * profondit\u00e0 * altezza).<\/li>\n<li>Fori sul fondo per consentire alla condensa di uscire dal forno, se necessario.<\/li>\n<li>Trasportato in parti, imballato su un pallet<\/li>\n<li>Tempo di montaggio circa 15-20 min <\/li>\n<li>Per uso esterno<\/li>\n<li>Non lasciare incustoditi i materiali infiammabili nelle vicinanze!<\/li>\n<li>NB! Il camino in acciaio inossidabile del prodotto diventer\u00e0 viola in alcuni punti sotto l&#8217;effetto del calore, il che non altera le caratteristiche del prodotto.<\/li>\n<\/ul>\n<p>&nbsp;<\/p>\n<p><strong>Baso base:<\/strong><\/p>\n<ul>\n<li>Dimensioni: 100 x 70 x 85 cm (larghezza * profondit\u00e0 * altezza)<\/li>\n<li>Peso approssimativo. 31 kg <strong>(con forno per pizza 107 kg)<\/strong><\/li>\n<li>Materiale: COR-TEN e acciaio inox<\/li>\n<li>Tempo di montaggio di circa 30 minuti <\/li>\n<li>Diverse superfici per accessori e legna da ardere<\/li>\n<li>L&#8217;altezza delle gambe \u00e8 regolabile in due posizioni per garantire che la superficie di lavoro sia alla stessa altezza (85 cm) con e senza ruote.<\/li>\n<li><strong>NB!<\/strong>  Per istruzioni pi\u00f9 dettagliate sull&#8217;installazione e la manutenzione, consulta il manuale di istruzioni del prodotto.<\/li>\n<\/ul>\n<p>&nbsp;<\/p>\n<p>&nbsp;<\/p>\n<p>Realizzato in acciaio Cor-Ten. Se utilizzato in modo appropriato, l&#8217;acciaio Cor-Ten \u00e8 resistente, duraturo e non richiede manutenzione e resiste alla prova del tempo in modo unico. Lo strato superficiale \u00e8 inizialmente grigiastro, poi diventa marrone rossastro (con una tonalit\u00e0 simile alla ruggine), diventando ancora pi\u00f9 scuro con il passare del tempo.  <\/p>\n<p>&nbsp;<\/p>\n<h5><a href=\"https:\/\/www.grillsymbol.com\/instructions\/cor-ten-steel-products-seasoning-instructions\/\" target=\"_blank\" rel=\"noopener\">Guarda qui: Istruzioni per la stagionatura dei prodotti in acciaio Cor-Ten<\/a><\/h5>\n","protected":false},"excerpt":{"rendered":"<div class=\"woocommerce-product-details__short-description\">\n<p><strong>NB! Prodotto in uscita. Ruote incluse. <\/strong><\/p>\n<p>Il set Pizzo \u00e8 composto da un forno per pizza Pizzo e un base Baso. \u00c8 un&#8217;ottima combinazione di contenuti italiani e design nordico e pratico. Chiunque abbia mangiato una pizza cotta in un forno a legna sa cosa aspettarsi! Grazie all&#8217;alta temperatura, fino a 400\u00b0C, le pizze sono pronte in pochi minuti.   <\/p>\n<p>Il forno per pizza Pizzo non serve solo a preparare pizze, ma \u00e8 adatto a cuocere una grande variet\u00e0 di dolci e pane: pane bianco, pane di segale, ciabatta, ecc. Grazie al suo eccellente isolamento termico, il forno rimane caldo a lungo e ti permette di cucinare un&#8217;ampia variet\u00e0 di piatti. <\/p>\n<\/div>\n","protected":false},"featured_media":28734,"comment_status":"open","ping_status":"closed","template":"","meta":{"footnotes":""},"class_list":["post-28733","product","type-product","status-publish","has-post-thumbnail","hentry","product_cat-uscita"],"_links":{"self":[{"href":"https:\/\/www.grillsymbol.com\/it\/wp-json\/wp\/v2\/product\/28733","targetHints":{"allow":["GET"]}}],"collection":[{"href":"https:\/\/www.grillsymbol.com\/it\/wp-json\/wp\/v2\/product"}],"about":[{"href":"https:\/\/www.grillsymbol.com\/it\/wp-json\/wp\/v2\/types\/product"}],"replies":[{"embeddable":true,"href":"https:\/\/www.grillsymbol.com\/it\/wp-json\/wp\/v2\/comments?post=28733"}],"version-history":[{"count":1,"href":"https:\/\/www.grillsymbol.com\/it\/wp-json\/wp\/v2\/product\/28733\/revisions"}],"predecessor-version":[{"id":28800,"href":"https:\/\/www.grillsymbol.com\/it\/wp-json\/wp\/v2\/product\/28733\/revisions\/28800"}],"wp:featuredmedia":[{"embeddable":true,"href":"https:\/\/www.grillsymbol.com\/it\/wp-json\/wp\/v2\/media\/28734"}],"wp:attachment":[{"href":"https:\/\/www.grillsymbol.com\/it\/wp-json\/wp\/v2\/media?parent=28733"}],"curies":[{"name":"wp","href":"https:\/\/api.w.org\/{rel}","templated":true}]}}