{"id":28960,"date":"2023-02-20T10:10:18","date_gmt":"2026-01-07T11:51:25","guid":{"rendered":"https:\/\/www.grillsymbol.com\/shop\/uncategorized\/piastra-di-base-grillsymbol-per-forno-a-pizza-baso-xl\/"},"modified":"2026-01-07T11:51:25","modified_gmt":"2026-01-07T11:51:25","slug":"griglie-simbolo-tavolo-laterale-base-xl","status":"publish","type":"product","link":"https:\/\/www.grillsymbol.com\/it\/shop\/forni-per-pizza-e-accessori\/griglie-simbolo-tavolo-laterale-base-xl\/","title":{"rendered":"Piastra di base GrillSymbol per forno a pizza Baso-XL"},"content":{"rendered":"<ul>\n<li>Dimensioni: 180 x 70 x 85 cm (larghezza * profondit\u00e0 * altezza)<\/li>\n<li>Peso approssimativo. 68 kg<\/li>\n<li>Materiale: COR-TEN e acciaio inox<\/li>\n<li>Tempo di montaggio di circa 40-60 minuti <\/li>\n<li><span class=\"HwtZe\" lang=\"en\"><span class=\"jCAhz ChMk0b\"><span class=\"ryNqvb\">Il forno per pizza pu\u00f2 essere installato sia a destra che a sinistra del tavolo.<\/span><\/span> <\/span><\/li>\n<li><span class=\"HwtZe\" lang=\"en\"><span class=\"jCAhz ChMk0b\"><span class=\"ryNqvb\">Appartamenti per legna da ardere e accessori<\/span><\/span> <\/span><\/li>\n<li><span class=\"HwtZe\" lang=\"en\"><span class=\"jCAhz ChMk0b\"><span class=\"ryNqvb\"><strong>Predisposizione per le ruote, le ruote sono disponibili come accessori<\/strong> (SKU: Wheels-100)<\/span><\/span><\/span><\/li>\n<li><span class=\"HwtZe\" lang=\"en\"><span class=\"jCAhz ChMk0b\"><span class=\"ryNqvb\">L&#8217;altezza delle gambe \u00e8 regolabile in due posizioni per garantire che la superficie di lavoro sia alla stessa altezza (85 cm) con e senza ruote.<\/span><\/span> <\/span><\/li>\n<li><span class=\"HwtZe\" lang=\"en\"><span class=\"jCAhz ChMk0b\"><span class=\"ryNqvb\">L&#8217;area del tavolo di preparazione con i bordi alti \u00e8 un luogo ideale per preparare l&#8217;impasto o le pizze.<\/span><\/span><\/span><\/li>\n<\/ul>\n<p>&nbsp;<\/p>\n<p>Realizzato in acciaio COR-TEN. Se utilizzato in modo appropriato, l&#8217;acciaio COR-TEN \u00e8 resistente, duraturo e non richiede manutenzione e resiste alla prova del tempo in modo unico. Lo strato superficiale \u00e8 inizialmente grigiastro, poi diventa marrone rossiccio (tinta simile alla ruggine), diventando ancora pi\u00f9 scuro con il passare del tempo. Leggi le istruzioni per la cura riportate di seguito:   <\/p>\n<p>&nbsp;<\/p>\n<blockquote class=\"wp-embedded-content\" data-secret=\"nEzCMCclG6\"><p><a href=\"https:\/\/www.grillsymbol.com\/instructions\/cor-ten-steel-products-seasoning-instructions\/\">Cor-Ten Steel products seasoning instructions<\/a><\/p><\/blockquote>\n<p><iframe loading=\"lazy\" class=\"wp-embedded-content\" sandbox=\"allow-scripts\" security=\"restricted\" style=\"position: absolute; visibility: hidden;\" title=\"\u00abCor-Ten Steel products seasoning instructions\u00bb \u2014 GrillSymbol\" src=\"https:\/\/www.grillsymbol.com\/instructions\/cor-ten-steel-products-seasoning-instructions\/embed\/#?secret=edwb09RUop#?secret=nEzCMCclG6\" data-secret=\"nEzCMCclG6\" width=\"600\" height=\"338\" frameborder=\"0\" marginwidth=\"0\" marginheight=\"0\" scrolling=\"no\"><\/iframe><\/p>\n","protected":false},"excerpt":{"rendered":"<div class=\"woocommerce-product-details__short-description\">\n<div class=\"woocommerce-product-details__short-description\">\n<p>La base del forno per pizza Baso-XL \u00e8 grande e pratica. Ha una comoda e ampia area di preparazione in acciaio inox e diverse superfici per gli accessori e la legna da ardere. <\/p>\n<p><strong>Adatto ai modelli Pizzo e Pizzo-inox.<\/strong><\/p>\n<p>Il Baso-XL pu\u00f2 essere utilizzato con qualsiasi altro forno per pizza. Ricorda che le dimensioni del fondo del forno devono essere le seguenti: larghezza 80 cm e profondit\u00e0 70 cm +\/- circa 2 cm. Per maggiori informazioni, consulta il manuale di istruzioni del Pizzo\/Baso.   <\/p>\n<p><strong>Predisposizione per le ruote, le ruote sono disponibili come accessori.<\/strong><\/p>\n<p>&nbsp;<\/p>\n<\/div>\n<\/div>\n","protected":false},"featured_media":28961,"comment_status":"open","ping_status":"closed","template":"","meta":{"footnotes":""},"class_list":["post-28960","product","type-product","status-publish","has-post-thumbnail","hentry","product_cat-forni-per-pizza-e-accessori"],"_links":{"self":[{"href":"https:\/\/www.grillsymbol.com\/it\/wp-json\/wp\/v2\/product\/28960","targetHints":{"allow":["GET"]}}],"collection":[{"href":"https:\/\/www.grillsymbol.com\/it\/wp-json\/wp\/v2\/product"}],"about":[{"href":"https:\/\/www.grillsymbol.com\/it\/wp-json\/wp\/v2\/types\/product"}],"replies":[{"embeddable":true,"href":"https:\/\/www.grillsymbol.com\/it\/wp-json\/wp\/v2\/comments?post=28960"}],"version-history":[{"count":0,"href":"https:\/\/www.grillsymbol.com\/it\/wp-json\/wp\/v2\/product\/28960\/revisions"}],"wp:featuredmedia":[{"embeddable":true,"href":"https:\/\/www.grillsymbol.com\/it\/wp-json\/wp\/v2\/media\/28961"}],"wp:attachment":[{"href":"https:\/\/www.grillsymbol.com\/it\/wp-json\/wp\/v2\/media?parent=28960"}],"curies":[{"name":"wp","href":"https:\/\/api.w.org\/{rel}","templated":true}]}}