{"id":28984,"date":"2023-02-20T09:59:38","date_gmt":"2026-01-07T11:52:09","guid":{"rendered":"https:\/\/www.grillsymbol.com\/shop\/uncategorized\/grillsymbol-piastra-di-base-in-acciaio-inox-per-forno-da-pizza-baso-inox\/"},"modified":"2026-01-07T11:52:12","modified_gmt":"2026-01-07T11:52:12","slug":"grillsymbol-stainless-steel-stand-forno-pizza-baso-inox","status":"publish","type":"product","link":"https:\/\/www.grillsymbol.com\/it\/shop\/forni-per-pizza-e-accessori\/grillsymbol-stainless-steel-stand-forno-pizza-baso-inox\/","title":{"rendered":"GrillSymbol Piastra di base in acciaio inox per forno da pizza Baso-inox"},"content":{"rendered":"<ul>\n<li>Dimensioni: 100 x 70 x 85 cm (larghezza * profondit\u00e0 * altezza)<\/li>\n<li>Peso approssimativo. 31 kg<\/li>\n<li>Materiale: acciaio inox<\/li>\n<li>Tempo di montaggio di circa 30 minuti <\/li>\n<li><span class=\"HwtZe\" lang=\"en\"><span class=\"jCAhz ChMk0b\"><span class=\"ryNqvb\">Appartamenti per legna da ardere e accessori<\/span><\/span><\/span><\/li>\n<li><span class=\"HwtZe\" lang=\"en\"><span class=\"jCAhz ChMk0b\"><span class=\"ryNqvb\"><strong>Predisposizione per le ruote, le ruote sono disponibili come accessori<\/strong> (SKU: Wheels-100)<\/span><\/span><\/span><\/li>\n<li><span class=\"HwtZe\" lang=\"en\"><span class=\"jCAhz ChMk0b\"><span class=\"ryNqvb\">L&#8217;altezza delle gambe \u00e8 regolabile in due posizioni per garantire che la superficie di lavoro sia alla stessa altezza (85 cm) con e senza ruote.<\/span><\/span><\/span><\/li>\n<\/ul>\n<p>&nbsp;<\/p>\n<p>&nbsp;<\/p>\n<p>&nbsp;<\/p>\n<p>&nbsp;<\/p>\n","protected":false},"excerpt":{"rendered":"<div class=\"woocommerce-product-details__short-description\">\n<div class=\"woocommerce-product-details__short-description\">\n<p>Baso-inox \u00e8 stato progettato principalmente sulla base della praticit\u00e0. \u00c8 realizzato in acciaio inossidabile. Il supporto \u00e8 dotato di diversi ripiani dove puoi riporre la legna da ardere e gli accessori.  <\/p>\n<p><strong>Adatto ai modelli di forno per pizza Pizzo e Pizzo-inox.<\/strong><\/p>\n<p>Il Piastra di base Baso-inox pu\u00f2 essere utilizzato con qualsiasi altro forno per pizza. Ricorda che le dimensioni del fondo del forno devono essere: larghezza 80 cm e profondit\u00e0 70 cm +\/- circa 2 cm. Per maggiori informazioni, consulta il manuale di istruzioni di Pizzo\/Baso.   <\/p>\n<p><strong>Le ruote possono essere fissate al supporto; le ruote sono disponibili come accessori.<\/strong><\/p>\n<p>&nbsp;<\/p>\n<\/div>\n<\/div>\n","protected":false},"featured_media":28985,"comment_status":"open","ping_status":"closed","template":"","meta":{"footnotes":""},"class_list":["post-28984","product","type-product","status-publish","has-post-thumbnail","hentry","product_cat-forni-per-pizza-e-accessori"],"_links":{"self":[{"href":"https:\/\/www.grillsymbol.com\/it\/wp-json\/wp\/v2\/product\/28984","targetHints":{"allow":["GET"]}}],"collection":[{"href":"https:\/\/www.grillsymbol.com\/it\/wp-json\/wp\/v2\/product"}],"about":[{"href":"https:\/\/www.grillsymbol.com\/it\/wp-json\/wp\/v2\/types\/product"}],"replies":[{"embeddable":true,"href":"https:\/\/www.grillsymbol.com\/it\/wp-json\/wp\/v2\/comments?post=28984"}],"version-history":[{"count":1,"href":"https:\/\/www.grillsymbol.com\/it\/wp-json\/wp\/v2\/product\/28984\/revisions"}],"predecessor-version":[{"id":29009,"href":"https:\/\/www.grillsymbol.com\/it\/wp-json\/wp\/v2\/product\/28984\/revisions\/29009"}],"wp:featuredmedia":[{"embeddable":true,"href":"https:\/\/www.grillsymbol.com\/it\/wp-json\/wp\/v2\/media\/28985"}],"wp:attachment":[{"href":"https:\/\/www.grillsymbol.com\/it\/wp-json\/wp\/v2\/media?parent=28984"}],"curies":[{"name":"wp","href":"https:\/\/api.w.org\/{rel}","templated":true}]}}