{"id":29010,"date":"2023-02-20T09:56:28","date_gmt":"2026-01-07T11:52:58","guid":{"rendered":"https:\/\/www.grillsymbol.com\/shop\/uncategorized\/grillsymbol-piastra-di-base-per-forno-per-pizza-baso\/"},"modified":"2026-01-07T11:52:58","modified_gmt":"2026-01-07T11:52:58","slug":"griglia-simbolo-stand-per-pizza-forno-baso","status":"publish","type":"product","link":"https:\/\/www.grillsymbol.com\/it\/shop\/forni-per-pizza-e-accessori\/griglia-simbolo-stand-per-pizza-forno-baso\/","title":{"rendered":"GrillSymbol Piastra di base per forno per pizza Baso"},"content":{"rendered":"<ul>\n<li>Dimensioni: 100 x 70 x 85 cm (larghezza * profondit\u00e0 * altezza)<\/li>\n<li>Peso approssimativo. 31 kg<\/li>\n<li>Materiale: COR-TEN e acciaio inox<\/li>\n<li>Tempo di montaggio di circa 30 minuti <\/li>\n<li><span class=\"HwtZe\" lang=\"en\"><span class=\"jCAhz ChMk0b\"><span class=\"ryNqvb\"><strong>Predisposizione per le ruote, le ruote sono disponibili come accessori<\/strong> (SKU: Wheels-100)<\/span><\/span><\/span><\/li>\n<li><span class=\"HwtZe\" lang=\"en\"><span class=\"jCAhz ChMk0b\"><span class=\"ryNqvb\">L&#8217;altezza delle gambe \u00e8 regolabile in due posizioni per garantire che la superficie di lavoro sia alla stessa altezza (85 cm) con e senza ruote.<\/span><\/span><\/span><\/li>\n<\/ul>\n<p>&nbsp;<\/p>\n<p>Realizzato in acciaio COR-TEN. Se utilizzato in modo appropriato, l&#8217;acciaio COR-TEN \u00e8 resistente, duraturo e non richiede manutenzione e resiste alla prova del tempo in modo unico. Lo strato superficiale \u00e8 inizialmente grigiastro, poi diventa marrone rossiccio (tinta simile alla ruggine), diventando ancora pi\u00f9 scuro con il passare del tempo. Leggi le istruzioni per la cura riportate di seguito:   <\/p>\n<p>&nbsp;<\/p>\n<p>&nbsp;<\/p>\n<blockquote class=\"wp-embedded-content\" data-secret=\"MBBS94Pa5S\"><p><a href=\"https:\/\/www.grillsymbol.com\/instructions\/cor-ten-steel-products-seasoning-instructions\/\">Cor-Ten Steel products seasoning instructions<\/a><\/p><\/blockquote>\n<p><iframe loading=\"lazy\" class=\"wp-embedded-content\" sandbox=\"allow-scripts\" security=\"restricted\" style=\"position: absolute; visibility: hidden;\" title=\"\u00abCor-Ten Steel products seasoning instructions\u00bb \u2014 GrillSymbol\" src=\"https:\/\/www.grillsymbol.com\/instructions\/cor-ten-steel-products-seasoning-instructions\/embed\/#?secret=tGiBdMAX3i#?secret=MBBS94Pa5S\" data-secret=\"MBBS94Pa5S\" width=\"600\" height=\"338\" frameborder=\"0\" marginwidth=\"0\" marginheight=\"0\" scrolling=\"no\"><\/iframe><\/p>\n","protected":false},"excerpt":{"rendered":"<div class=\"woocommerce-product-details__short-description\">\n<div class=\"woocommerce-product-details__short-description\">\n<p>La Piastra di base Baso \u00e8 stata progettata principalmente sulla base della praticit\u00e0. Il supporto \u00e8 dotato di diversi ripiani dove puoi riporre la legna da ardere e gli accessori. <\/p>\n<p><strong>Adatto ai modelli di forno per pizza Pizzo e Pizzo-inox.<\/strong><\/p>\n<p>Il Piastra di baseBaso pu\u00f2 essere utilizzato con qualsiasi altro forno per pizza. Ricorda che le dimensioni del fondo del forno devono essere: larghezza 80 cm e profondit\u00e0 70 cm +\/- circa 2 cm. Per maggiori informazioni, consulta il manuale di istruzioni di Pizzo\/Baso.   <\/p>\n<p><strong>Le ruote possono essere fissate al supporto; le ruote sono disponibili come accessori.<\/strong><\/p>\n<\/div>\n<\/div>\n","protected":false},"featured_media":29011,"comment_status":"open","ping_status":"closed","template":"","meta":{"footnotes":""},"class_list":["post-29010","product","type-product","status-publish","has-post-thumbnail","hentry","product_cat-forni-per-pizza-e-accessori"],"_links":{"self":[{"href":"https:\/\/www.grillsymbol.com\/it\/wp-json\/wp\/v2\/product\/29010","targetHints":{"allow":["GET"]}}],"collection":[{"href":"https:\/\/www.grillsymbol.com\/it\/wp-json\/wp\/v2\/product"}],"about":[{"href":"https:\/\/www.grillsymbol.com\/it\/wp-json\/wp\/v2\/types\/product"}],"replies":[{"embeddable":true,"href":"https:\/\/www.grillsymbol.com\/it\/wp-json\/wp\/v2\/comments?post=29010"}],"version-history":[{"count":0,"href":"https:\/\/www.grillsymbol.com\/it\/wp-json\/wp\/v2\/product\/29010\/revisions"}],"wp:featuredmedia":[{"embeddable":true,"href":"https:\/\/www.grillsymbol.com\/it\/wp-json\/wp\/v2\/media\/29011"}],"wp:attachment":[{"href":"https:\/\/www.grillsymbol.com\/it\/wp-json\/wp\/v2\/media?parent=29010"}],"curies":[{"name":"wp","href":"https:\/\/api.w.org\/{rel}","templated":true}]}}