{"id":29116,"date":"2023-02-14T14:18:26","date_gmt":"2026-01-07T12:10:55","guid":{"rendered":"https:\/\/www.grillsymbol.com\/shop\/uncategorized\/grillsymbol-forno-per-pizza-a-legna-pizzo\/"},"modified":"2026-01-07T12:10:55","modified_gmt":"2026-01-07T12:10:55","slug":"griglie-simbolo-pizza-forno-pizzo","status":"publish","type":"product","link":"https:\/\/www.grillsymbol.com\/it\/shop\/forni-per-pizza-e-accessori\/griglie-simbolo-pizza-forno-pizzo\/","title":{"rendered":"GrillSymbol Forno per pizza a legna Pizzo"},"content":{"rendered":"<p><strong> <\/strong><\/p>\n<ul>\n<li>Dimensioni: 80 x 81 x 96 cm (larghezza * profondit\u00e0 * altezza, incluso il camino)<\/li>\n<li>Peso approssimativo. 76 kg<\/li>\n<li>Materiale: interno in acciaio inox, esterno in acciaio COR-TEN<\/li>\n<li>Isolamento termico: 10 cm di lana di roccia (tetto e pareti)<\/li>\n<li>Superficie di pietra: 60 x 60 cm (pu\u00f2 contenere 2 pizze di circa 30 cm ciascuna alla volta)<\/li>\n<li>Le pietre per pizza (made in Italy) sono composte da una miscela di argilla refrattaria e ossido di alluminio, che garantisce un riscaldamento rapido e ottimi risultati di cottura.<\/li>\n<li>Porta a doppio strato con foglio riflettente che riflette il calore all&#8217;interno del forno<\/li>\n<li>Termometro da forno con scala da 0 a 500\u00b0C<\/li>\n<li>Il forno \u00e8 adatto a una pentola o padella poco profonda di 30 x 59 x 11 cm (larghezza * profondit\u00e0 * altezza).<\/li>\n<li>Fori sul fondo per consentire alla condensa di uscire dal forno, se necessario.<\/li>\n<li>Trasportato in parti, imballato su una base<\/li>\n<li>Tempo di montaggio circa 15-20 min <\/li>\n<li>Per uso esterno<\/li>\n<li>Non lasciare incustoditi i materiali infiammabili nelle vicinanze!<\/li>\n<li>NB! Il camino in acciaio inossidabile del prodotto diventer\u00e0 viola in alcuni punti sotto l&#8217;effetto del calore, il che non altera le caratteristiche del prodotto.<\/li>\n<\/ul>\n<p><strong>NB!<\/strong>  Per istruzioni pi\u00f9 dettagliate sull&#8217;installazione e la manutenzione, consulta il manuale di istruzioni del prodotto.<\/p>\n<p>&nbsp;<\/p>\n<p>Realizzato in acciaio COR-TEN. Se utilizzato in modo appropriato, l&#8217;acciaio COR-TEN \u00e8 resistente, duraturo e non richiede manutenzione e resiste alla prova del tempo in modo unico. Lo strato superficiale \u00e8 inizialmente grigiastro, poi diventa marrone rossiccio (tinta simile alla ruggine), diventando ancora pi\u00f9 scuro con il passare del tempo. Leggi le istruzioni per la cura riportate di seguito:   <\/p>\n<p>&nbsp;<\/p>\n<p>&nbsp;<\/p>\n<p>&nbsp;<\/p>\n<blockquote class=\"wp-embedded-content\" data-secret=\"jqJDFCYxiI\"><p><a href=\"https:\/\/www.grillsymbol.com\/instructions\/cor-ten-steel-products-seasoning-instructions\/\">Cor-Ten Steel products seasoning instructions<\/a><\/p><\/blockquote>\n<p><iframe loading=\"lazy\" class=\"wp-embedded-content\" sandbox=\"allow-scripts\" security=\"restricted\" style=\"position: absolute; visibility: hidden;\" title=\"\u00abCor-Ten Steel products seasoning instructions\u00bb \u2014 GrillSymbol\" src=\"https:\/\/www.grillsymbol.com\/instructions\/cor-ten-steel-products-seasoning-instructions\/embed\/#?secret=sVqJtovRNg#?secret=jqJDFCYxiI\" data-secret=\"jqJDFCYxiI\" width=\"600\" height=\"338\" frameborder=\"0\" marginwidth=\"0\" marginheight=\"0\" scrolling=\"no\"><\/iframe><\/p>\n","protected":false},"excerpt":{"rendered":"<div class=\"woocommerce-product-details__short-description\">\n<p>Pizzo \u00e8 un classico forno a legna per pizza. \u00c8 ideale per l&#8217;uso domestico grazie alle sue dimensioni e alla sua produttivit\u00e0. Le pizze sono pronte in pochi minuti, quindi anche se devi preparare 10-20 pizze, il tempo sar\u00e0 breve. Quando organizzi una grande festa a casa tua, gli ospiti non devono aspettare per mangiare! E il sapore di una pizza cotta nel forno a legna \u00e8 qualcosa che ricorderai a lungo.    <\/p>\n<p>Il forno per pizza Pizzo non serve solo a preparare pizze, ma \u00e8 adatto a cuocere una grande variet\u00e0 di dolci e pane: pane bianco, pane di segale, ciabatta, ecc. Grazie al suo eccellente isolamento termico, il forno rimane caldo a lungo e ti permette di cucinare un&#8217;ampia variet\u00e0 di piatti. <\/p>\n<\/div>\n","protected":false},"featured_media":29117,"comment_status":"open","ping_status":"closed","template":"","meta":{"footnotes":""},"class_list":["post-29116","product","type-product","status-publish","has-post-thumbnail","hentry","product_cat-forni-per-pizza-e-accessori"],"_links":{"self":[{"href":"https:\/\/www.grillsymbol.com\/it\/wp-json\/wp\/v2\/product\/29116","targetHints":{"allow":["GET"]}}],"collection":[{"href":"https:\/\/www.grillsymbol.com\/it\/wp-json\/wp\/v2\/product"}],"about":[{"href":"https:\/\/www.grillsymbol.com\/it\/wp-json\/wp\/v2\/types\/product"}],"replies":[{"embeddable":true,"href":"https:\/\/www.grillsymbol.com\/it\/wp-json\/wp\/v2\/comments?post=29116"}],"version-history":[{"count":0,"href":"https:\/\/www.grillsymbol.com\/it\/wp-json\/wp\/v2\/product\/29116\/revisions"}],"wp:featuredmedia":[{"embeddable":true,"href":"https:\/\/www.grillsymbol.com\/it\/wp-json\/wp\/v2\/media\/29117"}],"wp:attachment":[{"href":"https:\/\/www.grillsymbol.com\/it\/wp-json\/wp\/v2\/media?parent=29116"}],"curies":[{"name":"wp","href":"https:\/\/api.w.org\/{rel}","templated":true}]}}