{"id":29222,"date":"2017-04-11T06:12:28","date_gmt":"2026-01-07T15:08:31","guid":{"rendered":"https:\/\/www.grillsymbol.com\/shop\/uncategorized\/grillsymbol-padella-per-paella-set-pro-960-inox-o-96-cm\/"},"modified":"2026-01-08T00:02:31","modified_gmt":"2026-01-08T00:02:31","slug":"grillsymbol-paella-cooking-set-pro-960-inox-o-96-cm","status":"publish","type":"product","link":"https:\/\/www.grillsymbol.com\/it\/shop\/set-per-cucinare-la-paella\/grillsymbol-paella-cooking-set-pro-960-inox-o-96-cm\/","title":{"rendered":"GrillSymbol padella per Paella set PRO-960 inox, \u00f8 96 cm"},"content":{"rendered":"<p><!-- [if gte mso 9]&gt;--><\/p>\n<p>Normale<br \/>\n0<\/p>\n<p>21<\/p>\n<p>falso<br \/>\nfalso<br \/>\nfalso<\/p>\n<p>ET<br \/>\nX-NONE<br \/>\nX-NONE<\/p>\n<p><!-- [if gte mso 9]&gt;--><\/p>\n<p><!-- [if gte mso 10]&gt;--><\/p>\n<p>  \/* Definizioni di stile *\/<br \/>  table.MsoNormalTable<br \/>  {mso-style-name:\u00b4\u00b4Tabella normale\u00b4\u00b4;<br \/>  mso-tstyle-rowband-size:0;<br \/>  mso-tstyle-colband-size:0;<br \/>  mso-style-noshow:yes;<br \/>  mso-style-priority:99;<br \/>  mso-style-qformat:yes;<br \/>  mso-style-parent:\\&#8221;\\&#8221;;<br \/>  mso-padding-alt:0cm 5.4pt 0cm 5.4pt;<br \/>  mso-para-margin:0cm;<br \/>  mso-para-margin-bottom:.0001pt;<br \/>  mso-pagination:widow-orphan;<br \/>  font-size:11.0pt;<br \/>  font-family:\\&#8221;Calibri\\&#8221;,\\&#8221;sans-serif\\&#8221;;<br \/>  mso-ascii-font-family:Calibri;<br \/>  mso-ascii-theme-font:minor-latin;<br \/>  mso-fareast-font-family:\\&#8221;Times New Roman\\&#8221;;<br \/>  mso-fareast-theme-font:minor-fareast;<br \/>  mso-hansi-font-family:Calibri;<br \/>  mso-hansi-theme-font:minor-latin;<br \/>  mso-bidi-font-family:\\&#8221;Times New Roman\\&#8221;;<br \/>  mso-bidi-theme-font:minor-bidi;}<br \/>\n<strong>Specifiche:<\/strong><\/p>\n<ul>\n<li>Materiale: padella e telaio in acciaio inossidabile<\/li>\n<li>Lavorare con il gas propano o butano<\/li>\n<li>Bruciatore a gas 21 KW, 3 anelli<\/li>\n<li>Consumo di gas: 0,5-1,5 kg\/h<\/li>\n<li>NB! L&#8217;ugello adatto viene assemblato in fabbrica in base al paese di destinazione dell&#8217;ordine.<\/li>\n<li>Diametro della pentola: 96 cm<\/li>\n<li>Spessore del pannello: 5 mm<\/li>\n<li>Capacit\u00e0: 50-80 porzioni<\/li>\n<li>Peso totale: 55 kg<\/li>\n<li>Peso della pentola: 32 kg<\/li>\n<li>Accensione a batteria<\/li>\n<li>Richiede 1 batteria di tipo AA (inclusa)<\/li>\n<li>Regolatore non fornito<\/li>\n<\/ul>\n<p>&nbsp;<\/p>\n<p>NB! Il set di pentole non include il coperchio.<\/p>\n<p>&nbsp;<\/p>\n<p><strong>Vantaggi del prodotto GrillSymbol serie PRO:<\/strong><\/p>\n<p>&nbsp;<\/p>\n<ul>\n<li>La sicurezza prima di tutto: il prodotto soddisfa i requisiti CE<\/li>\n<li>Una padella dai bordi alti permette di friggere, cucinare, cuocere a vapore e bollire<\/li>\n<li>Parabrezza triplo &#8211; tripla protezione dal vento<\/li>\n<li>Triplo parabrezza: il calore viene indirizzato direttamente sulla padella e non si disperde.<\/li>\n<li>Parabrezza triplo: riduzione del consumo di gas<\/li>\n<li>Click and Cook: accendi il fuoco a batteria, dimentica i fiammiferi.<\/li>\n<li>Telaio e piedi robusti: il prodotto \u00e8 stabile<\/li>\n<li>Parabrezza e gambe in acciaio inox: non si corrodono e sono di facile manutenzione.<\/li>\n<li>Pronto per l&#8217;uso: il prodotto \u00e8 gi\u00e0 pronto e il montaggio richiede solo due minuti.<\/li>\n<li>Il bruciatore e il parabrezza possono essere utilizzati con padelle diverse (come il wok WS-915)<\/li>\n<li>Testato e sviluppato nei paesi nordici, prodotto in Estonia<\/li>\n<li>GrillSymbol &#8211; Azienda familiare dal 1925<\/li>\n<\/ul>\n","protected":false},"excerpt":{"rendered":"<p><strong>Una<\/strong> padella con bordo alto <strong>in acciaio inossidabile<\/strong>, ideale per stufare, cucinare, friggere e cuocere al vapore. L&#8217;acciaio inossidabile permette di preparare <strong>i migliori piatti in umido<\/strong>, poich\u00e9 la padella in acciaio pu\u00f2 aggiungere colore o sapore al piatto, quando lo strato condito si danneggia. \u00c8 facile da pulire e da mantenere. Si riscalda molto velocemente. E, cosa altrettanto importante, una padella in acciaio inossidabile mantiene sempre il suo aspetto brillante!    <\/p>\n<p>La nostra padella pi\u00f9 grande, con un <strong>diametro di quasi un metro in acciaio inossidabile<\/strong>, \u00e8 stata sviluppata per un cliente che, oltre a uno strumento efficace, ha bisogno anche di un aspetto elegante. La padella permette di preparare centinaia di porzioni in modo molto veloce e di soddisfare grandi folle. \u00c8 adatta per la presentazione dei prodotti, ma anche per servire il cibo in occasioni di festa, come matrimoni e ricevimenti. Questo modello \u00e8 utilizzato da catering, ristoranti, industrie di carne e salsicce in Finlandia, Scandinavia, Inghilterra e Paesi Baltici. La struttura robusta, il potente bruciatore a gas e la padella dal fondo spesso (5 mm) formano un insieme ben funzionante. Il triplo parabrezza offre la migliore protezione possibile dal vento e la fiamma non si spegne nemmeno con un vento moderato.     <\/p>\n<p>La PRO-960 inox permette di preparare diversi piatti a partire da ingredienti crudi e precotti. La padella pu\u00f2 contenere 50-80 porzioni a seconda del piatto cucinato. La padella ha un bordo di 5 cm che permette di cuocere gli alimenti in umido e al vapore (sotto il coperchio), un grande vantaggio rispetto alle padelle con bordo basso. Usa la tua fantasia e cucina il piatto che desideri sulla padella!   <\/p>\n","protected":false},"featured_media":29223,"comment_status":"open","ping_status":"closed","template":"","meta":{"footnotes":""},"class_list":["post-29222","product","type-product","status-publish","has-post-thumbnail","hentry","product_cat-set-per-cucinare-la-paella"],"_links":{"self":[{"href":"https:\/\/www.grillsymbol.com\/it\/wp-json\/wp\/v2\/product\/29222","targetHints":{"allow":["GET"]}}],"collection":[{"href":"https:\/\/www.grillsymbol.com\/it\/wp-json\/wp\/v2\/product"}],"about":[{"href":"https:\/\/www.grillsymbol.com\/it\/wp-json\/wp\/v2\/types\/product"}],"replies":[{"embeddable":true,"href":"https:\/\/www.grillsymbol.com\/it\/wp-json\/wp\/v2\/comments?post=29222"}],"version-history":[{"count":1,"href":"https:\/\/www.grillsymbol.com\/it\/wp-json\/wp\/v2\/product\/29222\/revisions"}],"predecessor-version":[{"id":29255,"href":"https:\/\/www.grillsymbol.com\/it\/wp-json\/wp\/v2\/product\/29222\/revisions\/29255"}],"wp:featuredmedia":[{"embeddable":true,"href":"https:\/\/www.grillsymbol.com\/it\/wp-json\/wp\/v2\/media\/29223"}],"wp:attachment":[{"href":"https:\/\/www.grillsymbol.com\/it\/wp-json\/wp\/v2\/media?parent=29222"}],"curies":[{"name":"wp","href":"https:\/\/api.w.org\/{rel}","templated":true}]}}