{"id":29301,"date":"2017-04-11T06:37:32","date_gmt":"2026-01-07T15:11:00","guid":{"rendered":"https:\/\/www.grillsymbol.com\/shop\/uncategorized\/grillsymbol-padella-per-paella-in-acciaio-inox-fp-960-o-96-cm\/"},"modified":"2026-03-26T15:19:19","modified_gmt":"2026-03-26T15:19:19","slug":"griglie-symbol-acciaio-inox-paella-pan-fp-960-inox-o-96-cm","status":"publish","type":"product","link":"https:\/\/www.grillsymbol.com\/it\/shop\/padelle-per-paella-e-wok\/griglie-symbol-acciaio-inox-paella-pan-fp-960-inox-o-96-cm\/","title":{"rendered":"GrillSymbol Padella per paella in acciaio inox FP-960, \u00f8 96 cm"},"content":{"rendered":"<p><strong>Specifiche:<\/strong><\/p>\n<p>&nbsp;<\/p>\n<ul>\n<li>Padella in acciaio inox<\/li>\n<li>Diametro della pentola 96 cm<\/li>\n<li>5 mm Spessore del pannello<\/li>\n<li>50-80 Capacit\u00e0 delle porzioni<\/li>\n<li>Peso della pentola 32 Kg<\/li>\n<\/ul>\n","protected":false},"excerpt":{"rendered":"<p><strong>Una<\/strong> padella con bordo alto <strong>in acciaio inossidabile<\/strong>, ideale per stufare, cucinare, friggere e cuocere al vapore. L&#8217;acciaio inossidabile permette di preparare <strong>i migliori piatti in umido<\/strong>, poich\u00e9 la padella in acciaio pu\u00f2 aggiungere colore o sapore al piatto, quando lo strato condito si danneggia. \u00c8 facile da pulire e da mantenere. Si riscalda molto velocemente. E, cosa altrettanto importante, una padella in acciaio inossidabile mantiene sempre il suo aspetto brillante!    <\/p>\n<p>La nostra padella pi\u00f9 grande, con un <strong>diametro di quasi un metro in acciaio inossidabile<\/strong>, \u00e8 stata sviluppata per un cliente che, oltre a uno strumento efficace, ha bisogno anche di un aspetto elegante. La padella permette di preparare centinaia di porzioni in modo molto veloce e di soddisfare grandi folle. \u00c8 adatta per la presentazione dei prodotti, ma anche per servire il cibo in occasioni di festa, come matrimoni e ricevimenti. Questo modello \u00e8 utilizzato da catering, ristoranti, industrie di carne e salsicce in Finlandia, Scandinavia, Inghilterra e Paesi Baltici. La padella con bordo alto e fondo spesso (5 mm) \u00e8 un articolo ben funzionante.    <\/p>\n<p>La PRO-960 inox permette di preparare diversi piatti a partire da ingredienti crudi e precotti. La padella pu\u00f2 contenere 50-80 porzioni a seconda del piatto cucinato. La padella ha un bordo di 5 cm che permette di cuocere gli alimenti in umido e al vapore (sotto il coperchio), un grande vantaggio rispetto alle padelle con bordo basso. Usa la tua fantasia e cucina il piatto che desideri sulla padella!   <\/p>\n","protected":false},"featured_media":29302,"comment_status":"open","ping_status":"closed","template":"","meta":{"footnotes":""},"class_list":{"0":"post-29301","1":"product","2":"type-product","3":"status-publish","4":"has-post-thumbnail","5":"hentry","6":"product_cat-padelle-per-paella-e-wok","8":"product_cat-paelle-e-wok-in-acciaio-inox"},"_links":{"self":[{"href":"https:\/\/www.grillsymbol.com\/it\/wp-json\/wp\/v2\/product\/29301","targetHints":{"allow":["GET"]}}],"collection":[{"href":"https:\/\/www.grillsymbol.com\/it\/wp-json\/wp\/v2\/product"}],"about":[{"href":"https:\/\/www.grillsymbol.com\/it\/wp-json\/wp\/v2\/types\/product"}],"replies":[{"embeddable":true,"href":"https:\/\/www.grillsymbol.com\/it\/wp-json\/wp\/v2\/comments?post=29301"}],"version-history":[{"count":1,"href":"https:\/\/www.grillsymbol.com\/it\/wp-json\/wp\/v2\/product\/29301\/revisions"}],"predecessor-version":[{"id":29313,"href":"https:\/\/www.grillsymbol.com\/it\/wp-json\/wp\/v2\/product\/29301\/revisions\/29313"}],"wp:featuredmedia":[{"embeddable":true,"href":"https:\/\/www.grillsymbol.com\/it\/wp-json\/wp\/v2\/media\/29302"}],"wp:attachment":[{"href":"https:\/\/www.grillsymbol.com\/it\/wp-json\/wp\/v2\/media?parent=29301"}],"curies":[{"name":"wp","href":"https:\/\/api.w.org\/{rel}","templated":true}]}}