{"id":29325,"date":"2017-04-11T06:54:54","date_gmt":"2026-01-07T15:12:54","guid":{"rendered":"https:\/\/www.grillsymbol.com\/shop\/uncategorized\/padella-wok-grillsymbol-wp-915-o-91-cm\/"},"modified":"2026-01-07T15:12:54","modified_gmt":"2026-01-07T15:12:54","slug":"grillsymbol-wok-pan-wp-915-o-91-cm-2","status":"publish","type":"product","link":"https:\/\/www.grillsymbol.com\/it\/shop\/padelle-per-paella-e-wok\/grillsymbol-wok-pan-wp-915-o-91-cm-2\/","title":{"rendered":"Padella Wok GrillSymbol WP-915, \u00f8 91 cm"},"content":{"rendered":"<p>&nbsp;<\/p>\n<ul>\n<li>Materiale: Acciaio da 5 mm<\/li>\n<li>Diametro: 91 cm<\/li>\n<li>Concavit\u00e0: 12 cm<\/li>\n<li>Peso: 32 kg<\/li>\n<li>Capacit\u00e0: 50 porzioni<\/li>\n<\/ul>\n","protected":false},"excerpt":{"rendered":"<p><strong>WP-915<\/strong><strong> \u00e8 una grande padella wok. <\/strong>La padella profonda in acciaio con fondo curvo \u00e8 adatta soprattutto per preparare piatti asiatici, piatti wok e patatine fritte.<\/p>\n<p>Se possiedi gi\u00e0 i modelli PRO-960\/ PRO-960 inox o il set di cucine a gas per paella TW-960\/ TW-960 inox, ti consigliamo di acquistare la soluzione wok WS-915 per aggiungere la multifunzionalit\u00e0. Grazie alla sua grande capacit\u00e0, \u00e8 adatto soprattutto a catering, imprese di catering e ristoranti. <\/p>\n","protected":false},"featured_media":29326,"comment_status":"open","ping_status":"closed","template":"","meta":{"footnotes":""},"class_list":["post-29325","product","type-product","status-publish","has-post-thumbnail","hentry","product_cat-padelle-per-paella-e-wok"],"_links":{"self":[{"href":"https:\/\/www.grillsymbol.com\/it\/wp-json\/wp\/v2\/product\/29325","targetHints":{"allow":["GET"]}}],"collection":[{"href":"https:\/\/www.grillsymbol.com\/it\/wp-json\/wp\/v2\/product"}],"about":[{"href":"https:\/\/www.grillsymbol.com\/it\/wp-json\/wp\/v2\/types\/product"}],"replies":[{"embeddable":true,"href":"https:\/\/www.grillsymbol.com\/it\/wp-json\/wp\/v2\/comments?post=29325"}],"version-history":[{"count":0,"href":"https:\/\/www.grillsymbol.com\/it\/wp-json\/wp\/v2\/product\/29325\/revisions"}],"wp:featuredmedia":[{"embeddable":true,"href":"https:\/\/www.grillsymbol.com\/it\/wp-json\/wp\/v2\/media\/29326"}],"wp:attachment":[{"href":"https:\/\/www.grillsymbol.com\/it\/wp-json\/wp\/v2\/media?parent=29325"}],"curies":[{"name":"wp","href":"https:\/\/api.w.org\/{rel}","templated":true}]}}