{"id":29375,"date":"2021-12-03T10:49:49","date_gmt":"2026-01-07T15:21:55","guid":{"rendered":"https:\/\/www.grillsymbol.com\/shop\/uncategorized\/grillsymbol-padella-wok-wp-545-inox-o-54-cm\/"},"modified":"2026-01-07T15:21:55","modified_gmt":"2026-01-07T15:21:55","slug":"grillsymbol-wok-pan-wp-545-inox-o-54-cm-2","status":"publish","type":"product","link":"https:\/\/www.grillsymbol.com\/it\/shop\/padelle-per-paella-e-wok\/grillsymbol-wok-pan-wp-545-inox-o-54-cm-2\/","title":{"rendered":"GrillSymbol Padella Wok WP-545 inox, \u00f8 54 cm"},"content":{"rendered":"<ul>\n<li>Materiale: Acciaio inossidabile da 3 mm<\/li>\n<li>Diametro: 54 cm<\/li>\n<li>Concavit\u00e0: 10 cm<\/li>\n<li>Peso: 9 kg<\/li>\n<li>Capacit\u00e0: 20 porzioni<\/li>\n<\/ul>\n","protected":false},"excerpt":{"rendered":"<p><strong>WP-545i <\/strong><strong>\u00e8 una padella wok grande e capiente. <\/strong>Ha ottime caratteristiche di cottura. La padella wok profonda in acciaio inox con fondo curvo \u00e8 pensata principalmente per la preparazione di piatti asiatici. \u00c8 possibile preparare rapidamente diversi wok, zuppe, come Tom Kha, Tom Yum e molti altri piatti. Poich\u00e9 il wok da 54 cm \u00e8 pi\u00f9 efficiente e veloce della maggior parte delle fritture, \u00e8 perfetto per friggere &#8211; involtini primavera, tempura, fish and chips, falafel, ali di pollo, anelli di cipolla e calamari, ecc.   <\/p>\n<p>Se possiedi gi\u00e0 i modelli PRO-580\/ PRO-580 inox o il set di cucine a gas per paella TW-580\/ TW-580 inox, ti consigliamo di acquistare la soluzione wok WS-545 per aggiungere la multifunzionalit\u00e0. Grazie alla sua grande capacit\u00e0, \u00e8 adatto soprattutto a catering, imprese di catering e ristoranti. <\/p>\n","protected":false},"featured_media":29376,"comment_status":"open","ping_status":"closed","template":"","meta":{"footnotes":""},"class_list":{"0":"post-29375","1":"product","2":"type-product","3":"status-publish","4":"has-post-thumbnail","5":"hentry","6":"product_cat-padelle-per-paella-e-wok","8":"product_cat-paelle-e-wok-in-acciaio-inox"},"_links":{"self":[{"href":"https:\/\/www.grillsymbol.com\/it\/wp-json\/wp\/v2\/product\/29375","targetHints":{"allow":["GET"]}}],"collection":[{"href":"https:\/\/www.grillsymbol.com\/it\/wp-json\/wp\/v2\/product"}],"about":[{"href":"https:\/\/www.grillsymbol.com\/it\/wp-json\/wp\/v2\/types\/product"}],"replies":[{"embeddable":true,"href":"https:\/\/www.grillsymbol.com\/it\/wp-json\/wp\/v2\/comments?post=29375"}],"version-history":[{"count":0,"href":"https:\/\/www.grillsymbol.com\/it\/wp-json\/wp\/v2\/product\/29375\/revisions"}],"wp:featuredmedia":[{"embeddable":true,"href":"https:\/\/www.grillsymbol.com\/it\/wp-json\/wp\/v2\/media\/29376"}],"wp:attachment":[{"href":"https:\/\/www.grillsymbol.com\/it\/wp-json\/wp\/v2\/media?parent=29375"}],"curies":[{"name":"wp","href":"https:\/\/api.w.org\/{rel}","templated":true}]}}