{"id":29387,"date":"2021-12-03T08:57:17","date_gmt":"2026-01-07T15:25:33","guid":{"rendered":"https:\/\/www.grillsymbol.com\/shop\/uncategorized\/grillsymbol-cataplana-padellaadattatore-ws-545-cat\/"},"modified":"2026-01-12T14:41:07","modified_gmt":"2026-01-12T14:41:07","slug":"griglie-simbolo-cataplana-panadapter-ws-545-cat","status":"publish","type":"product","link":"https:\/\/www.grillsymbol.com\/it\/shop\/padelle-per-paella-e-wok\/griglie-simbolo-cataplana-panadapter-ws-545-cat\/","title":{"rendered":"GrillSymbol Cataplana padella+adattatore WS-545 CAT"},"content":{"rendered":"<ul>\n<li>Materiale: Acciaio da 3 mm<\/li>\n<li>Diametro: 54 cm<\/li>\n<li>Concavit\u00e0: 10 cm<\/li>\n<li>Capacit\u00e0: 20 porzioni<\/li>\n<li>Peso: 10 kg<\/li>\n<li>L&#8217;adattatore \u00e8 incluso<\/li>\n<\/ul>\n","protected":false},"excerpt":{"rendered":"<p><strong>WS-545-CAT<\/strong> <strong>\u00e8 un set composto da una cataplana GrillSymbol grande e capiente e da un adattatore.<\/strong> La padella \u00e8 un ibrido tra una cataplana e una padella wok. Con un coperchio a cupola, funziona proprio come una cataplana tradizionale. Le cataplane GrillSymbol non sono dotate di un morsetto sul coperchio, quindi la padella pu\u00f2 essere utilizzata per diversi scopi. L&#8217;adattatore rende anche pi\u00f9 alta la protezione dal vento. Pu\u00f2 essere installato sui modelli <strong>PRO-580<\/strong> e <strong>PRO-580 inox<\/strong> e sul fornello a gas <strong>TW-580<\/strong>.    <\/p>\n<p>La padella in acciaio con fondo spesso (3 mm) e coperchio in alluminio leggero funziona come una cataplana e come un wok senza coperchio. Grazie alla sua forma curva, pu\u00f2 essere utilizzata per preparare un&#8217;ampia variet\u00e0 di cibi, dalla cucina mediterranea a quella giapponese. La forma rotonda permette di utilizzare la padella come friggitrice per churros, bu\u00f1uelos, tempura, involtini primavera, ecc.  <\/p>\n","protected":false},"featured_media":29388,"comment_status":"open","ping_status":"closed","template":"","meta":{"footnotes":""},"class_list":["post-29387","product","type-product","status-publish","has-post-thumbnail","hentry","product_cat-padelle-per-paella-e-wok"],"_links":{"self":[{"href":"https:\/\/www.grillsymbol.com\/it\/wp-json\/wp\/v2\/product\/29387","targetHints":{"allow":["GET"]}}],"collection":[{"href":"https:\/\/www.grillsymbol.com\/it\/wp-json\/wp\/v2\/product"}],"about":[{"href":"https:\/\/www.grillsymbol.com\/it\/wp-json\/wp\/v2\/types\/product"}],"replies":[{"embeddable":true,"href":"https:\/\/www.grillsymbol.com\/it\/wp-json\/wp\/v2\/comments?post=29387"}],"version-history":[{"count":1,"href":"https:\/\/www.grillsymbol.com\/it\/wp-json\/wp\/v2\/product\/29387\/revisions"}],"predecessor-version":[{"id":29396,"href":"https:\/\/www.grillsymbol.com\/it\/wp-json\/wp\/v2\/product\/29387\/revisions\/29396"}],"wp:featuredmedia":[{"embeddable":true,"href":"https:\/\/www.grillsymbol.com\/it\/wp-json\/wp\/v2\/media\/29388"}],"wp:attachment":[{"href":"https:\/\/www.grillsymbol.com\/it\/wp-json\/wp\/v2\/media?parent=29387"}],"curies":[{"name":"wp","href":"https:\/\/api.w.org\/{rel}","templated":true}]}}