{"id":29466,"date":"2017-04-11T06:34:51","date_gmt":"2026-01-07T15:28:56","guid":{"rendered":"https:\/\/www.grillsymbol.com\/shop\/uncategorized\/grillsymbol-set-di-cottura-per-paella-pro-580-inox-o-58-cm\/"},"modified":"2026-03-31T09:09:39","modified_gmt":"2026-03-31T09:09:39","slug":"grillsymbol-paella-cooking-set-pro-580-inox-o-58-cm","status":"publish","type":"product","link":"https:\/\/www.grillsymbol.com\/it\/shop\/set-per-cucinare-la-paella\/grillsymbol-paella-cooking-set-pro-580-inox-o-58-cm\/","title":{"rendered":"GrillSymbol Set di cottura per paella PRO-580 inox, \u00f8 58 cm"},"content":{"rendered":"<p><strong>Specifiche:<\/strong><\/p>\n<p><strong> <\/strong><\/p>\n<ul>\n<li>Lavorare con il gas propano o butano<\/li>\n<li>Telaio e gambe in acciaio inox<\/li>\n<li>11,4 KW, 2 bruciatori a gas ad anello<\/li>\n<li>0,3-1 kg\/h Consumo di gas<\/li>\n<li>0,3-1 kg\/h Consumo di gas<\/li>\n<li>NB! L&#8217;ugello adatto viene assemblato in fabbrica in base al paese di destinazione dell&#8217;ordine.<\/li>\n<li>Spessore del pannello 3 mm<\/li>\n<li>12-20 Capacit\u00e0 delle porzioni<\/li>\n<li>Peso totale 16 KG<\/li>\n<li>Peso della pentola 8 KG<\/li>\n<li>Accensione a batteria<\/li>\n<li>Richiede 1 batteria di tipo AA (inclusa)<\/li>\n<li>Regolatore del gas non fornito<\/li>\n<\/ul>\n<p>&nbsp;<\/p>\n<p>NB! Il set di pentole non include il coperchio.<\/p>\n<p>&nbsp;<\/p>\n<div>\n<p><strong>Vantaggi del prodotto GrillSymbol serie PRO :<\/strong><\/p>\n<ul>\n<li>La sicurezza prima di tutto: il prodotto soddisfa i requisiti CE<\/li>\n<li>Una padella dai bordi alti permette di friggere, cucinare, cuocere a vapore e bollire<\/li>\n<li>Parabrezza triplo &#8211; tripla protezione dal vento<\/li>\n<li>Triplo parabrezza: il calore viene indirizzato direttamente sulla padella e non si disperde.<\/li>\n<li>Parabrezza triplo: riduzione del consumo di gas<\/li>\n<li>Click and Cook: accendi il fuoco a batteria, dimentica i fiammiferi.<\/li>\n<li>Telaio e piedi robusti: il prodotto \u00e8 stabile<\/li>\n<li>Parabrezza e gambe in acciaio inox: non si corrodono e sono di facile manutenzione.<\/li>\n<li>Pronto per l&#8217;uso: il prodotto \u00e8 gi\u00e0 pronto e il montaggio richiede solo due minuti.<\/li>\n<li>Il bruciatore e il parabrezza possono essere utilizzati con diverse pentole<\/li>\n<li>Testato e sviluppato nei paesi nordici, prodotto in Estonia<\/li>\n<li>GrillSymbol &#8211; Azienda familiare dal 1925<\/li>\n<\/ul>\n<\/div>\n","protected":false},"excerpt":{"rendered":"<p><strong>Una<\/strong> padella con bordo alto <strong>in acciaio inossidabile<\/strong>, ideale per stufare, cucinare, friggere e cuocere al vapore. L&#8217;acciaio inossidabile permette di preparare <strong>i migliori piatti in umido<\/strong>, poich\u00e9 la padella in acciaio pu\u00f2 aggiungere colore o sapore al piatto, quando lo strato condito si danneggia. \u00c8 facile da pulire e da mantenere. Si riscalda molto velocemente. E, cosa altrettanto importante, una padella in acciaio inossidabile mantiene sempre il suo aspetto brillante!    <\/p>\n<p><strong><b>PRO-580 inox<\/b><\/strong> \u00e8 uno dei set pi\u00f9 popolari tra gli utenti domestici. La struttura robusta, il potente bruciatore a gas, la luce otto e la padella con bordo alto sono una buona combinazione. Permette di preparare diversi piatti a partire da ingredienti crudi e precotti. La padella pu\u00f2 contenere 12-20 porzioni a seconda del piatto cucinato. Il fondo piatto della padella permette di mantenere il cibo caldo. Il fondo della padella diventa un po&#8217; vuoto quando si riscalda. La padella ha un bordo di 5 cm che permette di cuocere gli alimenti in umido e al vapore (sotto il coperchio), un grande vantaggio rispetto alle padelle con il bordo basso. <strong><b>Triplo parabrezza<\/b><\/strong> offre la migliore protezione possibile dal vento e la fiamma non si spegne nemmeno con un vento moderato.      <\/p>\n","protected":false},"featured_media":29467,"comment_status":"open","ping_status":"closed","template":"","meta":{"footnotes":""},"class_list":["post-29466","product","type-product","status-publish","has-post-thumbnail","hentry","product_cat-set-per-cucinare-la-paella"],"_links":{"self":[{"href":"https:\/\/www.grillsymbol.com\/it\/wp-json\/wp\/v2\/product\/29466","targetHints":{"allow":["GET"]}}],"collection":[{"href":"https:\/\/www.grillsymbol.com\/it\/wp-json\/wp\/v2\/product"}],"about":[{"href":"https:\/\/www.grillsymbol.com\/it\/wp-json\/wp\/v2\/types\/product"}],"replies":[{"embeddable":true,"href":"https:\/\/www.grillsymbol.com\/it\/wp-json\/wp\/v2\/comments?post=29466"}],"version-history":[{"count":1,"href":"https:\/\/www.grillsymbol.com\/it\/wp-json\/wp\/v2\/product\/29466\/revisions"}],"predecessor-version":[{"id":29533,"href":"https:\/\/www.grillsymbol.com\/it\/wp-json\/wp\/v2\/product\/29466\/revisions\/29533"}],"wp:featuredmedia":[{"embeddable":true,"href":"https:\/\/www.grillsymbol.com\/it\/wp-json\/wp\/v2\/media\/29467"}],"wp:attachment":[{"href":"https:\/\/www.grillsymbol.com\/it\/wp-json\/wp\/v2\/media?parent=29466"}],"curies":[{"name":"wp","href":"https:\/\/api.w.org\/{rel}","templated":true}]}}