{"id":29534,"date":"2017-04-11T06:41:22","date_gmt":"2026-01-07T15:29:39","guid":{"rendered":"https:\/\/www.grillsymbol.com\/shop\/uncategorized\/grillsymbol-padella-per-paella-in-acciaio-inox-fp-580-o-58\/"},"modified":"2026-01-07T15:29:39","modified_gmt":"2026-01-07T15:29:39","slug":"griglie-symbol-acciaio-inossidabile-paella-pan-fp-580-inox-o-58","status":"publish","type":"product","link":"https:\/\/www.grillsymbol.com\/it\/shop\/padelle-per-paella-e-wok\/griglie-symbol-acciaio-inossidabile-paella-pan-fp-580-inox-o-58\/","title":{"rendered":"GrillSymbol Padella per paella in acciaio inox FP-580, \u00f8 58"},"content":{"rendered":"<p><strong>Specifiche:<\/strong><\/p>\n<p>&nbsp;<\/p>\n<ul>\n<li>58 cm Diametro padella (acciaio inox)<\/li>\n<li>Spessore del pannello 3 mm<\/li>\n<li>12-20 Capacit\u00e0 delle porzioni<\/li>\n<li>Peso della pentola 8 KG<\/li>\n<\/ul>\n","protected":false},"excerpt":{"rendered":"<p><strong>Una<\/strong> padella con bordo alto <strong>in acciaio inossidabile<\/strong>, ideale per stufare, cucinare, friggere e cuocere al vapore. L&#8217;acciaio inossidabile permette di preparare <strong>i migliori piatti in umido<\/strong>, poich\u00e9 la padella in acciaio pu\u00f2 aggiungere colore o sapore al piatto, quando lo strato condito si danneggia. \u00c8 facile da pulire e da mantenere. Si riscalda molto velocemente. E, cosa altrettanto importante, una padella in acciaio inossidabile mantiene sempre il suo aspetto brillante!    <\/p>\n<p>La PRO-580 inox \u00e8 una delle pi\u00f9 popolari tra gli utenti domestici. Il peso ridotto e la padella con bordi alti sono una buona combinazione. Permette di preparare diversi piatti a partire da ingredienti crudi e precotti. La padella pu\u00f2 contenere 12-20 porzioni a seconda del piatto cucinato. Il fondo piatto della padella permette di mantenere il cibo caldo. Il fondo della padella diventa un po&#8217; vuoto quando si riscalda. La padella ha un bordo di 5 cm che permette di cuocere gli alimenti in umido e al vapore (sotto il coperchio), un grande vantaggio rispetto alle padelle con il bordo basso.      <\/p>\n","protected":false},"featured_media":29535,"comment_status":"open","ping_status":"closed","template":"","meta":{"footnotes":""},"class_list":{"0":"post-29534","1":"product","2":"type-product","3":"status-publish","4":"has-post-thumbnail","5":"hentry","6":"product_cat-padelle-per-paella-e-wok","8":"product_cat-paelle-e-wok-in-acciaio-inox"},"_links":{"self":[{"href":"https:\/\/www.grillsymbol.com\/it\/wp-json\/wp\/v2\/product\/29534","targetHints":{"allow":["GET"]}}],"collection":[{"href":"https:\/\/www.grillsymbol.com\/it\/wp-json\/wp\/v2\/product"}],"about":[{"href":"https:\/\/www.grillsymbol.com\/it\/wp-json\/wp\/v2\/types\/product"}],"replies":[{"embeddable":true,"href":"https:\/\/www.grillsymbol.com\/it\/wp-json\/wp\/v2\/comments?post=29534"}],"version-history":[{"count":0,"href":"https:\/\/www.grillsymbol.com\/it\/wp-json\/wp\/v2\/product\/29534\/revisions"}],"wp:featuredmedia":[{"embeddable":true,"href":"https:\/\/www.grillsymbol.com\/it\/wp-json\/wp\/v2\/media\/29535"}],"wp:attachment":[{"href":"https:\/\/www.grillsymbol.com\/it\/wp-json\/wp\/v2\/media?parent=29534"}],"curies":[{"name":"wp","href":"https:\/\/api.w.org\/{rel}","templated":true}]}}