{"id":29611,"date":"2019-05-02T05:06:34","date_gmt":"2026-01-07T15:34:03","guid":{"rendered":"https:\/\/www.grillsymbol.com\/shop\/uncategorized\/padella-wok-grillsymbol-wp-545-o-54-cm\/"},"modified":"2026-01-07T15:34:03","modified_gmt":"2026-01-07T15:34:03","slug":"grillsymbol-wok-pan-wp-545-o-54-cm-2","status":"publish","type":"product","link":"https:\/\/www.grillsymbol.com\/it\/shop\/padelle-per-paella-e-wok\/grillsymbol-wok-pan-wp-545-o-54-cm-2\/","title":{"rendered":"Padella Wok GrillSymbol WP-545, \u00f8 54 cm"},"content":{"rendered":"<p>&nbsp;<\/p>\n<ul>\n<li>Materiale: Acciaio da 4 mm<\/li>\n<li>Diametro: 54 cm<\/li>\n<li>Concavit\u00e0: 11 cm<\/li>\n<li>Peso: 9 kg<\/li>\n<li>Capacit\u00e0: 25 porzioni<\/li>\n<\/ul>\n","protected":false},"excerpt":{"rendered":"<div>\n<p><strong>WP-545 <\/strong><strong>\u00e8 una padella wok grande e capiente. <\/strong>Ha ottime caratteristiche di cottura. La padella wok in acciaio profondo con fondo curvo \u00e8 destinata principalmente alla preparazione di piatti asiatici. Poich\u00e9 il wok da 54 cm \u00e8 pi\u00f9 efficiente e veloce della maggior parte delle fritture, si adatta perfettamente alla frittura di involtini primavera, tempura, fish and chips, falafel, ali di pollo, anelli di cipolla e calamari, ecc.  <\/p>\n<p>Se possiedi gi\u00e0 i modelli PRO-580\/ PRO-580 inox o il set di cucine a gas per paella TW-580\/ TW-580 inox, ti consigliamo di acquistare la soluzione wok WS-545 per aggiungere la multifunzionalit\u00e0. Grazie alla sua grande capacit\u00e0, \u00e8 adatto soprattutto a catering, imprese di catering e ristoranti. <\/p>\n<p>Ideale per essere utilizzato in una cucina all&#8217;aperto, su un fal\u00f2 o su un fornello a gas.<\/p>\n<\/div>\n","protected":false},"featured_media":29612,"comment_status":"open","ping_status":"closed","template":"","meta":{"footnotes":""},"class_list":["post-29611","product","type-product","status-publish","has-post-thumbnail","hentry","product_cat-padelle-per-paella-e-wok"],"_links":{"self":[{"href":"https:\/\/www.grillsymbol.com\/it\/wp-json\/wp\/v2\/product\/29611","targetHints":{"allow":["GET"]}}],"collection":[{"href":"https:\/\/www.grillsymbol.com\/it\/wp-json\/wp\/v2\/product"}],"about":[{"href":"https:\/\/www.grillsymbol.com\/it\/wp-json\/wp\/v2\/types\/product"}],"replies":[{"embeddable":true,"href":"https:\/\/www.grillsymbol.com\/it\/wp-json\/wp\/v2\/comments?post=29611"}],"version-history":[{"count":0,"href":"https:\/\/www.grillsymbol.com\/it\/wp-json\/wp\/v2\/product\/29611\/revisions"}],"wp:featuredmedia":[{"embeddable":true,"href":"https:\/\/www.grillsymbol.com\/it\/wp-json\/wp\/v2\/media\/29612"}],"wp:attachment":[{"href":"https:\/\/www.grillsymbol.com\/it\/wp-json\/wp\/v2\/media?parent=29611"}],"curies":[{"name":"wp","href":"https:\/\/api.w.org\/{rel}","templated":true}]}}