{"id":29700,"date":"2017-04-11T06:55:07","date_gmt":"2026-01-07T15:38:04","guid":{"rendered":"https:\/\/www.grillsymbol.com\/shop\/uncategorized\/grillsymbol-padella-wok-wp-675-o-67-cm\/"},"modified":"2026-01-07T15:38:04","modified_gmt":"2026-01-07T15:38:04","slug":"grillsymbol-wok-pan-wp-675-o-67-cm-2","status":"publish","type":"product","link":"https:\/\/www.grillsymbol.com\/it\/shop\/padelle-per-paella-e-wok\/grillsymbol-wok-pan-wp-675-o-67-cm-2\/","title":{"rendered":"GrillSymbol Padella Wok WP-675, \u00f8 67 cm"},"content":{"rendered":"<p>&nbsp;<\/p>\n<ul>\n<li>Materiale: Acciaio da 4 mm<\/li>\n<li>Diametro: 67,5 cm<\/li>\n<li>Concavit\u00e0: 11 cm<\/li>\n<li>Peso: 14 kg<\/li>\n<li>Capacit\u00e0: 25 porzioni<\/li>\n<\/ul>\n","protected":false},"excerpt":{"rendered":"<p><strong>WP-675<\/strong><strong> \u00e8 una grande padella wok. <\/strong>La padella profonda in acciaio con fondo curvo \u00e8 adatta soprattutto per preparare piatti asiatici, piatti wok e patatine fritte.<\/p>\n<p>Se possiedi gi\u00e0 i modelli PRO-720\/ PRO-720 inox o il set di cucine a gas per paella TW-720\/ TW-720 inox, ti consigliamo di acquistare la soluzione wok WS-675 per aggiungere la multifunzionalit\u00e0. Grazie alla sua grande capacit\u00e0, \u00e8 adatto soprattutto a catering, imprese di catering e ristoranti. <\/p>\n<p>Ideale per essere utilizzato in una cucina all&#8217;aperto, su un fal\u00f2 o su un fornello a gas.<\/p>\n","protected":false},"featured_media":29701,"comment_status":"open","ping_status":"closed","template":"","meta":{"footnotes":""},"class_list":["post-29700","product","type-product","status-publish","has-post-thumbnail","hentry","product_cat-padelle-per-paella-e-wok"],"_links":{"self":[{"href":"https:\/\/www.grillsymbol.com\/it\/wp-json\/wp\/v2\/product\/29700","targetHints":{"allow":["GET"]}}],"collection":[{"href":"https:\/\/www.grillsymbol.com\/it\/wp-json\/wp\/v2\/product"}],"about":[{"href":"https:\/\/www.grillsymbol.com\/it\/wp-json\/wp\/v2\/types\/product"}],"replies":[{"embeddable":true,"href":"https:\/\/www.grillsymbol.com\/it\/wp-json\/wp\/v2\/comments?post=29700"}],"version-history":[{"count":0,"href":"https:\/\/www.grillsymbol.com\/it\/wp-json\/wp\/v2\/product\/29700\/revisions"}],"wp:featuredmedia":[{"embeddable":true,"href":"https:\/\/www.grillsymbol.com\/it\/wp-json\/wp\/v2\/media\/29701"}],"wp:attachment":[{"href":"https:\/\/www.grillsymbol.com\/it\/wp-json\/wp\/v2\/media?parent=29700"}],"curies":[{"name":"wp","href":"https:\/\/api.w.org\/{rel}","templated":true}]}}