{"id":29715,"date":"2017-04-11T06:32:51","date_gmt":"2026-01-07T15:39:46","guid":{"rendered":"https:\/\/www.grillsymbol.com\/shop\/uncategorized\/grillsymbol-set-di-cottura-per-paella-pro-720-inox\/"},"modified":"2026-03-31T09:42:52","modified_gmt":"2026-03-31T09:42:52","slug":"grillsymbol-paella-cooking-set-pro-720-inox","status":"publish","type":"product","link":"https:\/\/www.grillsymbol.com\/it\/shop\/set-per-cucinare-la-paella\/grillsymbol-paella-cooking-set-pro-720-inox\/","title":{"rendered":"GrillSymbol Set di cottura per paella PRO-720 inox"},"content":{"rendered":"<p><strong>Specifiche:<\/strong><\/p>\n<p><strong> <\/strong><\/p>\n<ul>\n<li>Lavorare con il gas propano o butano<\/li>\n<li>Vaschetta e telaio in acciaio inox<\/li>\n<li>4 KW, 2 bruciatori a gas ad anello<\/li>\n<li>3-1 kg\/h Consumo di gas<\/li>\n<li>NB! L&#8217;ugello adatto viene assemblato in fabbrica in base al paese di destinazione dell&#8217;ordine.<\/li>\n<li>Diametro della pentola 72 cm<\/li>\n<li>Spessore del pannello 3 mm<\/li>\n<li>20-30 Capacit\u00e0 delle porzioni<\/li>\n<li>Peso totale 25 KG<\/li>\n<li>Peso della pentola 9 KG<\/li>\n<li>Accensione a batteria<\/li>\n<li>Richiede 1 batteria di tipo AA (inclusa)<\/li>\n<li>Regolatore non fornito<\/li>\n<\/ul>\n<p>&nbsp;<\/p>\n<p>NB! Il set di pentole non include il coperchio.<\/p>\n<p>&nbsp;<\/p>\n<p><strong>Vantaggi del prodotto GrillSymbol serie PRO :<\/strong><\/p>\n<p><strong> <\/strong><\/p>\n<ul>\n<li>La sicurezza prima di tutto: il prodotto soddisfa i requisiti CE<\/li>\n<li>Una padella dai bordi alti permette di friggere, cucinare, cuocere a vapore e bollire<\/li>\n<li>Parabrezza triplo: tripla protezione dal vento.<\/li>\n<li>Triplo parabrezza: il calore viene diretto direttamente sulla padella e non svanisce.<\/li>\n<li>Triplo parabrezza: riduzione del consumo di gas<\/li>\n<li>Click and Cook: accendi il fuoco a batteria, dimentica i fiammiferi.<\/li>\n<li>Telaio e piedi robusti: il prodotto \u00e8 stabile<\/li>\n<li>Parabrezza e gambe in acciaio inox: non si corrodono e sono di facile manutenzione.<\/li>\n<li>Pronto per l&#8217;uso: il prodotto \u00e8 gi\u00e0 pronto e il montaggio richiede solo due minuti.<\/li>\n<li>Il bruciatore e il parabrezza possono essere utilizzati con diverse pentole<\/li>\n<li>Testato e sviluppato nei paesi nordici, prodotto in Estonia<\/li>\n<li>GrillSymbol &#8211; Azienda familiare dal 1925<\/li>\n<\/ul>\n","protected":false},"excerpt":{"rendered":"<p><strong>Una padella con bordo alto in acciaio inossidabile<\/strong>, ideale per stufare, cucinare, friggere e cuocere al vapore. L&#8217;acciaio inossidabile permette di preparare <b>i migliori piatti in umido<\/b>, poich\u00e9 la padella in acciaio pu\u00f2 aggiungere colore o sapore al piatto, quando lo strato condito si danneggia. \u00c8 facile da pulire e da mantenere. Si riscalda molto velocemente. E, cosa altrettanto importante, una padella in acciaio inossidabile mantiene sempre il suo aspetto brillante!    <\/p>\n<p><strong><b>PRO-720i<\/b><\/strong> \u00e8 un modello popolare tra gli utenti domestici che intrattengono molti ospiti e organizzano grandi grigliate. Questo modello \u00e8 utilizzato anche dai ristoratori. La struttura robusta, il potente bruciatore a gas e la padella dal fondo spesso e alto formano un insieme ben funzionante. Il triplo parabrezza offre la migliore protezione possibile dal vento e la fiamma non si spegne nemmeno con un vento moderato.   <\/p>\n<p><strong><b>PRO-720i<\/b><\/strong> permette di preparare diversi piatti a partire da ingredienti crudi e precotti. La padella pu\u00f2 contenere 20-30 porzioni a seconda del piatto cucinato. Il fondo piatto della padella permette di mantenere il cibo caldo. Quando si frigge, \u00e8 importante che la temperatura non sia troppo alta e che si aggiunga pi\u00f9 olio rispetto alla padella in acciaio. La padella ha un bordo di 5 cm che permette di cuocere gli alimenti in umido e al vapore (sotto il coperchio), un grande vantaggio rispetto alle padelle con il bordo basso. Usa la tua fantasia e cucina il piatto che desideri sulla padella!     <\/p>\n","protected":false},"featured_media":29716,"comment_status":"open","ping_status":"closed","template":"","meta":{"footnotes":""},"class_list":["post-29715","product","type-product","status-publish","has-post-thumbnail","hentry","product_cat-set-per-cucinare-la-paella"],"_links":{"self":[{"href":"https:\/\/www.grillsymbol.com\/it\/wp-json\/wp\/v2\/product\/29715","targetHints":{"allow":["GET"]}}],"collection":[{"href":"https:\/\/www.grillsymbol.com\/it\/wp-json\/wp\/v2\/product"}],"about":[{"href":"https:\/\/www.grillsymbol.com\/it\/wp-json\/wp\/v2\/types\/product"}],"replies":[{"embeddable":true,"href":"https:\/\/www.grillsymbol.com\/it\/wp-json\/wp\/v2\/comments?post=29715"}],"version-history":[{"count":1,"href":"https:\/\/www.grillsymbol.com\/it\/wp-json\/wp\/v2\/product\/29715\/revisions"}],"predecessor-version":[{"id":29770,"href":"https:\/\/www.grillsymbol.com\/it\/wp-json\/wp\/v2\/product\/29715\/revisions\/29770"}],"wp:featuredmedia":[{"embeddable":true,"href":"https:\/\/www.grillsymbol.com\/it\/wp-json\/wp\/v2\/media\/29716"}],"wp:attachment":[{"href":"https:\/\/www.grillsymbol.com\/it\/wp-json\/wp\/v2\/media?parent=29715"}],"curies":[{"name":"wp","href":"https:\/\/api.w.org\/{rel}","templated":true}]}}