{"id":29953,"date":"2017-05-07T11:51:14","date_gmt":"2026-01-07T15:45:12","guid":{"rendered":"https:\/\/www.grillsymbol.com\/shop\/uncategorized\/grillsymbol-set-di-cottura-per-paella-expert-580-o-58-cm\/"},"modified":"2026-01-08T00:02:20","modified_gmt":"2026-01-08T00:02:20","slug":"grillymbol-paella-cooking-set-expert-580-o-58-cm","status":"publish","type":"product","link":"https:\/\/www.grillsymbol.com\/it\/shop\/set-per-cucinare-la-paella\/grillymbol-paella-cooking-set-expert-580-o-58-cm\/","title":{"rendered":"GrillSymbol Set di cottura per paella Expert-580, \u00f8 58 cm"},"content":{"rendered":"<ul>\n<li>Diametro: 58 cm (fondo della pentola 49 cm)<\/li>\n<li>Capacit\u00e0: 12-25 porzioni (11 litri)<\/li>\n<li>La pentola \u00e8 realizzata in acciaio da 3 mm e pesa 9 kg.<\/li>\n<li>Forma classica della padella per paella: prepara una paella con uno strato di soccarat!<\/li>\n<li>Peso totale del set: 16 kg<\/li>\n<li>Gambe: acciaio verniciato a polvere (fissate con bulloni a farfalla)<\/li>\n<li>Include un elegante e pratico ripiano intermedio<\/li>\n<li>Parabrezza: acciaio inossidabile (facile da mantenere)<\/li>\n<li>11,4 KW, 2 bruciatori a gas ad anello (diametro 40 cm)<\/li>\n<li>I due anelli del bruciatore possono essere regolati separatamente<\/li>\n<li>Consumo di gas a pieno regime 1 kg\/h, condizioni normali 0,4-0,7 kg\/h<\/li>\n<li>Pronto all&#8217;uso &#8211; preassemblato e il montaggio richiede solo pochi minuti<\/li>\n<li>NB! L&#8217;ugello adatto viene assemblato in fabbrica in base al paese di destinazione dell&#8217;ordine.<\/li>\n<\/ul>\n<p>&nbsp;<\/p>\n<p>NB! Il set di pentole non include il coperchio e la bombola del gas.<\/p>\n<p>La pentola deve essere conservata in un luogo asciutto quando non viene utilizzata.<\/p>\n<p><strong>Accessori adatti:<\/strong> coperchio della padella (L580), coperchio della padella (C580), attacco del fornello (SA-40)<\/p>\n","protected":false},"excerpt":{"rendered":"<p>L<strong>&#8216;Expert-580<\/strong> \u00e8 un set popolare tra gli utenti domestici e i ristoratori. La struttura stabile, il potente bruciatore a gas, la leggerezza e la padella di grande capacit\u00e0 sono una buona combinazione. La padella ha un bordo di 5 cm e una capacit\u00e0 di 11 litri. A seconda del cibo, la padella pu\u00f2 cuocere 12-25 porzioni di cibo alla volta.   <\/p>\n<p>Le padelle classiche Expert migliorano con il passare del tempo: pi\u00f9 le usi, meglio cucinano! Con la giusta cura, la padella Expert sar\u00e0 un&#8217;amica per tutta la vita, in attesa di nuove entusiasmanti avventure culinarie e di un gruppo pi\u00f9 numeroso che mangi intorno alla padella. La padella pu\u00f2 essere utilizzata anche su un fuoco aperto, su una griglia, ecc.  <\/p>\n<p><strong>Scegli un prodotto sviluppato e realizzato in Estonia per la cucina!<\/strong><\/p>\n","protected":false},"featured_media":29954,"comment_status":"open","ping_status":"closed","template":"","meta":{"footnotes":""},"class_list":["post-29953","product","type-product","status-publish","has-post-thumbnail","hentry","product_cat-set-per-cucinare-la-paella"],"_links":{"self":[{"href":"https:\/\/www.grillsymbol.com\/it\/wp-json\/wp\/v2\/product\/29953","targetHints":{"allow":["GET"]}}],"collection":[{"href":"https:\/\/www.grillsymbol.com\/it\/wp-json\/wp\/v2\/product"}],"about":[{"href":"https:\/\/www.grillsymbol.com\/it\/wp-json\/wp\/v2\/types\/product"}],"replies":[{"embeddable":true,"href":"https:\/\/www.grillsymbol.com\/it\/wp-json\/wp\/v2\/comments?post=29953"}],"version-history":[{"count":1,"href":"https:\/\/www.grillsymbol.com\/it\/wp-json\/wp\/v2\/product\/29953\/revisions"}],"predecessor-version":[{"id":29974,"href":"https:\/\/www.grillsymbol.com\/it\/wp-json\/wp\/v2\/product\/29953\/revisions\/29974"}],"wp:featuredmedia":[{"embeddable":true,"href":"https:\/\/www.grillsymbol.com\/it\/wp-json\/wp\/v2\/media\/29954"}],"wp:attachment":[{"href":"https:\/\/www.grillsymbol.com\/it\/wp-json\/wp\/v2\/media?parent=29953"}],"curies":[{"name":"wp","href":"https:\/\/api.w.org\/{rel}","templated":true}]}}