{"id":30015,"date":"2017-04-11T06:39:28","date_gmt":"2026-01-07T15:49:20","guid":{"rendered":"https:\/\/www.grillsymbol.com\/shop\/uncategorized\/grillsymbol-set-di-cottura-per-paella-pro-460-inox-o-46-cm\/"},"modified":"2026-03-26T14:11:56","modified_gmt":"2026-03-26T14:11:56","slug":"grillymbol-paella-cooking-set-pro-460-inox-o-46-cm","status":"publish","type":"product","link":"https:\/\/www.grillsymbol.com\/it\/shop\/set-per-cucinare-la-paella\/grillymbol-paella-cooking-set-pro-460-inox-o-46-cm\/","title":{"rendered":"GrillSymbol Set di cottura per paella PRO-460 inox, \u00f8 46 cm"},"content":{"rendered":"<p><strong>Dati tecnici:<\/strong><\/p>\n<p>&nbsp;<\/p>\n<ul>\n<li>Diametro: 46 cm.<\/li>\n<li>Diametro della superficie: 38 cm.<\/li>\n<li>Capacit\u00e0: 6-12 porzioni.<\/li>\n<li>Altezza delle gambe: 26 cm.<\/li>\n<li>Altezza del lato della pentola: 5 cm.<\/li>\n<li>Peso: teglia 6 kg, set complessivo 9 kg.<\/li>\n<li>La padella \u00e8 realizzata in <strong>acciaio inox<\/strong> da 3 mm.<\/li>\n<li>Bruciatore: 6,5 kW, diametro 300 mm.<\/li>\n<li>Consumo di gas a pieno regime 0,6 kg\/h, in condizioni normali 0,2-0,4 kg\/h.<\/li>\n<li>NB! L&#8217;ugello adatto viene assemblato in fabbrica in base al paese di destinazione dell&#8217;ordine.<\/li>\n<li>Le gambe sono staccabili e montabili con bulloni (a farfalla).<\/li>\n<li>Il regolatore e il tubo del gas non sono inclusi nel set.<\/li>\n<\/ul>\n<p>&nbsp;<\/p>\n<p>NB! Il set di pentole non include il coperchio.<\/p>\n<p>&nbsp;<\/p>\n<p><strong> Vantaggi del prodotto GrillSymbol serie PRO: <\/strong><\/p>\n<p>&nbsp;<\/p>\n<ul>\n<li>La sicurezza prima di tutto: il prodotto soddisfa i requisiti CE<\/li>\n<li>Una padella dai bordi alti permette di friggere, cucinare, cuocere a vapore e bollire<\/li>\n<li>Parabrezza triplo &#8211; tripla protezione dal vento<\/li>\n<li>Triplo parabrezza: il calore viene indirizzato direttamente sulla padella e non si disperde.<\/li>\n<li>Parabrezza triplo: riduzione del consumo di gas<\/li>\n<li>Telaio e piedi robusti: il prodotto \u00e8 stabile<\/li>\n<li>Parabrezza e gambe in acciaio inox: non si corrodono e sono di facile manutenzione.<\/li>\n<li>Pronto per l&#8217;uso: il prodotto \u00e8 gi\u00e0 pronto e il montaggio richiede solo due minuti.<\/li>\n<li>Il bruciatore e il parabrezza possono essere utilizzati con diverse pentole<\/li>\n<li>Testato e sviluppato nei paesi nordici, prodotto in Estonia<\/li>\n<li>GrillSymbol &#8211; Azienda familiare dal 1925<\/li>\n<\/ul>\n","protected":false},"excerpt":{"rendered":"<p><b>Una<\/b> padella con bordo alto <b>in acciaio inossidabile<\/b>, ideale per stufare, cucinare, friggere e cuocere al vapore. L&#8217;acciaio inossidabile permette di preparare <b>i migliori piatti in umido<\/b>, poich\u00e9 la padella in acciaio pu\u00f2 aggiungere colore o sapore al piatto, quando lo strato condito si danneggia. \u00c8 facile da pulire e da mantenere. Si riscalda molto velocemente. E, cosa altrettanto importante, una padella in acciaio inossidabile mantiene sempre il suo aspetto brillante!    <\/p>\n<p><strong>PRO-460 inox<\/strong> \u00e8 un set compatto, leggero ma allo stesso tempo robusto per la casa, la casa estiva o per una gita nella natura! Permette di preparare diversi piatti a partire da ingredienti crudi e precotti. La padella pu\u00f2 contenere 6-12 porzioni a seconda del piatto cucinato. Il fondo piatto della padella permette di mantenere il cibo caldo. Quando si frigge, \u00e8 importante che la temperatura non sia troppo alta e che si aggiunga pi\u00f9 olio rispetto alla padella in acciaio. La padella ha un bordo di 5 cm che permette di cuocere gli alimenti in umido e al vapore (sotto il coperchio), un grande vantaggio rispetto alle padelle con il bordo basso. Usa la tua fantasia e cucina il piatto che desideri sulla padella! <strong>Il &#8220;triplo parabrezza&#8221;<\/strong> offre la migliore protezione possibile dal vento e la fiamma non si spegne nemmeno con un vento moderato.      <\/p>\n","protected":false},"featured_media":30016,"comment_status":"open","ping_status":"closed","template":"","meta":{"footnotes":""},"class_list":["post-30015","product","type-product","status-publish","has-post-thumbnail","hentry","product_cat-set-per-cucinare-la-paella"],"_links":{"self":[{"href":"https:\/\/www.grillsymbol.com\/it\/wp-json\/wp\/v2\/product\/30015","targetHints":{"allow":["GET"]}}],"collection":[{"href":"https:\/\/www.grillsymbol.com\/it\/wp-json\/wp\/v2\/product"}],"about":[{"href":"https:\/\/www.grillsymbol.com\/it\/wp-json\/wp\/v2\/types\/product"}],"replies":[{"embeddable":true,"href":"https:\/\/www.grillsymbol.com\/it\/wp-json\/wp\/v2\/comments?post=30015"}],"version-history":[{"count":1,"href":"https:\/\/www.grillsymbol.com\/it\/wp-json\/wp\/v2\/product\/30015\/revisions"}],"predecessor-version":[{"id":30054,"href":"https:\/\/www.grillsymbol.com\/it\/wp-json\/wp\/v2\/product\/30015\/revisions\/30054"}],"wp:featuredmedia":[{"embeddable":true,"href":"https:\/\/www.grillsymbol.com\/it\/wp-json\/wp\/v2\/media\/30016"}],"wp:attachment":[{"href":"https:\/\/www.grillsymbol.com\/it\/wp-json\/wp\/v2\/media?parent=30015"}],"curies":[{"name":"wp","href":"https:\/\/api.w.org\/{rel}","templated":true}]}}