{"id":30087,"date":"2021-12-03T10:32:03","date_gmt":"2026-01-07T15:51:57","guid":{"rendered":"https:\/\/www.grillsymbol.com\/shop\/uncategorized\/grillsymbol-padella-wok-wp-450-inox-o-45-cm\/"},"modified":"2026-01-07T15:51:57","modified_gmt":"2026-01-07T15:51:57","slug":"grillsymbol-wok-pan-wp-450-inox-o-45-cm-2","status":"publish","type":"product","link":"https:\/\/www.grillsymbol.com\/it\/shop\/padelle-per-paella-e-wok\/grillsymbol-wok-pan-wp-450-inox-o-45-cm-2\/","title":{"rendered":"GrillSymbol Padella Wok WP-450 inox, \u00f8 45 cm"},"content":{"rendered":"<ul>\n<li>Materiale: Acciaio inossidabile da 3 mm<\/li>\n<li>Diametro: 45 cm<\/li>\n<li>Concavit\u00e0: 10 cm<\/li>\n<li>Peso: 5 kg<\/li>\n<li>Capacit\u00e0: 10-12 porzioni<\/li>\n<\/ul>\n","protected":false},"excerpt":{"rendered":"<p><strong>WP-450i <\/strong><strong>\u00e8 una padella wok grande e capiente. <\/strong>Ha ottime caratteristiche di cottura. La padella wok profonda in acciaio inox con fondo curvo \u00e8 pensata principalmente per la preparazione di piatti asiatici. \u00c8 possibile preparare rapidamente diversi wok, zuppe, come Tom Kha, Tom Yum e molti altri piatti. Poich\u00e9 il wok da 45 cm \u00e8 pi\u00f9 efficiente e veloce della maggior parte delle fritture, \u00e8 perfetto per friggere &#8211; involtini primavera, tempura, fish and chips, falafel, ali di pollo, anelli di cipolla e calamari, ecc.   <\/p>\n<p>Se possiedi gi\u00e0 i modelli PRO-460\/ PRO-460 inox o il set di cucine a gas per paella TW-460\/ TW-460 inox, ti consigliamo di acquistare la soluzione wok WS-450 per aggiungere la multifunzionalit\u00e0. Grazie alla sua grande capacit\u00e0, \u00e8 adatto soprattutto a catering, imprese di catering e ristoranti. <\/p>\n","protected":false},"featured_media":30088,"comment_status":"open","ping_status":"closed","template":"","meta":{"footnotes":""},"class_list":{"0":"post-30087","1":"product","2":"type-product","3":"status-publish","4":"has-post-thumbnail","5":"hentry","6":"product_cat-padelle-per-paella-e-wok","8":"product_cat-paelle-e-wok-in-acciaio-inox"},"_links":{"self":[{"href":"https:\/\/www.grillsymbol.com\/it\/wp-json\/wp\/v2\/product\/30087","targetHints":{"allow":["GET"]}}],"collection":[{"href":"https:\/\/www.grillsymbol.com\/it\/wp-json\/wp\/v2\/product"}],"about":[{"href":"https:\/\/www.grillsymbol.com\/it\/wp-json\/wp\/v2\/types\/product"}],"replies":[{"embeddable":true,"href":"https:\/\/www.grillsymbol.com\/it\/wp-json\/wp\/v2\/comments?post=30087"}],"version-history":[{"count":0,"href":"https:\/\/www.grillsymbol.com\/it\/wp-json\/wp\/v2\/product\/30087\/revisions"}],"wp:featuredmedia":[{"embeddable":true,"href":"https:\/\/www.grillsymbol.com\/it\/wp-json\/wp\/v2\/media\/30088"}],"wp:attachment":[{"href":"https:\/\/www.grillsymbol.com\/it\/wp-json\/wp\/v2\/media?parent=30087"}],"curies":[{"name":"wp","href":"https:\/\/api.w.org\/{rel}","templated":true}]}}