{"id":30089,"date":"2021-12-03T10:27:38","date_gmt":"2026-01-07T15:52:32","guid":{"rendered":"https:\/\/www.grillsymbol.com\/shop\/uncategorized\/grillsymbol-padella-wok-wp-450-o-45-cm\/"},"modified":"2026-01-07T15:52:32","modified_gmt":"2026-01-07T15:52:32","slug":"grillsymbol-wok-pan-wp-450-o-45-cm-2","status":"publish","type":"product","link":"https:\/\/www.grillsymbol.com\/it\/shop\/padelle-per-paella-e-wok\/grillsymbol-wok-pan-wp-450-o-45-cm-2\/","title":{"rendered":"GrillSymbol Padella Wok WP-450, \u00f8 45 cm"},"content":{"rendered":"<ul>\n<li>Materiale: Acciaio da 3 mm<\/li>\n<li>Diametro: 45 cm<\/li>\n<li>Concavit\u00e0: 10 cm<\/li>\n<li>Peso: 5 kg<\/li>\n<li>Capacit\u00e0: 10 porzioni<\/li>\n<\/ul>\n","protected":false},"excerpt":{"rendered":"<p><strong>La <\/strong><strong>WP-450 <\/strong><strong>\u00e8 una padella wok grande e capiente. <\/strong>Ha ottime caratteristiche di cottura. La padella wok in acciaio profondo con fondo curvo \u00e8 destinata principalmente alla preparazione di piatti asiatici. Poich\u00e9 il wok da 45 cm \u00e8 pi\u00f9 efficiente e veloce della maggior parte delle fritture, si adatta perfettamente alla frittura di involtini primavera, tempura, fish and chips, falafel, ali di pollo, anelli di cipolla e calamari, ecc.  <\/p>\n<p>Se possiedi gi\u00e0 i modelli PRO-460\/ PRO-460 inox o il set di cucine a gas per paella TW-460\/ TW-460 inox, ti consigliamo di acquistare la soluzione wok WS-450 per aggiungere la multifunzionalit\u00e0.<\/p>\n<p>Ideale per essere utilizzato in una cucina all&#8217;aperto, su un fal\u00f2 o su un fornello a gas.<\/p>\n","protected":false},"featured_media":30090,"comment_status":"open","ping_status":"closed","template":"","meta":{"footnotes":""},"class_list":["post-30089","product","type-product","status-publish","has-post-thumbnail","hentry","product_cat-padelle-per-paella-e-wok"],"_links":{"self":[{"href":"https:\/\/www.grillsymbol.com\/it\/wp-json\/wp\/v2\/product\/30089","targetHints":{"allow":["GET"]}}],"collection":[{"href":"https:\/\/www.grillsymbol.com\/it\/wp-json\/wp\/v2\/product"}],"about":[{"href":"https:\/\/www.grillsymbol.com\/it\/wp-json\/wp\/v2\/types\/product"}],"replies":[{"embeddable":true,"href":"https:\/\/www.grillsymbol.com\/it\/wp-json\/wp\/v2\/comments?post=30089"}],"version-history":[{"count":0,"href":"https:\/\/www.grillsymbol.com\/it\/wp-json\/wp\/v2\/product\/30089\/revisions"}],"wp:featuredmedia":[{"embeddable":true,"href":"https:\/\/www.grillsymbol.com\/it\/wp-json\/wp\/v2\/media\/30090"}],"wp:attachment":[{"href":"https:\/\/www.grillsymbol.com\/it\/wp-json\/wp\/v2\/media?parent=30089"}],"curies":[{"name":"wp","href":"https:\/\/api.w.org\/{rel}","templated":true}]}}