{"id":30252,"date":"2017-04-11T06:12:57","date_gmt":"2026-01-08T12:41:30","guid":{"rendered":"https:\/\/www.grillsymbol.com\/shop\/uncategorized\/grillsymbol-set-di-bruciatori-wok-pro-675-o-67-cm\/"},"modified":"2026-03-26T15:20:25","modified_gmt":"2026-03-26T15:20:25","slug":"grillsymbol-wok-burner-set-pro-675-o-67-cm","status":"publish","type":"product","link":"https:\/\/www.grillsymbol.com\/it\/shop\/set-di-bruciatori-wok\/grillsymbol-wok-burner-set-pro-675-o-67-cm\/","title":{"rendered":"GrillSymbol Set di bruciatori Wok PRO-675, \u00f8 67 cm"},"content":{"rendered":"<p><!-- [if gte mso 9]><xml>\n\nNormal\n0\n<w:TrackMoves\/>\n<w:TrackFormatting\/>\n21\n<w:PunctuationKerning\/>\n<w:ValidateAgainstSchemas\/>\nfalse\nfalse\nfalse\n<w:DoNotPromoteQF\/>\nET\nX-NONE\nX-NONE\n\n<w:BreakWrappedTables\/>\n<w:SnapToGridInCell\/>\n<w:WrapTextWithPunct\/>\n<w:UseAsianBreakRules\/>\n<w:DontGrowAutofit\/>\n<w:SplitPgBreakAndParaMark\/>\n<w:DontVertAlignCellWithSp\/>\n<w:DontBreakConstrainedForcedTables\/>\n<w:DontVertAlignInTxbx\/>\n<w:Word11KerningPairs\/>\n<w:CachedColBalance\/>\n\n\n<m:mathFont m:val=\\\"Cambria Math\\\"\/>\n<m:brkBin m:val=\\\"before\\\"\/>\n<m:brkBinSub m:val=\\\"--\\\"\/>\n<m:smallFrac m:val=\\\"off\\\"\/>\n<m:dispDef\/>\n<m:lMargin m:val=\\\"0\\\"\/>\n<m:rMargin m:val=\\\"0\\\"\/>\n<m:defJc m:val=\\\"centerGroup\\\"\/>\n<m:wrapIndent m:val=\\\"1440\\\"\/>\n<m:intLim m:val=\\\"subSup\\\"\/>\n<m:naryLim m:val=\\\"undOvr\\\"\/>\n\n<\/xml><![endif]--><!-- [if gte mso 9]><xml>\n<w:LatentStyles DefLockedState=\\\"false\\\" DefUnhideWhenUsed=\\\"true\\\" DefSemiHidden=\\\"true\\\" DefQFormat=\\\"false\\\" DefPriority=\\\"99\\\" LatentStyleCount=\\\"267\\\">\n<w:LsdException Locked=\\\"false\\\" Priority=\\\"0\\\" SemiHidden=\\\"false\\\" UnhideWhenUsed=\\\"false\\\" QFormat=\\\"true\\\" Name=\\\"Normal\\\"\/>\n<w:LsdException Locked=\\\"false\\\" Priority=\\\"9\\\" SemiHidden=\\\"false\\\" UnhideWhenUsed=\\\"false\\\" QFormat=\\\"true\\\" Name=\\\"heading 1\\\"\/>\n<w:LsdException Locked=\\\"false\\\" Priority=\\\"9\\\" QFormat=\\\"true\\\" Name=\\\"heading 2\\\"\/>\n<w:LsdException Locked=\\\"false\\\" Priority=\\\"9\\\" QFormat=\\\"true\\\" Name=\\\"heading 3\\\"\/>\n<w:LsdException Locked=\\\"false\\\" Priority=\\\"9\\\" QFormat=\\\"true\\\" Name=\\\"heading 4\\\"\/>\n<w:LsdException Locked=\\\"false\\\" Priority=\\\"9\\\" QFormat=\\\"true\\\" Name=\\\"heading 5\\\"\/>\n<w:LsdException Locked=\\\"false\\\" Priority=\\\"9\\\" QFormat=\\\"true\\\" Name=\\\"heading 6\\\"\/>\n<w:LsdException Locked=\\\"false\\\" Priority=\\\"9\\\" QFormat=\\\"true\\\" Name=\\\"heading 7\\\"\/>\n<w:LsdException Locked=\\\"false\\\" Priority=\\\"9\\\" QFormat=\\\"true\\\" Name=\\\"heading 8\\\"\/>\n<w:LsdException Locked=\\\"false\\\" Priority=\\\"9\\\" QFormat=\\\"true\\\" Name=\\\"heading 9\\\"\/>\n<w:LsdException Locked=\\\"false\\\" Priority=\\\"39\\\" Name=\\\"toc 1\\\"\/>\n<w:LsdException Locked=\\\"false\\\" Priority=\\\"39\\\" Name=\\\"toc 2\\\"\/>\n<w:LsdException Locked=\\\"false\\\" Priority=\\\"39\\\" Name=\\\"toc 3\\\"\/>\n<w:LsdException Locked=\\\"false\\\" Priority=\\\"39\\\" Name=\\\"toc 4\\\"\/>\n<w:LsdException Locked=\\\"false\\\" Priority=\\\"39\\\" Name=\\\"toc 5\\\"\/>\n<w:LsdException Locked=\\\"false\\\" Priority=\\\"39\\\" Name=\\\"toc 6\\\"\/>\n<w:LsdException Locked=\\\"false\\\" Priority=\\\"39\\\" Name=\\\"toc 7\\\"\/>\n<w:LsdException Locked=\\\"false\\\" Priority=\\\"39\\\" Name=\\\"toc 8\\\"\/>\n<w:LsdException Locked=\\\"false\\\" Priority=\\\"39\\\" Name=\\\"toc 9\\\"\/>\n<w:LsdException Locked=\\\"false\\\" Priority=\\\"35\\\" QFormat=\\\"true\\\" Name=\\\"caption\\\"\/>\n<w:LsdException Locked=\\\"false\\\" Priority=\\\"10\\\" SemiHidden=\\\"false\\\" UnhideWhenUsed=\\\"false\\\" QFormat=\\\"true\\\" Name=\\\"Title\\\"\/>\n<w:LsdException Locked=\\\"false\\\" Priority=\\\"1\\\" Name=\\\"Default Paragraph Font\\\"\/>\n<w:LsdException Locked=\\\"false\\\" Priority=\\\"11\\\" SemiHidden=\\\"false\\\" UnhideWhenUsed=\\\"false\\\" QFormat=\\\"true\\\" Name=\\\"Subtitle\\\"\/>\n<w:LsdException Locked=\\\"false\\\" Priority=\\\"22\\\" SemiHidden=\\\"false\\\" UnhideWhenUsed=\\\"false\\\" QFormat=\\\"true\\\" Name=\\\"Strong\\\"\/>\n<w:LsdException Locked=\\\"false\\\" Priority=\\\"20\\\" SemiHidden=\\\"false\\\" UnhideWhenUsed=\\\"false\\\" QFormat=\\\"true\\\" Name=\\\"Emphasis\\\"\/>\n<w:LsdException Locked=\\\"false\\\" Priority=\\\"59\\\" SemiHidden=\\\"false\\\" UnhideWhenUsed=\\\"false\\\" Name=\\\"Table Grid\\\"\/>\n<w:LsdException Locked=\\\"false\\\" UnhideWhenUsed=\\\"false\\\" Name=\\\"Placeholder Text\\\"\/>\n<w:LsdException Locked=\\\"false\\\" Priority=\\\"1\\\" SemiHidden=\\\"false\\\" UnhideWhenUsed=\\\"false\\\" QFormat=\\\"true\\\" Name=\\\"No Spacing\\\"\/>\n<w:LsdException Locked=\\\"false\\\" Priority=\\\"60\\\" SemiHidden=\\\"false\\\" UnhideWhenUsed=\\\"false\\\" Name=\\\"Light Shading\\\"\/>\n<w:LsdException Locked=\\\"false\\\" Priority=\\\"61\\\" SemiHidden=\\\"false\\\" UnhideWhenUsed=\\\"false\\\" Name=\\\"Light List\\\"\/>\n<w:LsdException Locked=\\\"false\\\" Priority=\\\"62\\\" SemiHidden=\\\"false\\\" UnhideWhenUsed=\\\"false\\\" Name=\\\"Light Grid\\\"\/>\n<w:LsdException Locked=\\\"false\\\" Priority=\\\"63\\\" SemiHidden=\\\"false\\\" UnhideWhenUsed=\\\"false\\\" Name=\\\"Medium Shading 1\\\"\/>\n<w:LsdException Locked=\\\"false\\\" Priority=\\\"64\\\" SemiHidden=\\\"false\\\" UnhideWhenUsed=\\\"false\\\" Name=\\\"Medium Shading 2\\\"\/>\n<w:LsdException Locked=\\\"false\\\" Priority=\\\"65\\\" SemiHidden=\\\"false\\\" UnhideWhenUsed=\\\"false\\\" Name=\\\"Medium List 1\\\"\/>\n<w:LsdException Locked=\\\"false\\\" Priority=\\\"66\\\" SemiHidden=\\\"false\\\" UnhideWhenUsed=\\\"false\\\" Name=\\\"Medium List 2\\\"\/>\n<w:LsdException Locked=\\\"false\\\" Priority=\\\"67\\\" SemiHidden=\\\"false\\\" UnhideWhenUsed=\\\"false\\\" Name=\\\"Medium Grid 1\\\"\/>\n<w:LsdException Locked=\\\"false\\\" Priority=\\\"68\\\" SemiHidden=\\\"false\\\" UnhideWhenUsed=\\\"false\\\" Name=\\\"Medium Grid 2\\\"\/>\n<w:LsdException Locked=\\\"false\\\" Priority=\\\"69\\\" SemiHidden=\\\"false\\\" UnhideWhenUsed=\\\"false\\\" Name=\\\"Medium Grid 3\\\"\/>\n<w:LsdException Locked=\\\"false\\\" Priority=\\\"70\\\" SemiHidden=\\\"false\\\" UnhideWhenUsed=\\\"false\\\" Name=\\\"Dark List\\\"\/>\n<w:LsdException Locked=\\\"false\\\" Priority=\\\"71\\\" SemiHidden=\\\"false\\\" UnhideWhenUsed=\\\"false\\\" Name=\\\"Colorful Shading\\\"\/>\n<w:LsdException Locked=\\\"false\\\" Priority=\\\"72\\\" SemiHidden=\\\"false\\\" UnhideWhenUsed=\\\"false\\\" Name=\\\"Colorful List\\\"\/>\n<w:LsdException Locked=\\\"false\\\" Priority=\\\"73\\\" SemiHidden=\\\"false\\\" UnhideWhenUsed=\\\"false\\\" Name=\\\"Colorful Grid\\\"\/>\n<w:LsdException Locked=\\\"false\\\" Priority=\\\"60\\\" SemiHidden=\\\"false\\\" UnhideWhenUsed=\\\"false\\\" Name=\\\"Light Shading Accent 1\\\"\/>\n<w:LsdException Locked=\\\"false\\\" Priority=\\\"61\\\" SemiHidden=\\\"false\\\" UnhideWhenUsed=\\\"false\\\" Name=\\\"Light List Accent 1\\\"\/>\n<w:LsdException Locked=\\\"false\\\" Priority=\\\"62\\\" SemiHidden=\\\"false\\\" UnhideWhenUsed=\\\"false\\\" Name=\\\"Light Grid Accent 1\\\"\/>\n<w:LsdException Locked=\\\"false\\\" Priority=\\\"63\\\" SemiHidden=\\\"false\\\" UnhideWhenUsed=\\\"false\\\" Name=\\\"Medium Shading 1 Accent 1\\\"\/>\n<w:LsdException Locked=\\\"false\\\" Priority=\\\"64\\\" SemiHidden=\\\"false\\\" UnhideWhenUsed=\\\"false\\\" Name=\\\"Medium Shading 2 Accent 1\\\"\/>\n<w:LsdException Locked=\\\"false\\\" Priority=\\\"65\\\" SemiHidden=\\\"false\\\" UnhideWhenUsed=\\\"false\\\" Name=\\\"Medium List 1 Accent 1\\\"\/>\n<w:LsdException Locked=\\\"false\\\" UnhideWhenUsed=\\\"false\\\" Name=\\\"Revision\\\"\/>\n<w:LsdException Locked=\\\"false\\\" Priority=\\\"34\\\" SemiHidden=\\\"false\\\" UnhideWhenUsed=\\\"false\\\" QFormat=\\\"true\\\" Name=\\\"List Paragraph\\\"\/>\n<w:LsdException Locked=\\\"false\\\" Priority=\\\"29\\\" SemiHidden=\\\"false\\\" UnhideWhenUsed=\\\"false\\\" QFormat=\\\"true\\\" Name=\\\"Quote\\\"\/>\n<w:LsdException Locked=\\\"false\\\" Priority=\\\"30\\\" SemiHidden=\\\"false\\\" UnhideWhenUsed=\\\"false\\\" QFormat=\\\"true\\\" Name=\\\"Intense Quote\\\"\/>\n<w:LsdException Locked=\\\"false\\\" Priority=\\\"66\\\" SemiHidden=\\\"false\\\" UnhideWhenUsed=\\\"false\\\" Name=\\\"Medium List 2 Accent 1\\\"\/>\n<w:LsdException Locked=\\\"false\\\" Priority=\\\"67\\\" SemiHidden=\\\"false\\\" UnhideWhenUsed=\\\"false\\\" Name=\\\"Medium Grid 1 Accent 1\\\"\/>\n<w:LsdException Locked=\\\"false\\\" Priority=\\\"68\\\" SemiHidden=\\\"false\\\" UnhideWhenUsed=\\\"false\\\" Name=\\\"Medium Grid 2 Accent 1\\\"\/>\n<w:LsdException Locked=\\\"false\\\" Priority=\\\"69\\\" SemiHidden=\\\"false\\\" UnhideWhenUsed=\\\"false\\\" Name=\\\"Medium Grid 3 Accent 1\\\"\/>\n<w:LsdException Locked=\\\"false\\\" Priority=\\\"70\\\" SemiHidden=\\\"false\\\" UnhideWhenUsed=\\\"false\\\" Name=\\\"Dark List Accent 1\\\"\/>\n<w:LsdException Locked=\\\"false\\\" Priority=\\\"71\\\" SemiHidden=\\\"false\\\" UnhideWhenUsed=\\\"false\\\" Name=\\\"Colorful Shading Accent 1\\\"\/>\n<w:LsdException Locked=\\\"false\\\" Priority=\\\"72\\\" SemiHidden=\\\"false\\\" UnhideWhenUsed=\\\"false\\\" Name=\\\"Colorful List Accent 1\\\"\/>\n<w:LsdException Locked=\\\"false\\\" Priority=\\\"73\\\" SemiHidden=\\\"false\\\" UnhideWhenUsed=\\\"false\\\" Name=\\\"Colorful Grid Accent 1\\\"\/>\n<w:LsdException Locked=\\\"false\\\" Priority=\\\"60\\\" SemiHidden=\\\"false\\\" UnhideWhenUsed=\\\"false\\\" Name=\\\"Light Shading Accent 2\\\"\/>\n<w:LsdException Locked=\\\"false\\\" Priority=\\\"61\\\" SemiHidden=\\\"false\\\" UnhideWhenUsed=\\\"false\\\" Name=\\\"Light List Accent 2\\\"\/>\n<w:LsdException Locked=\\\"false\\\" Priority=\\\"62\\\" SemiHidden=\\\"false\\\" UnhideWhenUsed=\\\"false\\\" Name=\\\"Light Grid Accent 2\\\"\/>\n<w:LsdException Locked=\\\"false\\\" Priority=\\\"63\\\" SemiHidden=\\\"false\\\" UnhideWhenUsed=\\\"false\\\" Name=\\\"Medium Shading 1 Accent 2\\\"\/>\n<w:LsdException Locked=\\\"false\\\" Priority=\\\"64\\\" SemiHidden=\\\"false\\\" UnhideWhenUsed=\\\"false\\\" Name=\\\"Medium Shading 2 Accent 2\\\"\/>\n<w:LsdException Locked=\\\"false\\\" Priority=\\\"65\\\" SemiHidden=\\\"false\\\" UnhideWhenUsed=\\\"false\\\" Name=\\\"Medium List 1 Accent 2\\\"\/>\n<w:LsdException Locked=\\\"false\\\" Priority=\\\"66\\\" SemiHidden=\\\"false\\\" UnhideWhenUsed=\\\"false\\\" Name=\\\"Medium List 2 Accent 2\\\"\/>\n<w:LsdException Locked=\\\"false\\\" Priority=\\\"67\\\" SemiHidden=\\\"false\\\" UnhideWhenUsed=\\\"false\\\" Name=\\\"Medium Grid 1 Accent 2\\\"\/>\n<w:LsdException Locked=\\\"false\\\" Priority=\\\"68\\\" SemiHidden=\\\"false\\\" UnhideWhenUsed=\\\"false\\\" Name=\\\"Medium Grid 2 Accent 2\\\"\/>\n<w:LsdException Locked=\\\"false\\\" Priority=\\\"69\\\" SemiHidden=\\\"false\\\" UnhideWhenUsed=\\\"false\\\" Name=\\\"Medium Grid 3 Accent 2\\\"\/>\n<w:LsdException Locked=\\\"false\\\" Priority=\\\"70\\\" SemiHidden=\\\"false\\\" UnhideWhenUsed=\\\"false\\\" Name=\\\"Dark List Accent 2\\\"\/>\n<w:LsdException Locked=\\\"false\\\" Priority=\\\"71\\\" SemiHidden=\\\"false\\\" UnhideWhenUsed=\\\"false\\\" Name=\\\"Colorful Shading Accent 2\\\"\/>\n<w:LsdException Locked=\\\"false\\\" Priority=\\\"72\\\" SemiHidden=\\\"false\\\" UnhideWhenUsed=\\\"false\\\" Name=\\\"Colorful List Accent 2\\\"\/>\n<w:LsdException Locked=\\\"false\\\" Priority=\\\"73\\\" SemiHidden=\\\"false\\\" UnhideWhenUsed=\\\"false\\\" Name=\\\"Colorful Grid Accent 2\\\"\/>\n<w:LsdException Locked=\\\"false\\\" Priority=\\\"60\\\" SemiHidden=\\\"false\\\" UnhideWhenUsed=\\\"false\\\" Name=\\\"Light Shading Accent 3\\\"\/>\n<w:LsdException Locked=\\\"false\\\" Priority=\\\"61\\\" SemiHidden=\\\"false\\\" UnhideWhenUsed=\\\"false\\\" Name=\\\"Light List Accent 3\\\"\/>\n<w:LsdException Locked=\\\"false\\\" Priority=\\\"62\\\" SemiHidden=\\\"false\\\" UnhideWhenUsed=\\\"false\\\" Name=\\\"Light Grid Accent 3\\\"\/>\n<w:LsdException Locked=\\\"false\\\" Priority=\\\"63\\\" SemiHidden=\\\"false\\\" UnhideWhenUsed=\\\"false\\\" Name=\\\"Medium Shading 1 Accent 3\\\"\/>\n<w:LsdException Locked=\\\"false\\\" Priority=\\\"64\\\" SemiHidden=\\\"false\\\" UnhideWhenUsed=\\\"false\\\" Name=\\\"Medium Shading 2 Accent 3\\\"\/>\n<w:LsdException Locked=\\\"false\\\" Priority=\\\"65\\\" SemiHidden=\\\"false\\\" UnhideWhenUsed=\\\"false\\\" Name=\\\"Medium List 1 Accent 3\\\"\/>\n<w:LsdException Locked=\\\"false\\\" Priority=\\\"66\\\" SemiHidden=\\\"false\\\" UnhideWhenUsed=\\\"false\\\" Name=\\\"Medium List 2 Accent 3\\\"\/>\n<w:LsdException Locked=\\\"false\\\" Priority=\\\"67\\\" SemiHidden=\\\"false\\\" UnhideWhenUsed=\\\"false\\\" Name=\\\"Medium Grid 1 Accent 3\\\"\/>\n<w:LsdException Locked=\\\"false\\\" Priority=\\\"68\\\" SemiHidden=\\\"false\\\" UnhideWhenUsed=\\\"false\\\" Name=\\\"Medium Grid 2 Accent 3\\\"\/>\n<w:LsdException Locked=\\\"false\\\" Priority=\\\"69\\\" SemiHidden=\\\"false\\\" UnhideWhenUsed=\\\"false\\\" Name=\\\"Medium Grid 3 Accent 3\\\"\/>\n<w:LsdException Locked=\\\"false\\\" Priority=\\\"70\\\" SemiHidden=\\\"false\\\" UnhideWhenUsed=\\\"false\\\" Name=\\\"Dark List Accent 3\\\"\/>\n<w:LsdException Locked=\\\"false\\\" Priority=\\\"71\\\" SemiHidden=\\\"false\\\" UnhideWhenUsed=\\\"false\\\" Name=\\\"Colorful Shading Accent 3\\\"\/>\n<w:LsdException Locked=\\\"false\\\" Priority=\\\"72\\\" SemiHidden=\\\"false\\\" UnhideWhenUsed=\\\"false\\\" Name=\\\"Colorful List Accent 3\\\"\/>\n<w:LsdException Locked=\\\"false\\\" Priority=\\\"73\\\" SemiHidden=\\\"false\\\" UnhideWhenUsed=\\\"false\\\" Name=\\\"Colorful Grid Accent 3\\\"\/>\n<w:LsdException Locked=\\\"false\\\" Priority=\\\"60\\\" SemiHidden=\\\"false\\\" UnhideWhenUsed=\\\"false\\\" Name=\\\"Light Shading Accent 4\\\"\/>\n<w:LsdException Locked=\\\"false\\\" Priority=\\\"61\\\" SemiHidden=\\\"false\\\" UnhideWhenUsed=\\\"false\\\" Name=\\\"Light List Accent 4\\\"\/>\n<w:LsdException Locked=\\\"false\\\" Priority=\\\"62\\\" SemiHidden=\\\"false\\\" UnhideWhenUsed=\\\"false\\\" Name=\\\"Light Grid Accent 4\\\"\/>\n<w:LsdException Locked=\\\"false\\\" Priority=\\\"63\\\" SemiHidden=\\\"false\\\" UnhideWhenUsed=\\\"false\\\" Name=\\\"Medium Shading 1 Accent 4\\\"\/>\n<w:LsdException Locked=\\\"false\\\" Priority=\\\"64\\\" SemiHidden=\\\"false\\\" UnhideWhenUsed=\\\"false\\\" Name=\\\"Medium Shading 2 Accent 4\\\"\/>\n<w:LsdException Locked=\\\"false\\\" Priority=\\\"65\\\" SemiHidden=\\\"false\\\" UnhideWhenUsed=\\\"false\\\" Name=\\\"Medium List 1 Accent 4\\\"\/>\n<w:LsdException Locked=\\\"false\\\" Priority=\\\"66\\\" SemiHidden=\\\"false\\\" UnhideWhenUsed=\\\"false\\\" Name=\\\"Medium List 2 Accent 4\\\"\/>\n<w:LsdException Locked=\\\"false\\\" Priority=\\\"67\\\" SemiHidden=\\\"false\\\" UnhideWhenUsed=\\\"false\\\" Name=\\\"Medium Grid 1 Accent 4\\\"\/>\n<w:LsdException Locked=\\\"false\\\" Priority=\\\"68\\\" SemiHidden=\\\"false\\\" UnhideWhenUsed=\\\"false\\\" Name=\\\"Medium Grid 2 Accent 4\\\"\/>\n<w:LsdException Locked=\\\"false\\\" Priority=\\\"69\\\" SemiHidden=\\\"false\\\" UnhideWhenUsed=\\\"false\\\" Name=\\\"Medium Grid 3 Accent 4\\\"\/>\n<w:LsdException Locked=\\\"false\\\" Priority=\\\"70\\\" SemiHidden=\\\"false\\\" UnhideWhenUsed=\\\"false\\\" Name=\\\"Dark List Accent 4\\\"\/>\n<w:LsdException Locked=\\\"false\\\" Priority=\\\"71\\\" SemiHidden=\\\"false\\\" UnhideWhenUsed=\\\"false\\\" Name=\\\"Colorful Shading Accent 4\\\"\/>\n<w:LsdException Locked=\\\"false\\\" Priority=\\\"72\\\" SemiHidden=\\\"false\\\" UnhideWhenUsed=\\\"false\\\" Name=\\\"Colorful List Accent 4\\\"\/>\n<w:LsdException Locked=\\\"false\\\" Priority=\\\"73\\\" SemiHidden=\\\"false\\\" UnhideWhenUsed=\\\"false\\\" Name=\\\"Colorful Grid Accent 4\\\"\/>\n<w:LsdException Locked=\\\"false\\\" Priority=\\\"60\\\" SemiHidden=\\\"false\\\" UnhideWhenUsed=\\\"false\\\" Name=\\\"Light Shading Accent 5\\\"\/>\n<w:LsdException Locked=\\\"false\\\" Priority=\\\"61\\\" SemiHidden=\\\"false\\\" UnhideWhenUsed=\\\"false\\\" Name=\\\"Light List Accent 5\\\"\/>\n<w:LsdException Locked=\\\"false\\\" Priority=\\\"62\\\" SemiHidden=\\\"false\\\" UnhideWhenUsed=\\\"false\\\" Name=\\\"Light Grid Accent 5\\\"\/>\n<w:LsdException Locked=\\\"false\\\" Priority=\\\"63\\\" SemiHidden=\\\"false\\\" UnhideWhenUsed=\\\"false\\\" Name=\\\"Medium Shading 1 Accent 5\\\"\/>\n<w:LsdException Locked=\\\"false\\\" Priority=\\\"64\\\" SemiHidden=\\\"false\\\" UnhideWhenUsed=\\\"false\\\" Name=\\\"Medium Shading 2 Accent 5\\\"\/>\n<w:LsdException Locked=\\\"false\\\" Priority=\\\"65\\\" SemiHidden=\\\"false\\\" UnhideWhenUsed=\\\"false\\\" Name=\\\"Medium List 1 Accent 5\\\"\/>\n<w:LsdException Locked=\\\"false\\\" Priority=\\\"66\\\" SemiHidden=\\\"false\\\" UnhideWhenUsed=\\\"false\\\" Name=\\\"Medium List 2 Accent 5\\\"\/>\n<w:LsdException Locked=\\\"false\\\" Priority=\\\"67\\\" SemiHidden=\\\"false\\\" UnhideWhenUsed=\\\"false\\\" Name=\\\"Medium Grid 1 Accent 5\\\"\/>\n<w:LsdException Locked=\\\"false\\\" Priority=\\\"68\\\" SemiHidden=\\\"false\\\" UnhideWhenUsed=\\\"false\\\" Name=\\\"Medium Grid 2 Accent 5\\\"\/>\n<w:LsdException Locked=\\\"false\\\" Priority=\\\"69\\\" SemiHidden=\\\"false\\\" UnhideWhenUsed=\\\"false\\\" Name=\\\"Medium Grid 3 Accent 5\\\"\/>\n<w:LsdException Locked=\\\"false\\\" Priority=\\\"70\\\" SemiHidden=\\\"false\\\" UnhideWhenUsed=\\\"false\\\" Name=\\\"Dark List Accent 5\\\"\/>\n<w:LsdException Locked=\\\"false\\\" Priority=\\\"71\\\" SemiHidden=\\\"false\\\" UnhideWhenUsed=\\\"false\\\" Name=\\\"Colorful Shading Accent 5\\\"\/>\n<w:LsdException Locked=\\\"false\\\" Priority=\\\"72\\\" SemiHidden=\\\"false\\\" UnhideWhenUsed=\\\"false\\\" Name=\\\"Colorful List Accent 5\\\"\/>\n<w:LsdException Locked=\\\"false\\\" Priority=\\\"73\\\" SemiHidden=\\\"false\\\" UnhideWhenUsed=\\\"false\\\" Name=\\\"Colorful Grid Accent 5\\\"\/>\n<w:LsdException Locked=\\\"false\\\" Priority=\\\"60\\\" SemiHidden=\\\"false\\\" UnhideWhenUsed=\\\"false\\\" Name=\\\"Light Shading Accent 6\\\"\/>\n<w:LsdException Locked=\\\"false\\\" Priority=\\\"61\\\" SemiHidden=\\\"false\\\" UnhideWhenUsed=\\\"false\\\" Name=\\\"Light List Accent 6\\\"\/>\n<w:LsdException Locked=\\\"false\\\" Priority=\\\"62\\\" SemiHidden=\\\"false\\\" UnhideWhenUsed=\\\"false\\\" Name=\\\"Light Grid Accent 6\\\"\/>\n<w:LsdException Locked=\\\"false\\\" Priority=\\\"63\\\" SemiHidden=\\\"false\\\" UnhideWhenUsed=\\\"false\\\" Name=\\\"Medium Shading 1 Accent 6\\\"\/>\n<w:LsdException Locked=\\\"false\\\" Priority=\\\"64\\\" SemiHidden=\\\"false\\\" UnhideWhenUsed=\\\"false\\\" Name=\\\"Medium Shading 2 Accent 6\\\"\/>\n<w:LsdException Locked=\\\"false\\\" Priority=\\\"65\\\" SemiHidden=\\\"false\\\" UnhideWhenUsed=\\\"false\\\" Name=\\\"Medium List 1 Accent 6\\\"\/>\n<w:LsdException Locked=\\\"false\\\" Priority=\\\"66\\\" SemiHidden=\\\"false\\\" UnhideWhenUsed=\\\"false\\\" Name=\\\"Medium List 2 Accent 6\\\"\/>\n<w:LsdException Locked=\\\"false\\\" Priority=\\\"67\\\" SemiHidden=\\\"false\\\" UnhideWhenUsed=\\\"false\\\" Name=\\\"Medium Grid 1 Accent 6\\\"\/>\n<w:LsdException Locked=\\\"false\\\" Priority=\\\"68\\\" SemiHidden=\\\"false\\\" UnhideWhenUsed=\\\"false\\\" Name=\\\"Medium Grid 2 Accent 6\\\"\/>\n<w:LsdException Locked=\\\"false\\\" Priority=\\\"69\\\" SemiHidden=\\\"false\\\" UnhideWhenUsed=\\\"false\\\" Name=\\\"Medium Grid 3 Accent 6\\\"\/>\n<w:LsdException Locked=\\\"false\\\" Priority=\\\"70\\\" SemiHidden=\\\"false\\\" UnhideWhenUsed=\\\"false\\\" Name=\\\"Dark List Accent 6\\\"\/>\n<w:LsdException Locked=\\\"false\\\" Priority=\\\"71\\\" SemiHidden=\\\"false\\\" UnhideWhenUsed=\\\"false\\\" Name=\\\"Colorful Shading Accent 6\\\"\/>\n<w:LsdException Locked=\\\"false\\\" Priority=\\\"72\\\" SemiHidden=\\\"false\\\" UnhideWhenUsed=\\\"false\\\" Name=\\\"Colorful List Accent 6\\\"\/>\n<w:LsdException Locked=\\\"false\\\" Priority=\\\"73\\\" SemiHidden=\\\"false\\\" UnhideWhenUsed=\\\"false\\\" Name=\\\"Colorful Grid Accent 6\\\"\/>\n<w:LsdException Locked=\\\"false\\\" Priority=\\\"19\\\" SemiHidden=\\\"false\\\" UnhideWhenUsed=\\\"false\\\" QFormat=\\\"true\\\" Name=\\\"Subtle Emphasis\\\"\/>\n<w:LsdException Locked=\\\"false\\\" Priority=\\\"21\\\" SemiHidden=\\\"false\\\" UnhideWhenUsed=\\\"false\\\" QFormat=\\\"true\\\" Name=\\\"Intense Emphasis\\\"\/>\n<w:LsdException Locked=\\\"false\\\" Priority=\\\"31\\\" SemiHidden=\\\"false\\\" UnhideWhenUsed=\\\"false\\\" QFormat=\\\"true\\\" Name=\\\"Subtle Reference\\\"\/>\n<w:LsdException Locked=\\\"false\\\" Priority=\\\"32\\\" SemiHidden=\\\"false\\\" UnhideWhenUsed=\\\"false\\\" QFormat=\\\"true\\\" Name=\\\"Intense Reference\\\"\/>\n<w:LsdException Locked=\\\"false\\\" Priority=\\\"33\\\" SemiHidden=\\\"false\\\" UnhideWhenUsed=\\\"false\\\" QFormat=\\\"true\\\" Name=\\\"Book Title\\\"\/>\n<w:LsdException Locked=\\\"false\\\" Priority=\\\"37\\\" Name=\\\"Bibliography\\\"\/>\n<w:LsdException Locked=\\\"false\\\" Priority=\\\"39\\\" QFormat=\\\"true\\\" Name=\\\"TOC Heading\\\"\/>\n\n<\/xml><![endif]--><!-- [if gte mso 10]>\n\n\n\n<style>\n \/* Style Definitions *\/<br \/> table.MsoNormalTable<br \/>        {mso-style-name:\\\"Table Normal\\\";<br \/>        mso-tstyle-rowband-size:0;<br \/>        mso-tstyle-colband-size:0;<br \/>        mso-style-noshow:yes;<br \/>        mso-style-priority:99;<br \/>        mso-style-qformat:yes;<br \/>        mso-style-parent:\\\"\\\";<br \/>        mso-padding-alt:0cm 5.4pt 0cm 5.4pt;<br \/>        mso-para-margin:0cm;<br \/>        mso-para-margin-bottom:.0001pt;<br \/>        mso-pagination:widow-orphan;<br \/>        font-size:11.0pt;<br \/>        font-family:\\\"Calibri\\\",\\\"sans-serif\\\";<br \/>        mso-ascii-font-family:Calibri;<br \/>        mso-ascii-theme-font:minor-latin;<br \/>        mso-fareast-font-family:\\\"Times New Roman\\\";<br \/>        mso-fareast-theme-font:minor-fareast;<br \/>        mso-hansi-font-family:Calibri;<br \/>        mso-hansi-theme-font:minor-latin;<br \/>        mso-bidi-font-family:\\\"Times New Roman\\\";<br \/>        mso-bidi-theme-font:minor-bidi;}<br \/><\/style>\n\n<![endif]--><\/p>\n<p><strong>Specifiche:<\/strong><\/p>\n<p>&nbsp;<\/p>\n<ul>\n<li>Diametro della pentola 67 cm<\/li>\n<li>Spessore del pannello 4 mm<\/li>\n<li>25 Capacit\u00e0 delle porzioni<\/li>\n<li>Concavit\u00e0 del wok 11 cm<\/li>\n<li>Peso totale 31 KG<\/li>\n<li>Peso della pentola 13 KG<\/li>\n<li>Accensione a batteria<\/li>\n<li>Richiede 1 batteria di tipo AA (inclusa)<\/li>\n<li>Lavorare con il gas propano o butano<\/li>\n<li>11,4 KW, 2 bruciatori a gas ad anello<\/li>\n<li>0,3-1 kg\/h Consumo di gas<\/li>\n<li>NB! L&#8217;ugello adatto viene assemblato in fabbrica in base al paese di destinazione dell&#8217;ordine.<\/li>\n<li>Regolatore del gas non fornito<\/li>\n<\/ul>\n<p>&nbsp;<\/p>\n<p><strong>Vantaggi del prodotto GrillSymbol serie PRO:  <\/strong><\/p>\n<p>&nbsp;<\/p>\n<ul>\n<li>La sicurezza prima di tutto: il prodotto soddisfa i requisiti CE<\/li>\n<li>Una padella dai bordi alti permette di friggere, cucinare, cuocere a vapore e bollire<\/li>\n<li>Parabrezza triplo &#8211; tripla protezione dal vento<\/li>\n<li>Triplo parabrezza: il calore viene indirizzato direttamente sulla padella e non si disperde.<\/li>\n<li>Parabrezza triplo: riduzione del consumo di gas<\/li>\n<li>Click and Cook: accendi il fuoco a batteria, dimentica i fiammiferi.<\/li>\n<li>Telaio e piedi robusti: il prodotto \u00e8 stabile<\/li>\n<li>Parabrezza e gambe in acciaio inox: non si corrodono e sono di facile manutenzione.<\/li>\n<li>Pronto per l&#8217;uso: il prodotto \u00e8 gi\u00e0 pronto e il montaggio richiede solo due minuti.<\/li>\n<li>Il bruciatore e il parabrezza possono essere utilizzati con diverse pentole<\/li>\n<li>Testato e sviluppato nei paesi nordici, prodotto in Estonia<\/li>\n<li>GrillSymbol &#8211; Azienda familiare dal 1925<\/li>\n<\/ul>\n","protected":false},"excerpt":{"rendered":"<p>La pentola WOK <strong>in acciaio<\/strong> profondo con fondo curvo \u00e8 destinata principalmente alla preparazione di piatti asiatici. Ha ottime caratteristiche di cottura. Grazie al potente bruciatore a gas \u00e8 possibile preparare rapidamente diversi wok, zuppe come Tom Kha e Tom Yum e molti altri piatti. Poich\u00e9 il wok da 67 cm \u00e8 pi\u00f9 efficiente e veloce della maggior parte delle fritture, \u00e8 perfetto per friggere: involtini primavera, tempura, fish and chips, falafel, ali di pollo, anelli di cipolla e calamari, ecc.   <\/p>\n<p><strong>Il PRO- 675<\/strong> \u00e8 un modello popolare tra gli utenti domestici che intrattengono molti ospiti e organizzano grandi grigliate. Questo modello \u00e8 utilizzato anche dai ristoratori. La struttura robusta, il potente bruciatore a gas e la padella wok vuota formano un insieme ben funzionante. <strong>Il triplo parabrezza<\/strong> offre la migliore protezione possibile dal vento e la fiamma non si spegne nemmeno con un vento moderato.  <\/p>\n","protected":false},"featured_media":30253,"comment_status":"open","ping_status":"closed","template":"","meta":{"footnotes":""},"class_list":["post-30252","product","type-product","status-publish","has-post-thumbnail","hentry","product_cat-set-di-bruciatori-wok"],"_links":{"self":[{"href":"https:\/\/www.grillsymbol.com\/it\/wp-json\/wp\/v2\/product\/30252","targetHints":{"allow":["GET"]}}],"collection":[{"href":"https:\/\/www.grillsymbol.com\/it\/wp-json\/wp\/v2\/product"}],"about":[{"href":"https:\/\/www.grillsymbol.com\/it\/wp-json\/wp\/v2\/types\/product"}],"replies":[{"embeddable":true,"href":"https:\/\/www.grillsymbol.com\/it\/wp-json\/wp\/v2\/comments?post=30252"}],"version-history":[{"count":1,"href":"https:\/\/www.grillsymbol.com\/it\/wp-json\/wp\/v2\/product\/30252\/revisions"}],"predecessor-version":[{"id":30291,"href":"https:\/\/www.grillsymbol.com\/it\/wp-json\/wp\/v2\/product\/30252\/revisions\/30291"}],"wp:featuredmedia":[{"embeddable":true,"href":"https:\/\/www.grillsymbol.com\/it\/wp-json\/wp\/v2\/media\/30253"}],"wp:attachment":[{"href":"https:\/\/www.grillsymbol.com\/it\/wp-json\/wp\/v2\/media?parent=30252"}],"curies":[{"name":"wp","href":"https:\/\/api.w.org\/{rel}","templated":true}]}}