{"id":30336,"date":"2021-01-22T04:23:18","date_gmt":"2026-01-08T12:59:54","guid":{"rendered":"https:\/\/www.grillsymbol.com\/shop\/uncategorized\/grillsymbol-set-di-bruciatori-wok-pro-545-inox-o-54-cm\/"},"modified":"2026-01-08T12:59:54","modified_gmt":"2026-01-08T12:59:54","slug":"grillsymbol-wok-burner-set-pro-545-inox-o-54-cm-2","status":"publish","type":"product","link":"https:\/\/www.grillsymbol.com\/it\/shop\/set-di-bruciatori-wok\/grillsymbol-wok-burner-set-pro-545-inox-o-54-cm-2\/","title":{"rendered":"GrillSymbol Set di bruciatori Wok PRO-545 inox, \u00f8 54 cm"},"content":{"rendered":"<p><strong>Specifiche:<\/strong><\/p>\n<p>&nbsp;<\/p>\n<ul>\n<li>Lavorare con il gas propano o butano<\/li>\n<li>11,4 KW, 2 bruciatori a gas ad anello<\/li>\n<li>0,3-0,6 kg\/h Consumo di gas<\/li>\n<li>NB! L&#8217;ugello adatto viene assemblato in fabbrica in base al paese di destinazione dell&#8217;ordine.<\/li>\n<li>Diametro della pentola 54 cm<\/li>\n<li>Spessore del pannello 3 mm<\/li>\n<li>20 Capacit\u00e0 delle porzioni<\/li>\n<li>Concavit\u00e0 del wok 10 cm<\/li>\n<li>Peso totale 20 KG<\/li>\n<li>Peso della pentola 9 KG<\/li>\n<li>Accensione a batteria<\/li>\n<li>Richiede 1 batteria di tipo AA (inclusa)<\/li>\n<li>Regolatore di gas in dotazione<\/li>\n<li>Sicuro e certificato: CE 1336-10<\/li>\n<\/ul>\n<p>&nbsp;<\/p>\n<p><strong>Vantaggi del prodotto GrillSymbol serie PRO:  <\/strong><\/p>\n<p>&nbsp;<\/p>\n<ul>\n<li>La sicurezza prima di tutto: il prodotto soddisfa i requisiti CE<\/li>\n<li>Una padella dai bordi alti permette di friggere, cucinare, cuocere a vapore e bollire<\/li>\n<li>Parabrezza triplo &#8211; tripla protezione dal vento<\/li>\n<li>Triplo parabrezza: il calore viene indirizzato direttamente sulla padella e non si disperde.<\/li>\n<li>Parabrezza triplo: riduzione del consumo di gas<\/li>\n<li>Click and Cook: accendi il fuoco a batteria, dimentica i fiammiferi.<\/li>\n<li>Telaio e piedi robusti: il prodotto \u00e8 stabile<\/li>\n<li>Parabrezza e gambe in acciaio inox: non si corrodono e sono di facile manutenzione.<\/li>\n<li>Pronto per l&#8217;uso: il prodotto \u00e8 gi\u00e0 pronto e il montaggio richiede solo due minuti.<\/li>\n<li>Il bruciatore e il parabrezza possono essere utilizzati con diverse pentole<\/li>\n<li>Testato e sviluppato nei paesi nordici, prodotto in Estonia<\/li>\n<li>GrillSymbol &#8211; Azienda familiare dal 1925<\/li>\n<\/ul>\n","protected":false},"excerpt":{"rendered":"<p>La pentola WOK <strong>in acciaio<\/strong> profondo con fondo curvo \u00e8 destinata principalmente alla preparazione di piatti asiatici. Ha ottime caratteristiche di cottura. Grazie al potente bruciatore a gas \u00e8 possibile preparare rapidamente diversi wok, zuppe come Tom Kha e Tom Yum e molti altri piatti. Poich\u00e9 il wok da 54 cm \u00e8 pi\u00f9 efficiente e veloce della maggior parte delle fritture, \u00e8 perfetto per friggere: involtini primavera, tempura, fish and chips, falafel, ali di pollo, anelli di cipolla e calamari, ecc.   <\/p>\n<p>La padella permette di preparare centinaia di porzioni in modo molto veloce e di soddisfare grandi folle. Questo modello \u00e8 utilizzato da <strong>centinaia di ristoratori<\/strong> in Finlandia, Scandinavia, Inghilterra e Paesi Baltici. La struttura robusta, il potente bruciatore a gas e la padella wok cava formano un insieme ben funzionante. Il triplo parabrezza offre la migliore protezione possibile dal vento e la fiamma non si spegne nemmeno con un vento moderato.   <\/p>\n","protected":false},"featured_media":30337,"comment_status":"open","ping_status":"closed","template":"","meta":{"footnotes":""},"class_list":["post-30336","product","type-product","status-publish","has-post-thumbnail","hentry","product_cat-set-di-bruciatori-wok"],"_links":{"self":[{"href":"https:\/\/www.grillsymbol.com\/it\/wp-json\/wp\/v2\/product\/30336","targetHints":{"allow":["GET"]}}],"collection":[{"href":"https:\/\/www.grillsymbol.com\/it\/wp-json\/wp\/v2\/product"}],"about":[{"href":"https:\/\/www.grillsymbol.com\/it\/wp-json\/wp\/v2\/types\/product"}],"replies":[{"embeddable":true,"href":"https:\/\/www.grillsymbol.com\/it\/wp-json\/wp\/v2\/comments?post=30336"}],"version-history":[{"count":0,"href":"https:\/\/www.grillsymbol.com\/it\/wp-json\/wp\/v2\/product\/30336\/revisions"}],"wp:featuredmedia":[{"embeddable":true,"href":"https:\/\/www.grillsymbol.com\/it\/wp-json\/wp\/v2\/media\/30337"}],"wp:attachment":[{"href":"https:\/\/www.grillsymbol.com\/it\/wp-json\/wp\/v2\/media?parent=30336"}],"curies":[{"name":"wp","href":"https:\/\/api.w.org\/{rel}","templated":true}]}}