{"id":30405,"date":"2019-05-02T05:00:55","date_gmt":"2026-01-08T13:07:39","guid":{"rendered":"https:\/\/www.grillsymbol.com\/shop\/uncategorized\/grillsymbol-set-di-bruciatori-wok-pro-450-inox-o-45-cm\/"},"modified":"2026-01-08T13:07:39","modified_gmt":"2026-01-08T13:07:39","slug":"grillsymbol-wok-burner-set-pro-450-inox-o-45-cm-2","status":"publish","type":"product","link":"https:\/\/www.grillsymbol.com\/it\/shop\/set-di-bruciatori-wok\/grillsymbol-wok-burner-set-pro-450-inox-o-45-cm-2\/","title":{"rendered":"GrillSymbol Set di bruciatori Wok PRO-450 inox, \u00f8 45 cm"},"content":{"rendered":"<p><strong>Specifiche:<\/strong><\/p>\n<p>&nbsp;<\/p>\n<ul>\n<li>Diametro della pentola 45 cm<\/li>\n<li>Spessore del pannello 3 mm<\/li>\n<li>10 Capacit\u00e0 delle porzioni<\/li>\n<li>Concavit\u00e0 del wok 10 cm<\/li>\n<li>Peso totale 10 KG<\/li>\n<li>Peso della pentola 5 KG<\/li>\n<li>Lavorare con il gas propano o butano<\/li>\n<li>6,5 KW, 1 bruciatore a gas ad anello<\/li>\n<li>0,2-0,4 kg\/h Consumo di gas<\/li>\n<li>NB! L&#8217;ugello adatto viene assemblato in fabbrica in base al paese di destinazione dell&#8217;ordine.<\/li>\n<li>Il regolatore e il tubo del gas non sono inclusi nel set.<\/li>\n<\/ul>\n<p>&nbsp;<\/p>\n<p><strong>Vantaggi del prodotto GrillSymbol serie PRO:<\/strong><\/p>\n<p>&nbsp;<\/p>\n<ul>\n<li>La sicurezza prima di tutto: il prodotto soddisfa i requisiti CE<\/li>\n<li>Parabrezza triplo &#8211; tripla protezione dal vento<\/li>\n<li>Triplo parabrezza: il calore viene indirizzato direttamente sulla padella e non si disperde.<\/li>\n<li>Parabrezza triplo: riduzione del consumo di gas<\/li>\n<li>Telaio e piedi robusti: il prodotto \u00e8 stabile<\/li>\n<li>Parabrezza e gambe in acciaio inox: non si corrodono e sono di facile manutenzione.<\/li>\n<li>Pronto per l&#8217;uso: il prodotto \u00e8 gi\u00e0 pronto e il montaggio richiede solo due minuti.<\/li>\n<li>Il bruciatore e il parabrezza possono essere utilizzati con diverse pentole<\/li>\n<li>Testato e sviluppato nei paesi nordici, prodotto in Estonia<\/li>\n<li>GrillSymbol &#8211; Azienda familiare dal 1925<\/li>\n<\/ul>\n","protected":false},"excerpt":{"rendered":"<p>La pentola WOK profonda <strong>in<\/strong> <strong>acciaio inox<\/strong> con fondo curvo \u00e8 destinata principalmente alla preparazione di piatti asiatici. Ha ottime caratteristiche di cottura. Grazie al potente bruciatore a gas \u00e8 possibile preparare rapidamente diversi wok, zuppe come Tom Kha e Tom Yum e molti altri piatti. Poich\u00e9 il wok da 45 cm \u00e8 pi\u00f9 efficiente e veloce della maggior parte delle fritture, \u00e8 perfetto per friggere: involtini primavera, tempura, fish and chips, falafel, ali di pollo, anelli di cipolla e calamari, ecc.   <\/p>\n<p>La padella permette di preparare i cibi molto velocemente. La struttura robusta, il potente bruciatore a gas e la padella wok cava formano un insieme ben funzionante. Il triplo parabrezza offre la migliore protezione possibile dal vento e la fiamma non si spegne nemmeno con un vento moderato.  <\/p>\n","protected":false},"featured_media":30406,"comment_status":"open","ping_status":"closed","template":"","meta":{"footnotes":""},"class_list":["post-30405","product","type-product","status-publish","has-post-thumbnail","hentry","product_cat-set-di-bruciatori-wok"],"_links":{"self":[{"href":"https:\/\/www.grillsymbol.com\/it\/wp-json\/wp\/v2\/product\/30405","targetHints":{"allow":["GET"]}}],"collection":[{"href":"https:\/\/www.grillsymbol.com\/it\/wp-json\/wp\/v2\/product"}],"about":[{"href":"https:\/\/www.grillsymbol.com\/it\/wp-json\/wp\/v2\/types\/product"}],"replies":[{"embeddable":true,"href":"https:\/\/www.grillsymbol.com\/it\/wp-json\/wp\/v2\/comments?post=30405"}],"version-history":[{"count":0,"href":"https:\/\/www.grillsymbol.com\/it\/wp-json\/wp\/v2\/product\/30405\/revisions"}],"wp:featuredmedia":[{"embeddable":true,"href":"https:\/\/www.grillsymbol.com\/it\/wp-json\/wp\/v2\/media\/30406"}],"wp:attachment":[{"href":"https:\/\/www.grillsymbol.com\/it\/wp-json\/wp\/v2\/media?parent=30405"}],"curies":[{"name":"wp","href":"https:\/\/api.w.org\/{rel}","templated":true}]}}