{"id":30482,"date":"2021-07-20T04:19:15","date_gmt":"2026-01-08T13:22:30","guid":{"rendered":"https:\/\/www.grillsymbol.com\/shop\/uncategorized\/grillsymbol-wok-o-30-cm\/"},"modified":"2026-01-08T13:22:30","modified_gmt":"2026-01-08T13:22:30","slug":"griglie-simbolo-wok-o-30-cm","status":"publish","type":"product","link":"https:\/\/www.grillsymbol.com\/it\/shop\/accessori-per-barbecue\/griglie-simbolo-wok-o-30-cm\/","title":{"rendered":"GrillSymbol Wok, \u00d8 30 cm"},"content":{"rendered":"<p>La padella wok \u00e8 realizzata in ghisa di alta qualit\u00e0.<\/p>\n<p>Diametro 30 cm<br \/>\nProfondit\u00e0 wok 7 cm<\/p>\n<p>&nbsp;<\/p>\n","protected":false},"excerpt":{"rendered":"<p>Wok in ghisa. Adatto per essere utilizzato sulla griglia, sui fornelli, ecc. <\/p>\n<p>&nbsp;<\/p>\n","protected":false},"featured_media":30483,"comment_status":"open","ping_status":"closed","template":"","meta":{"footnotes":""},"class_list":["post-30482","product","type-product","status-publish","has-post-thumbnail","hentry","product_cat-set-di-bruciatori-wok","product_cat-accessori-per-barbecue"],"_links":{"self":[{"href":"https:\/\/www.grillsymbol.com\/it\/wp-json\/wp\/v2\/product\/30482","targetHints":{"allow":["GET"]}}],"collection":[{"href":"https:\/\/www.grillsymbol.com\/it\/wp-json\/wp\/v2\/product"}],"about":[{"href":"https:\/\/www.grillsymbol.com\/it\/wp-json\/wp\/v2\/types\/product"}],"replies":[{"embeddable":true,"href":"https:\/\/www.grillsymbol.com\/it\/wp-json\/wp\/v2\/comments?post=30482"}],"version-history":[{"count":0,"href":"https:\/\/www.grillsymbol.com\/it\/wp-json\/wp\/v2\/product\/30482\/revisions"}],"wp:featuredmedia":[{"embeddable":true,"href":"https:\/\/www.grillsymbol.com\/it\/wp-json\/wp\/v2\/media\/30483"}],"wp:attachment":[{"href":"https:\/\/www.grillsymbol.com\/it\/wp-json\/wp\/v2\/media?parent=30482"}],"curies":[{"name":"wp","href":"https:\/\/api.w.org\/{rel}","templated":true}]}}