{"id":30858,"date":"2022-09-28T10:21:18","date_gmt":"2026-01-12T12:35:51","guid":{"rendered":"https:\/\/www.grillsymbol.com\/shop\/uncategorized\/grillsymbol-fioriera-in-acciaio-corten-myy-s\/"},"modified":"2026-01-12T12:35:51","modified_gmt":"2026-01-12T12:35:51","slug":"griglie-simbolo-corten-acciaio-pianta-myy-s","status":"publish","type":"product","link":"https:\/\/www.grillsymbol.com\/it\/shop\/fioriere-in-acciaio-corten\/griglie-simbolo-corten-acciaio-pianta-myy-s\/","title":{"rendered":"GrillSymbol Fioriera in acciaio corten Myy-S"},"content":{"rendered":"<div class=\"\">\n<div id=\"\" class=\"\">\n<p>&nbsp;<\/p>\n<ul>\n<li>Materiale: acciaio Cor-Ten da 2 mm<\/li>\n<li>Diametro 40 cm<\/li>\n<li>Altezza 40 cm<\/li>\n<li>Peso: 10 kg<\/li>\n<li>Fori di drenaggio sul fondo<\/li>\n<\/ul>\n<p>&nbsp;<\/p>\n<p>I prodotti COR-TEN\u00ae possono essere conservati all&#8217;aperto tutto l&#8217;anno. Non necessita di stoccaggio.<\/p>\n<\/div>\n<\/div>\n<p>&nbsp;<\/p>\n<p>NB! La Fioriera \u00e8 realizzato a mano, quindi \u00e8 possibile che si verifichino lievi irregolarit\u00e0 nei punti di saldatura del prodotto senza uno strato di ruggine. Tuttavia, con la formazione dello strato di ruggine Cor-Ten, le irregolarit\u00e0 si attenuano. <\/p>\n<p>&nbsp;<\/p>\n<div class=\"\">\n<div id=\"\" class=\"\">\n<p>Istruzioni per la stagionatura dei prodotti COR-TEN\u00ae Steel:<\/p>\n<p>&nbsp;<\/p>\n<\/div>\n<\/div>\n<p>&nbsp;<\/p>\n<blockquote class=\"wp-embedded-content\" data-secret=\"8jeUmZK1Fj\"><p><a href=\"https:\/\/www.grillsymbol.com\/instructions\/cor-ten-steel-products-seasoning-instructions\/\">Cor-Ten Steel products seasoning instructions<\/a><\/p><\/blockquote>\n<p><iframe loading=\"lazy\" class=\"wp-embedded-content\" sandbox=\"allow-scripts\" security=\"restricted\" style=\"position: absolute; visibility: hidden;\" title=\"\u00abCor-Ten Steel products seasoning instructions\u00bb \u2014 GrillSymbol\" src=\"https:\/\/www.grillsymbol.com\/instructions\/cor-ten-steel-products-seasoning-instructions\/embed\/#?secret=WnIR65BH7z#?secret=8jeUmZK1Fj\" data-secret=\"8jeUmZK1Fj\" width=\"600\" height=\"338\" frameborder=\"0\" marginwidth=\"0\" marginheight=\"0\" scrolling=\"no\"><\/iframe><\/p>\n","protected":false},"excerpt":{"rendered":"<p><strong>Fioriera in acciaio corten Myy-S<\/strong><\/p>\n<p><strong>Design: Petteri Wiimaa<\/strong><\/p>\n<p>Realizzato in acciaio Cor-Ten, che \u00e8 un acciaio al carbonio quasi puro ma lavorato in modo da avere uno strato protettivo sulla superficie per renderlo resistente alle intemperie. La superficie \u00e8 originariamente grigiastra, ma a causa delle condizioni atmosferiche diventa bruno-rossastra (simile al colore della ruggine) e si scurisce col tempo.<\/p>\n<p>Se usato correttamente, l&#8217;acciaio Cor-Ten \u00e8 espressivo, durevole e non richiede manutenzione e pu\u00f2 resistere alla prova del tempo in un modo tutto suo.<\/p>\n","protected":false},"featured_media":30859,"comment_status":"open","ping_status":"closed","template":"","meta":{"footnotes":""},"class_list":["post-30858","product","type-product","status-publish","has-post-thumbnail","hentry","product_cat-fioriere-in-acciaio-corten"],"_links":{"self":[{"href":"https:\/\/www.grillsymbol.com\/it\/wp-json\/wp\/v2\/product\/30858","targetHints":{"allow":["GET"]}}],"collection":[{"href":"https:\/\/www.grillsymbol.com\/it\/wp-json\/wp\/v2\/product"}],"about":[{"href":"https:\/\/www.grillsymbol.com\/it\/wp-json\/wp\/v2\/types\/product"}],"replies":[{"embeddable":true,"href":"https:\/\/www.grillsymbol.com\/it\/wp-json\/wp\/v2\/comments?post=30858"}],"version-history":[{"count":0,"href":"https:\/\/www.grillsymbol.com\/it\/wp-json\/wp\/v2\/product\/30858\/revisions"}],"wp:featuredmedia":[{"embeddable":true,"href":"https:\/\/www.grillsymbol.com\/it\/wp-json\/wp\/v2\/media\/30859"}],"wp:attachment":[{"href":"https:\/\/www.grillsymbol.com\/it\/wp-json\/wp\/v2\/media?parent=30858"}],"curies":[{"name":"wp","href":"https:\/\/api.w.org\/{rel}","templated":true}]}}