{"id":30867,"date":"2024-09-16T06:46:21","date_gmt":"2026-01-12T12:37:05","guid":{"rendered":"https:\/\/www.grillsymbol.com\/shop\/uncategorized\/grillsymbol-fioriera-in-acciaio-corten-myy-xxl\/"},"modified":"2026-01-12T12:37:05","modified_gmt":"2026-01-12T12:37:05","slug":"grillsymbol-corten-steel-planter-my-xxl","status":"publish","type":"product","link":"https:\/\/www.grillsymbol.com\/it\/shop\/fioriere-in-acciaio-corten\/grillsymbol-corten-steel-planter-my-xxl\/","title":{"rendered":"GrillSymbol Fioriera in acciaio corten Myy-XXL"},"content":{"rendered":"<div class=\"\">\n<div id=\"\" class=\"\">\n<p>&nbsp;<\/p>\n<ul>\n<li>Materiale: acciaio Cor-Ten da 2 mm<\/li>\n<li>Diametro 80 cm<\/li>\n<li>Altezza 80 cm<\/li>\n<li>Peso: 44 kg<\/li>\n<li>Fori di drenaggio sul fondo<\/li>\n<li>Il set comprende bulloni M8 (DIN912) da installare sotto il fondo. Il vaso da fiori poggia a terra sulle teste dei bulloni, creando uno spazio d&#8217;aria di 8 mm tra il fondo e il terreno duro. <\/li>\n<li>Le gambe sono disponibili come accessorio extra. Permettono di sollevare e spostare la seminatrice con un carrello elevatore (SKU: PLS-1) <\/li>\n<li>La fioriera viene consegnata come pezzi, tempo di montaggio approssimativo 15 min.<\/li>\n<\/ul>\n<p>&nbsp;<\/p>\n<p>NB! La Fioriera \u00e8 realizzato a mano, quindi \u00e8 possibile che si verifichino lievi irregolarit\u00e0 nei punti di saldatura del prodotto senza uno strato di ruggine. Tuttavia, con la formazione dello strato di ruggine Cor-Ten, le irregolarit\u00e0 si attenuano. <\/p>\n<\/div>\n<\/div>\n<div class=\"\">\n<div id=\"\" class=\"\">\n<p>NB! I prodotti in acciaio Cor-Ten vengono forniti non trattati. Quando \u00e8 nuovo, l&#8217;acciaio Cor-Ten \u00e8 di colore grigio come il solito acciaio laminato a caldo. Puoi trovare le istruzioni per il condimento sul nostro sito web o scansionarle direttamente dal prodotto. I prodotti in acciaio Cor-Ten possono essere conservati all&#8217;aperto tutto l&#8217;anno. Non necessita di stoccaggio.<\/p>\n<p>&nbsp;<\/p>\n<h5><a href=\"https:\/\/www.grillsymbol.com\/instructions\/cor-ten-steel-products-seasoning-instructions\/\" target=\"_blank\" rel=\"noopener\">Guarda qui: Istruzioni per la stagionatura dei prodotti in acciaio Cor-Ten<\/a><\/h5>\n<p>&nbsp;<\/p>\n<\/div>\n<\/div>\n","protected":false},"excerpt":{"rendered":"<p><strong>Fioriera in acciaio corten Myy<\/strong><\/p>\n<p><strong>Design: Petteri Wiimaa<\/strong><\/p>\n<p>Realizzato in acciaio Cor-Ten, che \u00e8 un acciaio al carbonio quasi puro ma lavorato in modo da avere uno strato protettivo sulla superficie per renderlo resistente alle intemperie. La superficie \u00e8 originariamente grigiastra, ma a causa delle condizioni atmosferiche diventa bruno-rossastra (simile al colore della ruggine) e si scurisce col tempo.<\/p>\n<p>Se usato correttamente, l&#8217;acciaio Cor-Ten \u00e8 espressivo, durevole e non richiede manutenzione e pu\u00f2 resistere alla prova del tempo in un modo tutto suo.<\/p>\n<p>&nbsp;<\/p>\n","protected":false},"featured_media":30868,"comment_status":"open","ping_status":"closed","template":"","meta":{"footnotes":""},"class_list":["post-30867","product","type-product","status-publish","has-post-thumbnail","hentry","product_cat-fioriere-in-acciaio-corten"],"_links":{"self":[{"href":"https:\/\/www.grillsymbol.com\/it\/wp-json\/wp\/v2\/product\/30867","targetHints":{"allow":["GET"]}}],"collection":[{"href":"https:\/\/www.grillsymbol.com\/it\/wp-json\/wp\/v2\/product"}],"about":[{"href":"https:\/\/www.grillsymbol.com\/it\/wp-json\/wp\/v2\/types\/product"}],"replies":[{"embeddable":true,"href":"https:\/\/www.grillsymbol.com\/it\/wp-json\/wp\/v2\/comments?post=30867"}],"version-history":[{"count":0,"href":"https:\/\/www.grillsymbol.com\/it\/wp-json\/wp\/v2\/product\/30867\/revisions"}],"wp:featuredmedia":[{"embeddable":true,"href":"https:\/\/www.grillsymbol.com\/it\/wp-json\/wp\/v2\/media\/30868"}],"wp:attachment":[{"href":"https:\/\/www.grillsymbol.com\/it\/wp-json\/wp\/v2\/media?parent=30867"}],"curies":[{"name":"wp","href":"https:\/\/api.w.org\/{rel}","templated":true}]}}