{"id":31293,"date":"2021-11-10T09:43:45","date_gmt":"2026-01-12T13:25:45","guid":{"rendered":"https:\/\/www.grillsymbol.com\/shop\/uncategorized\/grillsymbol-caffale-per-legna-da-ardere-in-acciaio-corten-woodstock-xl-6074170-cm\/"},"modified":"2026-01-12T13:25:47","modified_gmt":"2026-01-12T13:25:47","slug":"griglieymbol-corten-acciaio-fuoco-rack-legno-xl-60-74-170-cm","status":"publish","type":"product","link":"https:\/\/www.grillsymbol.com\/it\/shop\/scaffale-per-legna-da-ardere\/griglieymbol-corten-acciaio-fuoco-rack-legno-xl-60-74-170-cm\/","title":{"rendered":"GrillSymbol caffale per legna da ardere in acciaio corten WoodStock-XL 60*74*170 cm"},"content":{"rendered":"<p>&nbsp;<\/p>\n<ul>\n<li>Materiale: acciaio Corten da 2 mm<\/li>\n<li>Larghezza: 60 cm<\/li>\n<li>Profondit\u00e0: 74 cm<\/li>\n<li>Altezza: 170 cm<\/li>\n<li>Peso: circa 65 kg <\/li>\n<li>Capacit\u00e0: 0,75 m\u00b3 di legna da ardere<\/li>\n<li>Il prodotto viene consegnato in parti<\/li>\n<li>Tempo di montaggio approssimativo: 20-30 minuti<\/li>\n<li>\u00c8 possibile acquistare 1 ripiano aggiuntivo per ogni sezione (SKU: WSR)<\/li>\n<\/ul>\n<p>&nbsp;<\/p>\n<p><strong>NB! Per motivi di sicurezza, il scaffale per legna da ardere deve essere fissato al suolo. Elementi di fissaggio adatti: Tasselli per cemento M8 (per il cemento) o viti pi\u00f9 grandi per le superfici in legno. <\/strong><\/p>\n<p>&nbsp;<\/p>\n<p>Istruzioni per la stagionatura dei prodotti COR-TEN\u00ae Steel:<\/p>\n<p>&nbsp;<\/p>\n<blockquote class=\"wp-embedded-content\" data-secret=\"cbOIClbxKu\"><p><a href=\"https:\/\/www.grillsymbol.com\/instructions\/cor-ten-steel-products-seasoning-instructions\/\">Cor-Ten Steel products seasoning instructions<\/a><\/p><\/blockquote>\n<p><iframe loading=\"lazy\" class=\"wp-embedded-content\" sandbox=\"allow-scripts\" security=\"restricted\" style=\"position: absolute; visibility: hidden;\" title=\"\u00abCor-Ten Steel products seasoning instructions\u00bb \u2014 GrillSymbol\" src=\"https:\/\/www.grillsymbol.com\/instructions\/cor-ten-steel-products-seasoning-instructions\/embed\/#?secret=Sk7YHnqMCG#?secret=cbOIClbxKu\" data-secret=\"cbOIClbxKu\" width=\"600\" height=\"338\" frameborder=\"0\" marginwidth=\"0\" marginheight=\"0\" scrolling=\"no\"><\/iframe><\/p>\n","protected":false},"excerpt":{"rendered":"<p>Lo scaffale modulare <strong>WoodStock XL<\/strong> \u00e8 una soluzione rapida e accattivante per conservare la legna da ardere. Pu\u00f2 essere utilizzato anche come divisorio per separare le aree del giardino o del patio, in quanto pu\u00f2 essere collegato tra loro. <\/p>\n<p><strong>Design di Petteri Wiimaa<\/strong><\/p>\n<p>L&#8217;acciaio corten \u00e8 un acciaio al carbonio quasi puro, ma lavorato per ottenere un rivestimento resistente alle intemperie sulla sua superficie. La superficie \u00e8 originariamente grigiastra, ma a causa delle condizioni atmosferiche diventa bruno-rossastra (simile al colore della ruggine) e si scurisce col tempo.<\/p>\n<p>Se usato correttamente, l&#8217;acciaio Corten \u00e8 vivido, duraturo e non richiede manutenzione, resistendo al tempo in modo unico. I prodotti COR-TEN\u00ae possono essere conservati all&#8217;aperto tutto l&#8217;anno. Non necessita di stoccaggio.<\/p>\n","protected":false},"featured_media":31294,"comment_status":"open","ping_status":"closed","template":"","meta":{"footnotes":""},"class_list":["post-31293","product","type-product","status-publish","has-post-thumbnail","hentry","product_cat-scaffale-per-legna-da-ardere"],"_links":{"self":[{"href":"https:\/\/www.grillsymbol.com\/it\/wp-json\/wp\/v2\/product\/31293","targetHints":{"allow":["GET"]}}],"collection":[{"href":"https:\/\/www.grillsymbol.com\/it\/wp-json\/wp\/v2\/product"}],"about":[{"href":"https:\/\/www.grillsymbol.com\/it\/wp-json\/wp\/v2\/types\/product"}],"replies":[{"embeddable":true,"href":"https:\/\/www.grillsymbol.com\/it\/wp-json\/wp\/v2\/comments?post=31293"}],"version-history":[{"count":1,"href":"https:\/\/www.grillsymbol.com\/it\/wp-json\/wp\/v2\/product\/31293\/revisions"}],"predecessor-version":[{"id":31309,"href":"https:\/\/www.grillsymbol.com\/it\/wp-json\/wp\/v2\/product\/31293\/revisions\/31309"}],"wp:featuredmedia":[{"embeddable":true,"href":"https:\/\/www.grillsymbol.com\/it\/wp-json\/wp\/v2\/media\/31294"}],"wp:attachment":[{"href":"https:\/\/www.grillsymbol.com\/it\/wp-json\/wp\/v2\/media?parent=31293"}],"curies":[{"name":"wp","href":"https:\/\/api.w.org\/{rel}","templated":true}]}}