{"id":31377,"date":"2024-01-18T13:57:03","date_gmt":"2026-01-12T13:44:34","guid":{"rendered":"https:\/\/www.grillsymbol.com\/shop\/uncategorized\/grillsymbol-porta-legna-in-acciaio-inox-l-6037170-cm\/"},"modified":"2026-01-12T13:44:34","modified_gmt":"2026-01-12T13:44:34","slug":"grillymbol-stainless-steel-firewood-rack-woodstock-l-6037170-cm","status":"publish","type":"product","link":"https:\/\/www.grillsymbol.com\/it\/shop\/scaffale-per-legna-da-ardere\/grillymbol-stainless-steel-firewood-rack-woodstock-l-6037170-cm\/","title":{"rendered":"GrillSymbol Porta legna in acciaio inox L 60*37*170 cm"},"content":{"rendered":"<ul>\n<li>Materiale: acciaio inox<\/li>\n<li>Larghezza: 60 cm<\/li>\n<li>Profondit\u00e0: 37 cm<\/li>\n<li>Altezza: 170 cm<\/li>\n<li>Peso: circa 40 kg <\/li>\n<li>Capacit\u00e0: 0,4 m\u00b3 di legna da ardere<\/li>\n<li>Il montaggio richiede circa 20-30 minuti<\/li>\n<li>Include un ripiano extra<\/li>\n<\/ul>\n<p>&nbsp;<\/p>\n<p><strong>NB! Per motivi di sicurezza, il scaffale per legna da ardere deve essere fissato al suolo. Elementi di fissaggio adatti: Tasselli per cemento M8 (per il cemento) o viti pi\u00f9 grandi per le superfici in legno. <\/strong><\/p>\n<ul>\n<li style=\"list-style-type: none;\">\n<\/li>\n<\/ul>\n","protected":false},"excerpt":{"rendered":"<p>Lo scaffale modulare <strong>WoodStock L<\/strong> \u00e8 una soluzione rapida e accattivante per riporre la legna da ardere. Pu\u00f2 essere utilizzato anche come divisorio per separare le aree del giardino o del patio, in quanto pu\u00f2 essere collegato tra loro. <\/p>\n<p><strong>Design di Petteri Wiimaa<\/strong><\/p>\n<p>&nbsp;<\/p>\n","protected":false},"featured_media":31378,"comment_status":"open","ping_status":"closed","template":"","meta":{"footnotes":""},"class_list":["post-31377","product","type-product","status-publish","has-post-thumbnail","hentry","product_cat-scaffale-per-legna-da-ardere"],"_links":{"self":[{"href":"https:\/\/www.grillsymbol.com\/it\/wp-json\/wp\/v2\/product\/31377","targetHints":{"allow":["GET"]}}],"collection":[{"href":"https:\/\/www.grillsymbol.com\/it\/wp-json\/wp\/v2\/product"}],"about":[{"href":"https:\/\/www.grillsymbol.com\/it\/wp-json\/wp\/v2\/types\/product"}],"replies":[{"embeddable":true,"href":"https:\/\/www.grillsymbol.com\/it\/wp-json\/wp\/v2\/comments?post=31377"}],"version-history":[{"count":0,"href":"https:\/\/www.grillsymbol.com\/it\/wp-json\/wp\/v2\/product\/31377\/revisions"}],"wp:featuredmedia":[{"embeddable":true,"href":"https:\/\/www.grillsymbol.com\/it\/wp-json\/wp\/v2\/media\/31378"}],"wp:attachment":[{"href":"https:\/\/www.grillsymbol.com\/it\/wp-json\/wp\/v2\/media?parent=31377"}],"curies":[{"name":"wp","href":"https:\/\/api.w.org\/{rel}","templated":true}]}}