{"id":31713,"date":"2021-11-12T10:13:43","date_gmt":"2026-01-12T13:56:18","guid":{"rendered":"https:\/\/www.grillsymbol.com\/shop\/uncategorized\/camino-da-esterno-grillsymbol-enzo\/"},"modified":"2026-01-12T13:56:18","modified_gmt":"2026-01-12T13:56:18","slug":"griglie-simbolo-camino-da-esterno-enzo","status":"publish","type":"product","link":"https:\/\/www.grillsymbol.com\/it\/shop\/focolari-in-acciaio-corten\/griglie-simbolo-camino-da-esterno-enzo\/","title":{"rendered":"Camino da esterno GrillSymbol Enzo"},"content":{"rendered":"<ul>\n<li>Misure: 132 x 43 x 37 cm (altezza x larghezza x profondit\u00e0)<\/li>\n<li>Peso: 50 kg<\/li>\n<li>Materiale: Acciaio Cor-ten da 3 mm<\/li>\n<li>Misure della griglia: 41 x 35 cm<\/li>\n<li>Consegnato in due parti, il montaggio richiede circa 10-15 minuti.<\/li>\n<\/ul>\n<p>&nbsp;<\/p>\n<p><strong>Requisiti di sicurezza:<\/strong><\/p>\n<p>&nbsp;<\/p>\n<ul>\n<li>Il caminetto deve essere posizionato su una superficie interrata non infiammabile.<\/li>\n<li>Non posizionarlo vicino a materiali infiammabili (come pareti in legno, ecc.).<\/li>\n<li>Non lasciare incustodito il fuoco mentre \u00e8 acceso.<\/li>\n<li>Non riempire lo scaffale per legno da ardere fino al bordo superiore quando il fuoco \u00e8 acceso.<\/li>\n<\/ul>\n<p>&nbsp;<\/p>\n<p>NB! I prodotti in acciaio Cor-Ten vengono forniti non trattati. Quando \u00e8 nuovo, l&#8217;acciaio Cor-Ten \u00e8 di colore grigio come il solito acciaio laminato a caldo. Puoi trovare le istruzioni per il condimento sul nostro sito web o scansionarle direttamente dal prodotto. I prodotti in acciaio Cor-Ten possono essere conservati all&#8217;aperto tutto l&#8217;anno. Non necessita di stoccaggio.<\/p>\n<p>&nbsp;<\/p>\n<p>&nbsp;<\/p>\n<h5><a href=\"https:\/\/www.grillsymbol.com\/instructions\/cor-ten-steel-products-seasoning-instructions\/\" target=\"_blank\" rel=\"noopener\">Guarda qui: Istruzioni per la stagionatura dei prodotti in acciaio Cor-Ten<\/a><\/h5>\n","protected":false},"excerpt":{"rendered":"<p>Il nostro <strong><b>camino da esterno Enzo<\/b><\/strong> \u00e8 speciale. Dietro il modesto design nordico si nasconde un caldo cuore italiano. Accendi il fuoco in questo caminetto e ogni incontro sar\u00e0 un momento speciale!<br \/>\nIn questo caminetto \u00e8 possibile grigliare poich\u00e9 \u00e8 inclusa una griglia in acciaio inossidabile. Il caminetto da esterno \u00e8 realizzato in acciaio Cor-ten da 3 mm, resistente alle intemperie e di alta qualit\u00e0. <\/p>\n<p>Dai un&#8217;occhiata anche alle nostre rastrelliere in legno Enzo.<\/p>\n<p>Realizzato in acciaio Corten, che \u00e8 un acciaio al carbonio quasi puro ma lavorato in modo da avere uno strato protettivo sulla superficie per renderlo resistente agli agenti atmosferici. La superficie \u00e8 originariamente grigiastra, ma a causa delle condizioni atmosferiche diventa bruno-rossastra (simile al colore della ruggine) e si scurisce col tempo.<\/p>\n<p>Se usato correttamente, l&#8217;acciaio Corten \u00e8 espressivo, durevole e non richiede manutenzione, e pu\u00f2 resistere al tempo in un modo tutto suo.<\/p>\n","protected":false},"featured_media":31656,"comment_status":"open","ping_status":"closed","template":"","meta":{"footnotes":""},"class_list":["post-31713","product","type-product","status-publish","has-post-thumbnail","hentry","product_cat-focolari-in-acciaio-corten"],"_links":{"self":[{"href":"https:\/\/www.grillsymbol.com\/it\/wp-json\/wp\/v2\/product\/31713","targetHints":{"allow":["GET"]}}],"collection":[{"href":"https:\/\/www.grillsymbol.com\/it\/wp-json\/wp\/v2\/product"}],"about":[{"href":"https:\/\/www.grillsymbol.com\/it\/wp-json\/wp\/v2\/types\/product"}],"replies":[{"embeddable":true,"href":"https:\/\/www.grillsymbol.com\/it\/wp-json\/wp\/v2\/comments?post=31713"}],"version-history":[{"count":0,"href":"https:\/\/www.grillsymbol.com\/it\/wp-json\/wp\/v2\/product\/31713\/revisions"}],"wp:featuredmedia":[{"embeddable":true,"href":"https:\/\/www.grillsymbol.com\/it\/wp-json\/wp\/v2\/media\/31656"}],"wp:attachment":[{"href":"https:\/\/www.grillsymbol.com\/it\/wp-json\/wp\/v2\/media?parent=31713"}],"curies":[{"name":"wp","href":"https:\/\/api.w.org\/{rel}","templated":true}]}}