{"id":31980,"date":"2022-12-05T12:19:26","date_gmt":"2026-01-12T14:17:21","guid":{"rendered":"https:\/\/www.grillsymbol.com\/shop\/uncategorized\/petteri-wiimaa-mangiatoia-per-uccelli\/"},"modified":"2026-03-26T15:37:24","modified_gmt":"2026-03-26T15:37:24","slug":"petteri-wiimaa-stazione-di-alimentazione-per-uccelli","status":"publish","type":"product","link":"https:\/\/www.grillsymbol.com\/it\/shop\/mangiatoie-per-uccelli-e-cassette-per-nidi\/petteri-wiimaa-stazione-di-alimentazione-per-uccelli\/","title":{"rendered":"Petteri Wiimaa mangiatoia per uccelli"},"content":{"rendered":"<p><strong>Dettagli del prodotto:<\/strong><\/p>\n<ul>\n<li>Realizzato in acciaio Cor-Ten da 2 mm<\/li>\n<li>Dimensioni esterne: 66 x 30 x 24 cm (L*L*H)<\/li>\n<li>Dimensioni della zona pranzo 59 x 30 cm<\/li>\n<li>Peso approssimativo. 10 kg<\/li>\n<li>Include: Corda di sospensione in acciaio inox da 3 mm, copertura per la corda, tappi per la corda, ciotola per l&#8217;alimentazione degli uccelli.<\/li>\n<li>Il prodotto viene consegnato in pezzi, il tempo di montaggio approssimativo \u00e8 di 15-20 minuti.<\/li>\n<\/ul>\n<p>&nbsp;<\/p>\n<p><strong>Importante!<\/strong>  Questo \u00e8 un prodotto pesante! Durante l&#8217;installazione, segui i requisiti di sicurezza: <\/p>\n<p>&nbsp;<\/p>\n<ul>\n<li>Scegli il posto giusto per la casetta per evitare le conseguenze di un&#8217;installazione o di un uso improprio (ad esempio, un parco giochi per bambini, un&#8217;area ricreativa in terrazza, ecc.) Anche gli uccelli hanno bisogno di un po&#8217; di privacy. <\/li>\n<li>Stringi bene i tappi della fune metallica in modo che la fune di sospensione non ceda al punto di fissaggio.<\/li>\n<li>Assicurati che la fune metallica non scivoli sul punto di fissaggio (ramo dell&#8217;albero, trave, anello di fissaggio). Inoltre, assicurati che la corda non scivoli in caso di forte vento, poich\u00e9 la casa oscilla con il vento. <\/li>\n<li>Assicurati che la copertura in plastica del cavo protegga il filo nel punto in cui entra in contatto con il metallo.<\/li>\n<li>Controlla annualmente l&#8217;usura della fune metallica. Se vedi fili rotti, sostituisci la fune metallica! <\/li>\n<\/ul>\n<p>&nbsp;<\/p>\n<p>NB! I prodotti in acciaio Cor-Ten vengono forniti non trattati. Quando \u00e8 nuovo, l&#8217;acciaio COR-TEN\u00ae \u00e8 di colore grigio come il solito acciaio laminato a caldo. Puoi trovare le istruzioni per il condimento sul nostro sito web o scansionarle direttamente dal prodotto. I prodotti in acciaio Cor-Ten possono essere conservati all&#8217;aperto tutto l&#8217;anno. Non necessita di stoccaggio.<\/p>\n<p>&nbsp;<\/p>\n<p>&nbsp;<\/p>\n<h5><a href=\"https:\/\/www.grillsymbol.com\/instructions\/cor-ten-steel-products-seasoning-instructions\/\" target=\"_blank\" rel=\"noopener\">Guarda qui: Istruzioni per la stagionatura dei prodotti in acciaio Cor-Ten<\/a><\/h5>\n","protected":false},"excerpt":{"rendered":"<p>&#8220;Andiamo a mangiare insieme in un bel ristorante? Dove c&#8217;\u00e8 abbastanza spazio e non ci sono pioggia e neve che ti cadono in testa?&#8221;. &#8221;Station&#8221; \u00e8 perfetto per questo!<\/p>\n<p>La dimensione di uno dei pi\u00f9 grandi ristoranti di uccelli \u00e8 di ben 30 x 60 cm! Non dovrai preoccuparti di prenotare il tavolo, perch\u00e9 la ciotola da pranzo \u00e8 di dimensioni adeguate. <\/p>\n<p>Un tetto sopra la testa, posatoi su entrambi i lati, un abete rosso settentrionale per rotolarsi sul tetto&#8230; <span class=\"HwtZe\" lang=\"en\"><span class=\"jCAhz ChMk0b\"><span class=\"ryNqvb\">cos&#8217;altro pu\u00f2 desiderare un uccello? <\/span><\/span><\/span>Forse solo altre palle di grasso&#8230;<\/p>\n<p>&nbsp;<\/p>\n<p><strong>Design: Petteri Wiimaa<\/strong><\/p>\n","protected":false},"featured_media":31981,"comment_status":"open","ping_status":"closed","template":"","meta":{"footnotes":""},"class_list":["post-31980","product","type-product","status-publish","has-post-thumbnail","hentry","product_cat-mangiatoie-per-uccelli-e-cassette-per-nidi"],"_links":{"self":[{"href":"https:\/\/www.grillsymbol.com\/it\/wp-json\/wp\/v2\/product\/31980","targetHints":{"allow":["GET"]}}],"collection":[{"href":"https:\/\/www.grillsymbol.com\/it\/wp-json\/wp\/v2\/product"}],"about":[{"href":"https:\/\/www.grillsymbol.com\/it\/wp-json\/wp\/v2\/types\/product"}],"replies":[{"embeddable":true,"href":"https:\/\/www.grillsymbol.com\/it\/wp-json\/wp\/v2\/comments?post=31980"}],"version-history":[{"count":0,"href":"https:\/\/www.grillsymbol.com\/it\/wp-json\/wp\/v2\/product\/31980\/revisions"}],"wp:featuredmedia":[{"embeddable":true,"href":"https:\/\/www.grillsymbol.com\/it\/wp-json\/wp\/v2\/media\/31981"}],"wp:attachment":[{"href":"https:\/\/www.grillsymbol.com\/it\/wp-json\/wp\/v2\/media?parent=31980"}],"curies":[{"name":"wp","href":"https:\/\/api.w.org\/{rel}","templated":true}]}}