{"id":32071,"date":"2024-11-07T13:39:23","date_gmt":"2026-01-12T14:33:06","guid":{"rendered":"https:\/\/www.grillsymbol.com\/shop\/uncategorized\/petteri-wiimaa-albergo-per-insetti-fiore-della-vita-s\/"},"modified":"2026-01-12T14:33:06","modified_gmt":"2026-01-12T14:33:06","slug":"petteri-wiimaa-insetto-hotel-fiore-di-vita-s","status":"publish","type":"product","link":"https:\/\/www.grillsymbol.com\/it\/shop\/mangiatoie-per-uccelli-e-cassette-per-nidi\/petteri-wiimaa-insetto-hotel-fiore-di-vita-s\/","title":{"rendered":"Petteri Wiimaa albergo per insetti Fiore della Vita-S"},"content":{"rendered":"<p>Il simbolo del Fiore della Vita porta con s\u00e9 l&#8217;energia dell&#8217;universo. Simboleggia la geometria sacra, l&#8217;interezza dell&#8217;universo, i cicli della vita e molto altro ancora. Si ritiene che circondarsi del Fiore della Vita aiuti a mantenersi sani, forti e amati.  <\/p>\n<p>&nbsp;<\/p>\n<ul>\n<li>Diametro: 30 cm<\/li>\n<li>Profondit\u00e0: 10 cm<\/li>\n<li>Materiale: acciaio Cor-Ten da 2 mm<\/li>\n<li>Peso: 3 kg<\/li>\n<li>Il prodotto \u00e8 dotato di un gancio per essere appeso alla parete<\/li>\n<li>La parete posteriore pu\u00f2 essere fissata con bulloni e dadi M5.<\/li>\n<\/ul>\n<p>&nbsp;<\/p>\n<p>Il prodotto viene consegnato con un contenuto in legno.<u><\/u><\/p>\n<p>&nbsp;<\/p>\n<p><strong>NB!<\/strong> I prodotti in acciaio Cor-Ten vengono forniti non trattati. Quando \u00e8 nuovo, l&#8217;acciaio Cor-Ten \u00e8 di colore grigio come il solito acciaio laminato a caldo. Puoi trovare le istruzioni per il condimento sul nostro sito web o scansionarle direttamente dal prodotto. I prodotti in acciaio Cor-Ten possono essere conservati all&#8217;aperto tutto l&#8217;anno. Non necessita di stoccaggio.<\/p>\n<p>&nbsp;<\/p>\n<p><a href=\"https:\/\/www.grillsymbol.com\/instructions\/cor-ten-steel-products-seasoning-instructions\/\"><strong><u>Vedi qui: Istruzioni per l&#8217;invecchiamento dei prodotti Cor-Ten<\/u><\/strong><\/a><\/p>\n","protected":false},"excerpt":{"rendered":"<p>L&#8217;albergo per insetti Flower of Life-S (FOL-S) \u00e8 realizzato a mano in acciaio Cor-Ten, un materiale resistente alle intemperie progettato per durare decenni in condizioni esterne.<\/p>\n<p data-start=\"287\" data-end=\"579\">Questo albergo per insetti fornisce un habitat ideale per gli insetti utili, come gli impollinatori e i disinfestatori naturali, che contribuiscono a mantenere sano l&#8217;ecosistema del giardino. Con il loro aiuto, il tuo giardino potr\u00e0 godere di una maggiore impollinazione, di una riduzione delle popolazioni di parassiti e di un ambiente pi\u00f9 pulito ed equilibrato. <\/p>\n<p data-start=\"581\" data-end=\"830\">Albergo per insetti catturano anche la curiosit\u00e0 dei bambini. Osservare l&#8217;attivit\u00e0 degli insetti da vicino non \u00e8 solo affascinante, ma \u00e8 anche un modo educativo per far conoscere ai bambini il ruolo vitale che queste piccole creature svolgono nell&#8217;equilibrio della natura. <\/p>\n<p><strong>Design: Petteri Wiimaa<\/strong><\/p>\n","protected":false},"featured_media":32072,"comment_status":"open","ping_status":"closed","template":"","meta":{"footnotes":""},"class_list":["post-32071","product","type-product","status-publish","has-post-thumbnail","hentry","product_cat-mangiatoie-per-uccelli-e-cassette-per-nidi"],"_links":{"self":[{"href":"https:\/\/www.grillsymbol.com\/it\/wp-json\/wp\/v2\/product\/32071","targetHints":{"allow":["GET"]}}],"collection":[{"href":"https:\/\/www.grillsymbol.com\/it\/wp-json\/wp\/v2\/product"}],"about":[{"href":"https:\/\/www.grillsymbol.com\/it\/wp-json\/wp\/v2\/types\/product"}],"replies":[{"embeddable":true,"href":"https:\/\/www.grillsymbol.com\/it\/wp-json\/wp\/v2\/comments?post=32071"}],"version-history":[{"count":0,"href":"https:\/\/www.grillsymbol.com\/it\/wp-json\/wp\/v2\/product\/32071\/revisions"}],"wp:featuredmedia":[{"embeddable":true,"href":"https:\/\/www.grillsymbol.com\/it\/wp-json\/wp\/v2\/media\/32072"}],"wp:attachment":[{"href":"https:\/\/www.grillsymbol.com\/it\/wp-json\/wp\/v2\/media?parent=32071"}],"curies":[{"name":"wp","href":"https:\/\/api.w.org\/{rel}","templated":true}]}}