{"id":32200,"date":"2023-02-14T14:22:46","date_gmt":"2026-01-12T14:44:04","guid":{"rendered":"https:\/\/www.grillsymbol.com\/shop\/uncategorized\/grillsymbol-set-di-padella-per-paella-stark-o-96-cm\/"},"modified":"2026-01-12T14:44:04","modified_gmt":"2026-01-12T14:44:04","slug":"griglie-simbolo-campfire-skillet-stark-set-o-96-cm","status":"publish","type":"product","link":"https:\/\/www.grillsymbol.com\/it\/shop\/padelle-per-paella-e-wok\/griglie-simbolo-campfire-skillet-stark-set-o-96-cm\/","title":{"rendered":"GrillSymbol Set di padella per paella Stark, \u00f8 96 cm"},"content":{"rendered":"<ul>\n<li><span class=\"HwtZe\" lang=\"en\"><span class=\"jCAhz ChMk0b\"><span class=\"ryNqvb\">Diametro della pentola dal bordo superiore: 96 cm (fondo liscio 85 cm)<\/span><\/span> <\/span><\/li>\n<li><span class=\"HwtZe\" lang=\"en\"><span class=\"jCAhz ChMk0b\"><span class=\"ryNqvb\">Materiale Acciaio da 3 mm<\/span><\/span> <\/span><\/li>\n<li><span class=\"HwtZe\" lang=\"en\"><span class=\"jCAhz ChMk0b\"><span class=\"ryNqvb\">Capacit\u00e0: 50-80 porzioni (volume 50 litri)<\/span><\/span> <\/span><\/li>\n<li><span class=\"HwtZe\" lang=\"en\"><span class=\"jCAhz ChMk0b\"><span class=\"ryNqvb\">Altezza del bordo della pentola: 5 cm<\/span><\/span> <\/span><\/li>\n<li><span class=\"HwtZe\" lang=\"en\"><span class=\"jCAhz ChMk0b\"><span class=\"ryNqvb\">Peso: teglia circa 19 kg e telaio di base circa.  3 kg<\/span><\/span> <\/span><\/li>\n<li><span class=\"HwtZe\" lang=\"en\"><span class=\"jCAhz ChMk0b\"><span class=\"ryNqvb\">Telaio di base: altezza 25 cm, diametro 98 cm<\/span><\/span> <\/span><\/li>\n<li><span class=\"HwtZe\" lang=\"en\"><span class=\"jCAhz ChMk0b\"><span class=\"ryNqvb\">Materiale del telaio di base: Acciaio Cor-Ten da 3 mm resistente alle intemperie che si arrugginisce in modo uniforme ed elegante nel tempo<\/span><\/span> <\/span><\/li>\n<li><span class=\"HwtZe\" lang=\"en\"><span class=\"jCAhz ChMk0b\"><span class=\"ryNqvb\">Facile da montare: consumo di tempo una tantum 5-10 min.<\/span><\/span> <\/span><\/li>\n<li><span class=\"HwtZe\" lang=\"en\"><span class=\"jCAhz ChMk0b\"><span class=\"ryNqvb\">Le gambe sono facili da installare e rimuovere<\/span><\/span> <\/span><\/li>\n<li><span class=\"HwtZe\" lang=\"en\"><span class=\"jCAhz ChMk0b\"><span class=\"ryNqvb\">Manuale d&#8217;uso incluso nella confezione<\/span><\/span> <\/span><\/li>\n<li><span class=\"HwtZe\" lang=\"en\"><span class=\"jCAhz ChMk0b\"><span class=\"ryNqvb\">La pentola Stark-960 pu\u00f2 essere utilizzata con il bruciatore a gas B600 o B700.<\/span><\/span> <\/span><\/li>\n<li><span class=\"HwtZe\" lang=\"en\"><span class=\"jCAhz ChMk0b\"><span class=\"ryNqvb\">Il telaio di base \u00e8 pronto per il fissaggio del bruciatore a gas (gli strumenti di fissaggio sono inclusi nella confezione).<\/span><\/span><\/span><\/li>\n<li><span class=\"ryNqvb\">GrillSymbol &#8211; azienda familiare dal 1925.<\/span> <span class=\"jCAhz ChMk0b\"><span class=\"ryNqvb\">I prodotti sono stati sviluppati e fabbricati in Estonia e testati nei paesi nordici.<\/span><\/span><\/li>\n<\/ul>\n<p><span class=\"HwtZe\" lang=\"en\"><span class=\"jCAhz ChMk0b\"><span class=\"ryNqvb\">La nostra esperienza conferma che la lunghezza ottimale delle gambe della pentola \u00e8 di 25 cm.<\/span><\/span> <span class=\"jCAhz ChMk0b\"><span class=\"ryNqvb\">Questa \u00e8 l&#8217;altezza massima a cui il calore del fuoco o delle braci pu\u00f2 raggiungere la pentola.<\/span><\/span> <span class=\"jCAhz ChMk0b\"><span class=\"ryNqvb\">Una padella con gambe pi\u00f9 alte di 25 cm non \u00e8 abbastanza efficiente, perch\u00e9 \u00e8 troppo lontana dalla fonte di calore e il calore si disperde prima di raggiungere la padella.<\/span><\/span><\/span><\/p>\n","protected":false},"excerpt":{"rendered":"<p><span class=\"HwtZe\" lang=\"en\"><span class=\"jCAhz ChMk0b\"><span class=\"ryNqvb\">GrillSymbol Stark \u00e8 una classica padella in acciaio con bordo alto, facile da usare e da mantenere.<\/span><\/span> Include<span class=\"jCAhz ChMk0b\"><span class=\"ryNqvb\"> gambe (alte 25 cm) e telaio di base che sostiene la padella.<\/span><\/span> <span class=\"jCAhz ChMk0b\"><span class=\"ryNqvb\">Da utilizzare su un fuoco aperto e senza gambe su un fornello a gas o una griglia.<\/span><\/span> <span class=\"jCAhz ChMk0b\"><span class=\"ryNqvb\">Il telaio di base pu\u00f2 essere utilizzato anche come piatto caldo per servire il cibo direttamente dalla padella sfrigolante!<\/span><\/span> <span class=\"jCAhz ChMk0b\"><span class=\"ryNqvb\">A differenza delle padelle con il fondo liscio, una padella con il bordo pi\u00f9 alto permette di preparare molti cibi diversi.<\/span><\/span> <\/span><\/p>\n<p><span class=\"HwtZe\" lang=\"en\"><span class=\"jCAhz ChMk0b\"><span class=\"ryNqvb\">Le padelle classiche Stark migliorano con il tempo: pi\u00f9 le usi, pi\u00f9 la padella cuoce meglio!<\/span><\/span> <span class=\"jCAhz ChMk0b\"><span class=\"ryNqvb\">Con una corretta manutenzione, la padella Stark \u00e8 un&#8217;amica per tutta la vita, in attesa di nuove ed entusiasmanti avventure culinarie e di una fresca compagnia da consumare intorno alla padella.<\/span><\/span> <\/span><\/p>\n<p><span class=\"HwtZe\" lang=\"en\"><span class=\"jCAhz ChMk0b\"><span class=\"ryNqvb\">Prodotto in Estonia.<\/span><\/span><\/span><\/p>\n<p>&nbsp;<\/p>\n<p dir=\"\"\"\"\"ltr\"\"\"\"\">\n","protected":false},"featured_media":32201,"comment_status":"open","ping_status":"closed","template":"","meta":{"footnotes":""},"class_list":["post-32200","product","type-product","status-publish","has-post-thumbnail","hentry","product_cat-padelle-per-paella-e-wok"],"_links":{"self":[{"href":"https:\/\/www.grillsymbol.com\/it\/wp-json\/wp\/v2\/product\/32200","targetHints":{"allow":["GET"]}}],"collection":[{"href":"https:\/\/www.grillsymbol.com\/it\/wp-json\/wp\/v2\/product"}],"about":[{"href":"https:\/\/www.grillsymbol.com\/it\/wp-json\/wp\/v2\/types\/product"}],"replies":[{"embeddable":true,"href":"https:\/\/www.grillsymbol.com\/it\/wp-json\/wp\/v2\/comments?post=32200"}],"version-history":[{"count":0,"href":"https:\/\/www.grillsymbol.com\/it\/wp-json\/wp\/v2\/product\/32200\/revisions"}],"wp:featuredmedia":[{"embeddable":true,"href":"https:\/\/www.grillsymbol.com\/it\/wp-json\/wp\/v2\/media\/32201"}],"wp:attachment":[{"href":"https:\/\/www.grillsymbol.com\/it\/wp-json\/wp\/v2\/media?parent=32200"}],"curies":[{"name":"wp","href":"https:\/\/api.w.org\/{rel}","templated":true}]}}