{"id":32249,"date":"2017-04-11T06:41:10","date_gmt":"2026-01-12T14:47:39","guid":{"rendered":"https:\/\/www.grillsymbol.com\/shop\/uncategorized\/grillsymbol-padella-per-paella-in-acciaio-inox-fp-720-o-72-cm\/"},"modified":"2026-01-12T14:47:39","modified_gmt":"2026-01-12T14:47:39","slug":"griglie-symbol-acciaio-inox-paella-pan-fp-720-inox-o-72-cm","status":"publish","type":"product","link":"https:\/\/www.grillsymbol.com\/it\/shop\/padelle-per-paella-e-wok\/griglie-symbol-acciaio-inox-paella-pan-fp-720-inox-o-72-cm\/","title":{"rendered":"GrillSymbol Padella per paella in acciaio inox FP-720, \u00f8 72 cm"},"content":{"rendered":"<p><strong>Specifiche:<\/strong><\/p>\n<p>&nbsp;<\/p>\n<ul>\n<li>Diametro della pentola 72 cm<\/li>\n<li>Spessore del pannello 3 mm<\/li>\n<li>20-30 Capacit\u00e0 delle porzioni<\/li>\n<li>Peso della pentola 9 KG<\/li>\n<\/ul>\n","protected":false},"excerpt":{"rendered":"<p><strong>Una<\/strong> padella con bordo alto <strong>in acciaio inossidabile<\/strong>, ideale per stufare, cucinare, friggere e cuocere al vapore. L&#8217;acciaio inossidabile permette di preparare <strong>i migliori piatti in umido<\/strong>, poich\u00e9 la padella in acciaio pu\u00f2 aggiungere colore o sapore al piatto, quando lo strato condito si danneggia. \u00c8 facile da pulire e da mantenere. Si riscalda molto velocemente. E, cosa altrettanto importante, una padella in acciaio inossidabile mantiene sempre il suo aspetto brillante!    <\/p>\n<p>PRO- 720 inox \u00e8 un modello popolare tra gli utenti domestici che intrattengono molti ospiti e organizzano grandi grigliate. Questo modello \u00e8 utilizzato anche dai ristoratori. La padella con bordo alto e fondo spesso \u00e8 un articolo ben funzionante.  <\/p>\n<p>La PRO- 720 permette di preparare diversi piatti a partire da ingredienti crudi e precotti. La padella pu\u00f2 contenere 20-30 porzioni a seconda del piatto cucinato. Il fondo piatto della padella permette di mantenere il cibo caldo. Quando si frigge, \u00e8 importante che la temperatura non sia troppo alta e che si aggiunga pi\u00f9 olio rispetto alla padella in acciaio. La padella ha un bordo di 5 cm che permette di cuocere gli alimenti in umido e al vapore (sotto il coperchio), un grande vantaggio rispetto alle padelle con il bordo basso. Usa la tua fantasia e cucina il piatto che desideri sulla padella!     <\/p>\n","protected":false},"featured_media":32250,"comment_status":"open","ping_status":"closed","template":"","meta":{"footnotes":""},"class_list":{"0":"post-32249","1":"product","2":"type-product","3":"status-publish","4":"has-post-thumbnail","5":"hentry","6":"product_cat-padelle-per-paella-e-wok","8":"product_cat-paelle-e-wok-in-acciaio-inox"},"_links":{"self":[{"href":"https:\/\/www.grillsymbol.com\/it\/wp-json\/wp\/v2\/product\/32249","targetHints":{"allow":["GET"]}}],"collection":[{"href":"https:\/\/www.grillsymbol.com\/it\/wp-json\/wp\/v2\/product"}],"about":[{"href":"https:\/\/www.grillsymbol.com\/it\/wp-json\/wp\/v2\/types\/product"}],"replies":[{"embeddable":true,"href":"https:\/\/www.grillsymbol.com\/it\/wp-json\/wp\/v2\/comments?post=32249"}],"version-history":[{"count":0,"href":"https:\/\/www.grillsymbol.com\/it\/wp-json\/wp\/v2\/product\/32249\/revisions"}],"wp:featuredmedia":[{"embeddable":true,"href":"https:\/\/www.grillsymbol.com\/it\/wp-json\/wp\/v2\/media\/32250"}],"wp:attachment":[{"href":"https:\/\/www.grillsymbol.com\/it\/wp-json\/wp\/v2\/media?parent=32249"}],"curies":[{"name":"wp","href":"https:\/\/api.w.org\/{rel}","templated":true}]}}