{"id":32343,"date":"2017-04-11T07:07:10","date_gmt":"2026-01-12T14:55:47","guid":{"rendered":"https:\/\/www.grillsymbol.com\/shop\/uncategorized\/grillsymbol-set-di-padelle-da-campo-stark-o-58-cm\/"},"modified":"2026-01-13T01:26:10","modified_gmt":"2026-01-13T01:26:10","slug":"grillsymbol-campfire-skillet-stark-set-o-58-cm-2","status":"publish","type":"product","link":"https:\/\/www.grillsymbol.com\/it\/shop\/padelle-per-paella-e-wok\/grillsymbol-campfire-skillet-stark-set-o-58-cm-2\/","title":{"rendered":"GrillSymbol Set di padelle da campo Stark, \u00f8 58 cm"},"content":{"rendered":"<ul>\n<li>Diametro della pentola dal bordo superiore: 58 cm (fondo liscio 49 cm)<\/li>\n<li>Materiale Acciaio da 3 mm<\/li>\n<li>Capacit\u00e0: 12-20 porzioni<\/li>\n<li>Altezza del bordo della pentola: 5 cm<\/li>\n<li>Peso: teglia circa 7,5 kg e telaio di base circa 2,5 kg  <\/li>\n<li>Telaio di base: altezza 25 cm, diametro 62 cm<\/li>\n<li>Materiale del telaio di base: Acciaio Cor-Ten da 3 mm resistente alle intemperie che si arrugginisce in modo uniforme ed elegante nel tempo<\/li>\n<li>Facile da montare: consumo di tempo una tantum 5-10 min.<\/li>\n<li>Le gambe sono facili da installare e rimuovere<\/li>\n<li>Manuale d&#8217;uso incluso nella confezione<\/li>\n<li>La padella Stark-580 pu\u00f2 essere utilizzata sul bruciatore a gas B400 e su altri bruciatori a gas da 40 cm.<\/li>\n<li>Il telaio di base \u00e8 pronto per il fissaggio del bruciatore a gas (gli strumenti di fissaggio sono inclusi nella confezione).<\/li>\n<li>GrillSymbol &#8211; azienda familiare dal 1925. I prodotti sono stati sviluppati e fabbricati in Estonia e testati nei paesi nordici.<\/li>\n<\/ul>\n<p>&nbsp;<\/p>\n<p>La nostra esperienza conferma che la lunghezza ottimale delle gambe della pentola \u00e8 di 25 cm. Questa \u00e8 l&#8217;altezza massima a cui il calore del fuoco o delle braci pu\u00f2 raggiungere la pentola. Una padella con gambe pi\u00f9 alte di 25 cm non \u00e8 abbastanza efficiente, perch\u00e9 \u00e8 troppo lontana dalla fonte di calore e il calore si disperde prima di raggiungere la padella.<\/p>\n","protected":false},"excerpt":{"rendered":"<p><g id=\"gid_0\"><g id=\"gid_1\">GrillSymbol Stark \u00e8 una classica padella in acciaio con bordo alto, facile da usare e da mantenere.<\/g><\/g> Include<g id=\"gid_2\"><g id=\"gid_3\"> gambe (alte 25 cm) e telaio di base che sostiene la padella.<\/g><\/g> <g id=\"gid_4\"><g id=\"gid_5\">Da utilizzare su un fuoco aperto e senza gambe su un fornello a gas o una griglia.<\/g><\/g> <g id=\"gid_6\"><g id=\"gid_7\">Il telaio di base pu\u00f2 essere utilizzato anche come piatto caldo per servire il cibo direttamente dalla padella sfrigolante!<\/g><\/g> <g id=\"gid_8\"><g id=\"gid_9\">A differenza delle padelle con il fondo liscio, una padella con il bordo pi\u00f9 alto permette di preparare molti cibi diversi.<\/g><\/g>    <\/p>\n<p>Le padelle classiche Stark migliorano con il tempo: pi\u00f9 le usi, pi\u00f9 la padella cuoce meglio! Con una corretta manutenzione, la padella Stark \u00e8 un&#8217;amica per tutta la vita, in attesa di nuove ed entusiasmanti avventure culinarie e di una fresca compagnia da consumare intorno alla padella.<\/p>\n<p>Prodotto in Estonia.<\/p>\n","protected":false},"featured_media":32344,"comment_status":"open","ping_status":"closed","template":"","meta":{"footnotes":""},"class_list":["post-32343","product","type-product","status-publish","has-post-thumbnail","hentry","product_cat-padelle-per-paella-e-wok"],"_links":{"self":[{"href":"https:\/\/www.grillsymbol.com\/it\/wp-json\/wp\/v2\/product\/32343","targetHints":{"allow":["GET"]}}],"collection":[{"href":"https:\/\/www.grillsymbol.com\/it\/wp-json\/wp\/v2\/product"}],"about":[{"href":"https:\/\/www.grillsymbol.com\/it\/wp-json\/wp\/v2\/types\/product"}],"replies":[{"embeddable":true,"href":"https:\/\/www.grillsymbol.com\/it\/wp-json\/wp\/v2\/comments?post=32343"}],"version-history":[{"count":0,"href":"https:\/\/www.grillsymbol.com\/it\/wp-json\/wp\/v2\/product\/32343\/revisions"}],"wp:featuredmedia":[{"embeddable":true,"href":"https:\/\/www.grillsymbol.com\/it\/wp-json\/wp\/v2\/media\/32344"}],"wp:attachment":[{"href":"https:\/\/www.grillsymbol.com\/it\/wp-json\/wp\/v2\/media?parent=32343"}],"curies":[{"name":"wp","href":"https:\/\/api.w.org\/{rel}","templated":true}]}}