{"id":32392,"date":"2017-04-11T06:52:30","date_gmt":"2026-01-12T14:59:23","guid":{"rendered":"https:\/\/www.grillsymbol.com\/shop\/uncategorized\/grillsymbol-padella-per-paella-in-acciaio-inox-fp-460-o-46-cm\/"},"modified":"2026-01-12T14:59:23","modified_gmt":"2026-01-12T14:59:23","slug":"griglie-symbol-acciaio-inox-paella-pan-fp-460-inox-o-46-cm","status":"publish","type":"product","link":"https:\/\/www.grillsymbol.com\/it\/shop\/padelle-per-paella-e-wok\/griglie-symbol-acciaio-inox-paella-pan-fp-460-inox-o-46-cm\/","title":{"rendered":"GrillSymbol Padella per paella in acciaio inox FP-460, \u00f8 46 cm"},"content":{"rendered":"<p><strong>Dati tecnici:<\/strong><\/p>\n<p>&nbsp;<\/p>\n<ul>\n<li>Diametro: 46 cm.<\/li>\n<li>Diametro della superficie: 38 cm.<\/li>\n<li>Capacit\u00e0: 6-12 porzioni.<\/li>\n<li>Altezza del lato della pentola: 5 cm.<\/li>\n<li>Peso della pentola: 6 kg<\/li>\n<li>La padella \u00e8 realizzata in <strong>acciaio inox<\/strong> da 3 mm.<\/li>\n<\/ul>\n","protected":false},"excerpt":{"rendered":"<p><b>Una<\/b> padella con bordo alto <b>in acciaio inossidabile<\/b>, ideale per stufare, cucinare, friggere e cuocere al vapore. L&#8217;acciaio inossidabile permette di preparare <b>i migliori piatti in umido<\/b>, poich\u00e9 la padella in acciaio pu\u00f2 aggiungere colore o sapore al piatto, quando lo strato condito si danneggia. \u00c8 facile da pulire e da mantenere. Si riscalda molto velocemente. E, cosa altrettanto importante, una padella in acciaio inossidabile mantiene sempre il suo aspetto brillante!    <\/p>\n<p>Permette di preparare diversi piatti a partire da ingredienti crudi e precotti. La padella pu\u00f2 contenere 6-12 porzioni a seconda del piatto cucinato. Il fondo piatto della padella permette di mantenere il cibo caldo. Quando si frigge, \u00e8 importante che la temperatura non sia troppo alta e che si aggiunga pi\u00f9 olio rispetto alla padella in acciaio. La padella ha un bordo di 5 cm che permette di cuocere gli alimenti in umido e al vapore (sotto il coperchio), un grande vantaggio rispetto alle padelle con il bordo basso. Usa la tua fantasia e cucina il piatto che desideri sulla padella!     <\/p>\n","protected":false},"featured_media":32393,"comment_status":"open","ping_status":"closed","template":"","meta":{"footnotes":""},"class_list":{"0":"post-32392","1":"product","2":"type-product","3":"status-publish","4":"has-post-thumbnail","5":"hentry","6":"product_cat-padelle-per-paella-e-wok","8":"product_cat-paelle-e-wok-in-acciaio-inox"},"_links":{"self":[{"href":"https:\/\/www.grillsymbol.com\/it\/wp-json\/wp\/v2\/product\/32392","targetHints":{"allow":["GET"]}}],"collection":[{"href":"https:\/\/www.grillsymbol.com\/it\/wp-json\/wp\/v2\/product"}],"about":[{"href":"https:\/\/www.grillsymbol.com\/it\/wp-json\/wp\/v2\/types\/product"}],"replies":[{"embeddable":true,"href":"https:\/\/www.grillsymbol.com\/it\/wp-json\/wp\/v2\/comments?post=32392"}],"version-history":[{"count":0,"href":"https:\/\/www.grillsymbol.com\/it\/wp-json\/wp\/v2\/product\/32392\/revisions"}],"wp:featuredmedia":[{"embeddable":true,"href":"https:\/\/www.grillsymbol.com\/it\/wp-json\/wp\/v2\/media\/32393"}],"wp:attachment":[{"href":"https:\/\/www.grillsymbol.com\/it\/wp-json\/wp\/v2\/media?parent=32392"}],"curies":[{"name":"wp","href":"https:\/\/api.w.org\/{rel}","templated":true}]}}