{"id":32579,"date":"2018-08-13T07:15:06","date_gmt":"2026-01-13T10:48:29","guid":{"rendered":"https:\/\/www.grillsymbol.com\/shop\/uncategorized\/grillsymbol-bagnomaria-chafer-xl-tavola-calda\/"},"modified":"2026-01-13T10:48:29","modified_gmt":"2026-01-13T10:48:29","slug":"griglie-simbolo-gastronomiche-chafer-xl-tavola-calda","status":"publish","type":"product","link":"https:\/\/www.grillsymbol.com\/it\/shop\/attrezzature-per-barbecue\/griglie-simbolo-gastronomiche-chafer-xl-tavola-calda\/","title":{"rendered":"GrillSymbol bagnomaria Chafer XL (Tavola calda)"},"content":{"rendered":"<ul>\n<li>Realizzato in acciaio inox da 2 mm (AISI 304)<\/li>\n<li>Gambe rimovibili (con bulloni a farfalla)<\/li>\n<li>Predisposizione per l&#8217;installazione del ripiano superiore (ripiano disponibile come accessorio)<\/li>\n<li>Capacit\u00e0: 5 pezzi 1\/1 GN. (I piatti GN non sono inclusi nel prezzo del set) <\/li>\n<li>Dimensioni da assemblato: 168 x 57 x 85 cm (lunghezza x larghezza x altezza)<\/li>\n<li>Dimensioni senza gambe: 168 x 57 x 37 cm (lunghezza x larghezza x altezza)<\/li>\n<li>Peso totale: 48 kg<\/li>\n<li>Riscaldatore 7 KW a gas con valvola termica<\/li>\n<li>Termosensore sul bruciatore che chiude il flusso di gas nel caso in cui la fiamma si spenga.<\/li>\n<li>L&#8217;uso del bruciatore a gas \u00e8 consentito sia in ambienti interni che esterni.<\/li>\n<li>Consumo di gas all&#8217;ora: circa 0,2-0,4 kg (capacit\u00e0 massima 0,7 kg) <\/li>\n<li>Regolatore del gas e tubo flessibile inclusi nel set (opzione: SE \/ DE \/ NO \/ FI \/ DK \/ EE \/ ES \/ RU)<\/li>\n<li>Tocca il fondo per scaricare l&#8217;acqua<\/li>\n<\/ul>\n","protected":false},"excerpt":{"rendered":"<p>Bagnomaria a gas per mantenere il cibo caldo durante gli eventi. La capacit\u00e0 dipende dalla profondit\u00e0 della GN richiesta e raggiunge centinaia di porzioni. La bagnomaria \u00e8 realizzata in acciaio inox e pu\u00f2 essere utilizzata sia all&#8217;interno che all&#8217;esterno. Poich\u00e9 in molti eventi all&#8217;aperto la fornitura di elettricit\u00e0 \u00e8 insufficiente o costosa, la fornitura di gas ti libera dalla dipendenza dall&#8217;elettricit\u00e0.   <\/p>\n","protected":false},"featured_media":32580,"comment_status":"open","ping_status":"closed","template":"","meta":{"footnotes":""},"class_list":["post-32579","product","type-product","status-publish","has-post-thumbnail","hentry","product_cat-attrezzature-per-barbecue"],"_links":{"self":[{"href":"https:\/\/www.grillsymbol.com\/it\/wp-json\/wp\/v2\/product\/32579","targetHints":{"allow":["GET"]}}],"collection":[{"href":"https:\/\/www.grillsymbol.com\/it\/wp-json\/wp\/v2\/product"}],"about":[{"href":"https:\/\/www.grillsymbol.com\/it\/wp-json\/wp\/v2\/types\/product"}],"replies":[{"embeddable":true,"href":"https:\/\/www.grillsymbol.com\/it\/wp-json\/wp\/v2\/comments?post=32579"}],"version-history":[{"count":0,"href":"https:\/\/www.grillsymbol.com\/it\/wp-json\/wp\/v2\/product\/32579\/revisions"}],"wp:featuredmedia":[{"embeddable":true,"href":"https:\/\/www.grillsymbol.com\/it\/wp-json\/wp\/v2\/media\/32580"}],"wp:attachment":[{"href":"https:\/\/www.grillsymbol.com\/it\/wp-json\/wp\/v2\/media?parent=32579"}],"curies":[{"name":"wp","href":"https:\/\/api.w.org\/{rel}","templated":true}]}}