{"id":32639,"date":"2023-04-24T08:16:53","date_gmt":"2026-01-13T11:34:24","guid":{"rendered":"https:\/\/www.grillsymbol.com\/shop\/uncategorized\/spiedini-grillsymbol-3-pezzi-x-37-cm\/"},"modified":"2026-01-13T11:34:24","modified_gmt":"2026-01-13T11:34:24","slug":"griglia-simbolo-skewers-3-pcs-x-37-cm","status":"publish","type":"product","link":"https:\/\/www.grillsymbol.com\/it\/shop\/accessori-per-barbecue\/griglia-simbolo-skewers-3-pcs-x-37-cm\/","title":{"rendered":"Spiedini GrillSymbol 3 pezzi x 37 cm"},"content":{"rendered":"<ul>\n<li>3 pezzi nel set<\/li>\n<li>Realizzato in acciaio inox da 3 mm<\/li>\n<li>Lunghezza 37 cm (parte dritta 30 cm)<\/li>\n<li>All&#8217;estremit\u00e0 \u00e8 affusolata: \u00e8 facile rimuovere la carne dal bastoncino.<\/li>\n<li>Adatto ai modelli Big Green Egg e Kamado Joe L e pi\u00f9 grandi<\/li>\n<\/ul>\n<p>&nbsp;<\/p>\n","protected":false},"excerpt":{"rendered":"<p>Gli spiedini sono realizzati in acciaio inox spesso. Grazie alle loro dimensioni, si adattano ai modelli Big Green Egg e Kamado Joe L, XL e XXL. 3 pezzi nel set.<\/p>\n<p>&nbsp;<\/p>\n<p>&nbsp;<\/p>\n","protected":false},"featured_media":32640,"comment_status":"open","ping_status":"closed","template":"","meta":{"footnotes":""},"class_list":["post-32639","product","type-product","status-publish","has-post-thumbnail","hentry","product_cat-set-di-bruciatori-wok","product_cat-accessori-per-barbecue"],"_links":{"self":[{"href":"https:\/\/www.grillsymbol.com\/it\/wp-json\/wp\/v2\/product\/32639","targetHints":{"allow":["GET"]}}],"collection":[{"href":"https:\/\/www.grillsymbol.com\/it\/wp-json\/wp\/v2\/product"}],"about":[{"href":"https:\/\/www.grillsymbol.com\/it\/wp-json\/wp\/v2\/types\/product"}],"replies":[{"embeddable":true,"href":"https:\/\/www.grillsymbol.com\/it\/wp-json\/wp\/v2\/comments?post=32639"}],"version-history":[{"count":0,"href":"https:\/\/www.grillsymbol.com\/it\/wp-json\/wp\/v2\/product\/32639\/revisions"}],"wp:featuredmedia":[{"embeddable":true,"href":"https:\/\/www.grillsymbol.com\/it\/wp-json\/wp\/v2\/media\/32640"}],"wp:attachment":[{"href":"https:\/\/www.grillsymbol.com\/it\/wp-json\/wp\/v2\/media?parent=32639"}],"curies":[{"name":"wp","href":"https:\/\/api.w.org\/{rel}","templated":true}]}}