{"id":35073,"date":"2026-02-12T10:12:52","date_gmt":"2026-02-12T11:16:30","guid":{"rendered":"https:\/\/www.grillsymbol.com\/shop\/uncategorized\/grillsymbol-accaio-corten-steel-fioriera-myy-xl\/"},"modified":"2026-02-12T11:16:30","modified_gmt":"2026-02-12T11:16:30","slug":"grillsymbol-corten-steel-planter-myy-xl-2","status":"publish","type":"product","link":"https:\/\/www.grillsymbol.com\/it\/shop\/fioriere-in-acciaio-corten\/grillsymbol-corten-steel-planter-myy-xl-2\/","title":{"rendered":"GrillSymbol accaio Corten Steel Fioriera Myy-XL"},"content":{"rendered":"<div class=\"\">\n<div id=\"\" class=\"\">\n<p>&nbsp;<\/p>\n<ul>\n<li>Materiale: acciaio Cor-Ten da 2 mm<\/li>\n<li>Diametro 60 cm<\/li>\n<li>Altezza 58cm<\/li>\n<li>Peso: 18 kg<\/li>\n<li>Fori di drenaggio sul fondo<\/li>\n<li>Il set comprende bulloni M8 (DIN912) da installare sotto il fondo. Il vaso da fiori poggia a terra sulle teste dei bulloni, creando uno spazio d&#8217;aria di 8 mm tra il fondo e il terreno duro. <\/li>\n<li>Le gambe sono disponibili come accessorio extra. Permettono di sollevare e spostare la seminatrice con un carrello elevatore (SKU: PLS-1) <\/li>\n<li>La fioriera viene consegnata come pezzi, tempo di montaggio approssimativo 15 min.<\/li>\n<\/ul>\n<p>&nbsp;<\/p>\n<p>NB! La Fioriera \u00e8 realizzato a mano, quindi \u00e8 possibile che si verifichino lievi irregolarit\u00e0 nei punti di saldatura del prodotto senza uno strato di ruggine. Tuttavia, con la formazione dello strato di ruggine Cor-Ten, le irregolarit\u00e0 si attenuano. <\/p>\n<\/div>\n<\/div>\n<div class=\"\">\n<div id=\"\" class=\"\">\n<p>NB! I prodotti in acciaio Cor-Ten vengono forniti non trattati. Quando \u00e8 nuovo, l&#8217;acciaio Cor-Ten \u00e8 di colore grigio come il solito acciaio laminato a caldo. Puoi trovare le istruzioni per il condimento sul nostro sito web o scansionarle direttamente dal prodotto. I prodotti in acciaio Cor-Ten possono essere conservati all&#8217;aperto tutto l&#8217;anno. Non necessita di stoccaggio.<\/p>\n<p>&nbsp;<\/p>\n<h5><a href=\"https:\/\/www.grillsymbol.com\/instructions\/cor-ten-steel-products-seasoning-instructions\/\" target=\"_blank\" rel=\"noopener\">Guarda qui: Istruzioni per la stagionatura dei prodotti in acciaio Cor-Ten<\/a><\/h5>\n<p>&nbsp;<\/p>\n<\/div>\n<\/div>\n","protected":false},"excerpt":{"rendered":"<p>Fioriera in acciaio corten Myy<\/p>\n<p>Design: Petteri Wiimaa<\/p>\n<p>Realizzato in acciaio Cor-Ten, che \u00e8 un acciaio al carbonio quasi puro ma lavorato in modo da avere uno strato protettivo sulla superficie per renderlo resistente alle intemperie. La superficie \u00e8 originariamente grigiastra, ma a causa delle condizioni atmosferiche diventa bruno-rossastra (simile al colore della ruggine) e si scurisce col tempo.<\/p>\n<p>Se usato correttamente, l&#8217;acciaio Cor-Ten \u00e8 espressivo, durevole e non richiede manutenzione e pu\u00f2 resistere alla prova del tempo in un modo tutto suo.<\/p>\n","protected":false},"featured_media":35054,"comment_status":"open","ping_status":"closed","template":"","meta":{"footnotes":""},"class_list":["post-35073","product","type-product","status-publish","has-post-thumbnail","hentry","product_cat-fioriere-in-acciaio-corten"],"_links":{"self":[{"href":"https:\/\/www.grillsymbol.com\/it\/wp-json\/wp\/v2\/product\/35073","targetHints":{"allow":["GET"]}}],"collection":[{"href":"https:\/\/www.grillsymbol.com\/it\/wp-json\/wp\/v2\/product"}],"about":[{"href":"https:\/\/www.grillsymbol.com\/it\/wp-json\/wp\/v2\/types\/product"}],"replies":[{"embeddable":true,"href":"https:\/\/www.grillsymbol.com\/it\/wp-json\/wp\/v2\/comments?post=35073"}],"version-history":[{"count":0,"href":"https:\/\/www.grillsymbol.com\/it\/wp-json\/wp\/v2\/product\/35073\/revisions"}],"wp:featuredmedia":[{"embeddable":true,"href":"https:\/\/www.grillsymbol.com\/it\/wp-json\/wp\/v2\/media\/35054"}],"wp:attachment":[{"href":"https:\/\/www.grillsymbol.com\/it\/wp-json\/wp\/v2\/media?parent=35073"}],"curies":[{"name":"wp","href":"https:\/\/api.w.org\/{rel}","templated":true}]}}