{"id":8437,"date":"2020-04-23T11:18:26","date_gmt":"2020-04-23T11:18:26","guid":{"rendered":"https:\/\/www.grillsymbol.com\/cor-ten-steel-products-seasoning-instructions\/"},"modified":"2021-09-09T07:44:57","modified_gmt":"2021-09-09T07:44:57","slug":"cor-ten-steel-products-seasoning-instructions","status":"publish","type":"page","link":"https:\/\/www.grillsymbol.com\/nl\/instructions\/cor-ten-steel-products-seasoning-instructions\/","title":{"rendered":"COR-TEN\u00ae Steel products seasoning instructions"},"content":{"rendered":"<p>Sie haben das Produkt von GrillSymbol oder Petteri Wiimaa erhalten und es sieht nicht wie<br \/>\nauf dem Bild aus? Keine Sorge, hier empfehlen wir Ihnen, wie Sie COR-TEN\u00ae so<br \/>\nbehandeln, dass es wie auf den Bildern aussieht.<\/p>\n<p><strong>Was ist COR-TEN\u00ae und SSAB Weatring Steel?<\/strong><\/p>\n<p>COR-TEN\u00ae ist Hochfest, struktureller Stahl mit au\u00dfergew\u00f6hnlicher Witterungswiderstand.<br \/>\nDie chemische Zusammensetzung des Stahls erm\u00f6glicht die Erzeugung einer Rostschicht,<br \/>\ndie die Produkte beschichtet, ohne die mechanischen Eigenschaften des Stahls zu<br \/>\nver\u00e4ndern. Diese Rostschicht, sch\u00fctzt nicht nur Stahlprodukte gegen die Elemente,<br \/>\nsondern liefert auch eine einzigartiges Finish, die die meisten Menschen in ihren Spuren<br \/>\nstoppt. Dar\u00fcber hinaus ist es auch umweltfreundlicher als herk\u00f6mmlicher Stahl.<\/p>\n<p><strong>Was ist zu tun?<\/strong><\/p>\n<p>Brandneu sieht COR-TEN\u00ae grau aus, wie der hei\u00df rollte traditionelle Stahl. Die Oberfl\u00e4che<br \/>\nist urspr\u00fcnglich r\u00f6tlich-braun (\u00e4hnelt der Farbe des R\u00f6sters), die nach der Zeit dunkler<br \/>\nwird.<\/p>\n<p>Es gibt zwei M\u00f6glichkeiten, wie Sie die Oberfl\u00e4che stauen k\u00f6nnen: Normaler Rostprozess<br \/>\noder Schnellversion.<\/p>\n<p><strong>Normaler Prozess ist einfach<\/strong>: Lassen Sie Ihr Cor-Ten\u00ae-Produkt<br \/>\ndrau\u00dfen, Regen und Luftfeuchtigkeit lassen es rosten. Wir haben Fl\u00e4chen mit<br \/>\nL\u00f6sungsmittel gereinigt, um Rost zu erzeugen. Abh\u00e4ngig von den Umst\u00e4nden, erscheint<br \/>\nder Rost in 1-3 Wochen.<\/p>\n<p>Schnelles Verfahren besteht darin, Salzsuspension auf die<br \/>\nMetalloberfl\u00e4chen zu spr\u00fchen. Sie sollten dies 5-6 Mal wiederholen. Die Suspension muss<br \/>\nschwach sein, etwa einen Teel\u00f6ffel Salz pro Liter Wasser. Salz in warmem Wasser aufl\u00f6sen<br \/>\nund Spr\u00fchen. Keine andere Behandlung ben\u00f6tigt, Regen w\u00e4scht das Salz ab.<br \/>\nWenn der COR-TEN-Stahl nass wird und austrocknet, wird die Rostschicht etwas dicker,<br \/>\nw\u00e4hrend der darunter liegende Vollstahl d\u00fcnner wird.<\/p>\n<p><strong>COR-TEN\u00ae Stahl und Flecken<\/strong>: Es f\u00e4rbt das erste Jahr, wenn es Rostschicht erzeugt. Wenn<br \/>\nSie COR-TEN\u00ae-Stahlprodukt auf einer Holzterrasse setzen, f\u00e4rbt er den Bereich unter dem<br \/>\nProdukt. Wenn Sie das Produkt bewegen, k\u00f6nnen Sie diesen Bereich mit Metallb\u00fcrste<br \/>\nreinigen. Wenn es um Steinfl\u00e4chen geht, absorbieren einige Steine alle Flecken und Cor-<br \/>\nTen\u00ae-Stahl kann den Steinen braune Farbe geben. Nach dem ersten Jahr f\u00e4rbt Cor-Ten\u00ae<br \/>\nganz wenig.<\/p>\n<p>Cor-Ten\u00aeSteel-Produkte k\u00f6nnen 365 Tage im Jahr nach drau\u00dfen halten. Keine<br \/>\nSpeicherung erforderlich.<\/p>\n","protected":false},"excerpt":{"rendered":"<p>Sie haben das Produkt von GrillSymbol oder Petteri Wiimaa erhalten und es sieht nicht wie auf dem Bild aus? Keine Sorge, hier empfehlen wir Ihnen, wie Sie COR-TEN\u00ae so behandeln, dass es wie auf den Bildern aussieht. Was ist COR-TEN\u00ae und SSAB Weatring Steel? COR-TEN\u00ae ist Hochfest, struktureller Stahl mit au\u00dfergew\u00f6hnlicher Witterungswiderstand. Die chemische Zusammensetzung [&hellip;]<\/p>\n","protected":false},"author":1,"featured_media":0,"parent":8507,"menu_order":0,"comment_status":"closed","ping_status":"closed","template":"","meta":{"footnotes":""},"class_list":["post-8437","page","type-page","status-publish","hentry"],"_links":{"self":[{"href":"https:\/\/www.grillsymbol.com\/nl\/wp-json\/wp\/v2\/pages\/8437","targetHints":{"allow":["GET"]}}],"collection":[{"href":"https:\/\/www.grillsymbol.com\/nl\/wp-json\/wp\/v2\/pages"}],"about":[{"href":"https:\/\/www.grillsymbol.com\/nl\/wp-json\/wp\/v2\/types\/page"}],"author":[{"embeddable":true,"href":"https:\/\/www.grillsymbol.com\/nl\/wp-json\/wp\/v2\/users\/1"}],"replies":[{"embeddable":true,"href":"https:\/\/www.grillsymbol.com\/nl\/wp-json\/wp\/v2\/comments?post=8437"}],"version-history":[{"count":0,"href":"https:\/\/www.grillsymbol.com\/nl\/wp-json\/wp\/v2\/pages\/8437\/revisions"}],"up":[{"embeddable":true,"href":"https:\/\/www.grillsymbol.com\/nl\/wp-json\/wp\/v2\/pages\/8507"}],"wp:attachment":[{"href":"https:\/\/www.grillsymbol.com\/nl\/wp-json\/wp\/v2\/media?parent=8437"}],"curies":[{"name":"wp","href":"https:\/\/api.w.org\/{rel}","templated":true}]}}